{"id":18031,"date":"2026-02-27T00:37:47","date_gmt":"2026-02-27T00:37:47","guid":{"rendered":"https:\/\/nordicmart.andreevmaster.com\/product\/feandrea-kattklattertrad-med-kattlada\/"},"modified":"2026-02-27T08:26:47","modified_gmt":"2026-02-27T08:26:47","slug":"feandrea-kattklattertrad-med-kattlada","status":"publish","type":"product","link":"https:\/\/nordicmart.andreevmaster.com\/sv\/produkt\/feandrea-kattklattertrad-med-kattlada\/","title":{"rendered":"Feandrea kattkl\u00e4ttertr\u00e4d med kattl\u00e5da"},"content":{"rendered":"<p>F\u00e4rg: Greige<br \/>\nMaterial: Sp\u00e5nskiva, 500 g\/m\u00b2 plysch, sisal<br \/>\nStorlek: 60 x 52 x 185 cm (L x B x H)<br \/>\nVikt: 28,7 kg<\/p>\n","protected":false},"excerpt":{"rendered":"<p>F\u00e4rg: Greige Material: Sp\u00e5nskiva, 500 g\/m\u00b2 plysch, sisal Storlek: 60 x 52 x 185 cm (L x B x H) Vikt: 28,7 kg<\/p>\n","protected":false},"featured_media":0,"comment_status":"open","ping_status":"closed","template":"","meta":[],"product_brand":[],"product_cat":[33],"product_tag":[],"class_list":{"0":"post-18031","1":"product","2":"type-product","3":"status-publish","5":"product_cat-okategoriserad","7":"first","8":"instock","9":"shipping-taxable","10":"purchasable","11":"product-type-simple"},"_links":{"self":[{"href":"https:\/\/nordicmart.andreevmaster.com\/sv\/wp-json\/wp\/v2\/product\/18031","targetHints":{"allow":["GET"]}}],"collection":[{"href":"https:\/\/nordicmart.andreevmaster.com\/sv\/wp-json\/wp\/v2\/product"}],"about":[{"href":"https:\/\/nordicmart.andreevmaster.com\/sv\/wp-json\/wp\/v2\/types\/product"}],"replies":[{"embeddable":true,"href":"https:\/\/nordicmart.andreevmaster.com\/sv\/wp-json\/wp\/v2\/comments?post=18031"}],"wp:attachment":[{"href":"https:\/\/nordicmart.andreevmaster.com\/sv\/wp-json\/wp\/v2\/media?parent=18031"}],"wp:term":[{"taxonomy":"product_brand","embeddable":true,"href":"https:\/\/nordicmart.andreevmaster.com\/sv\/wp-json\/wp\/v2\/product_brand?post=18031"},{"taxonomy":"product_cat","embeddable":true,"href":"https:\/\/nordicmart.andreevmaster.com\/sv\/wp-json\/wp\/v2\/product_cat?post=18031"},{"taxonomy":"product_tag","embeddable":true,"href":"https:\/\/nordicmart.andreevmaster.com\/sv\/wp-json\/wp\/v2\/product_tag?post=18031"}],"curies":[{"name":"wp","href":"https:\/\/api.w.org\/{rel}","templated":true}]}}