{"id":18029,"date":"2026-02-27T00:37:47","date_gmt":"2026-02-27T00:37:47","guid":{"rendered":"https:\/\/nordicmart.andreevmaster.com\/product\/feandrea-2-i-1-modern-kattklosstang\/"},"modified":"2026-02-27T08:26:47","modified_gmt":"2026-02-27T08:26:47","slug":"feandrea-2-i-1-modern-kattklosstang","status":"publish","type":"product","link":"https:\/\/nordicmart.andreevmaster.com\/sv\/produkt\/feandrea-2-i-1-modern-kattklosstang\/","title":{"rendered":"Feandrea 2-i-1 modern kattkl\u00f6sst\u00e5ng"},"content":{"rendered":"<p>Feandrea WoodyWonders kl\u00f6sst\u00e5ng med kattl\u00e5da, 2-i-1 modern kattst\u00e5ng, 134 cm, med Croomer, kl\u00f6sstolpar, plattform, tv\u00e4ttbara kuddar, greige PCT115G01<br \/>\nF\u00e4rg: Greige<br \/>\nMaterial: sp\u00e5nskiva, 500 g\/m\u00b2 plysch, sisal<br \/>\nStorlek: 52 x 52 x 134 cm (L x B x H)<br \/>\nVikt: 16,2 kg<\/p>\n","protected":false},"excerpt":{"rendered":"<p>Feandrea WoodyWonders kl\u00f6sst\u00e5ng med kattl\u00e5da, 2-i-1 modern kattst\u00e5ng, 134 cm, med Croomer, kl\u00f6sstolpar, plattform, tv\u00e4ttbara kuddar, greige PCT115G01<\/p>\n","protected":false},"featured_media":46687,"comment_status":"open","ping_status":"closed","template":"","meta":[],"product_brand":[],"product_cat":[33],"product_tag":[],"class_list":{"0":"post-18029","1":"product","2":"type-product","3":"status-publish","4":"has-post-thumbnail","6":"product_cat-okategoriserad","8":"first","9":"instock","10":"shipping-taxable","11":"purchasable","12":"product-type-simple"},"_links":{"self":[{"href":"https:\/\/nordicmart.andreevmaster.com\/sv\/wp-json\/wp\/v2\/product\/18029","targetHints":{"allow":["GET"]}}],"collection":[{"href":"https:\/\/nordicmart.andreevmaster.com\/sv\/wp-json\/wp\/v2\/product"}],"about":[{"href":"https:\/\/nordicmart.andreevmaster.com\/sv\/wp-json\/wp\/v2\/types\/product"}],"replies":[{"embeddable":true,"href":"https:\/\/nordicmart.andreevmaster.com\/sv\/wp-json\/wp\/v2\/comments?post=18029"}],"wp:featuredmedia":[{"embeddable":true,"href":"https:\/\/nordicmart.andreevmaster.com\/sv\/wp-json\/wp\/v2\/media\/46687"}],"wp:attachment":[{"href":"https:\/\/nordicmart.andreevmaster.com\/sv\/wp-json\/wp\/v2\/media?parent=18029"}],"wp:term":[{"taxonomy":"product_brand","embeddable":true,"href":"https:\/\/nordicmart.andreevmaster.com\/sv\/wp-json\/wp\/v2\/product_brand?post=18029"},{"taxonomy":"product_cat","embeddable":true,"href":"https:\/\/nordicmart.andreevmaster.com\/sv\/wp-json\/wp\/v2\/product_cat?post=18029"},{"taxonomy":"product_tag","embeddable":true,"href":"https:\/\/nordicmart.andreevmaster.com\/sv\/wp-json\/wp\/v2\/product_tag?post=18029"}],"curies":[{"name":"wp","href":"https:\/\/api.w.org\/{rel}","templated":true}]}}