{"id":18028,"date":"2026-02-27T00:37:46","date_gmt":"2026-02-27T00:37:46","guid":{"rendered":"https:\/\/nordicmart.andreevmaster.com\/product\/feandrea-klosstativ-med-kattlada\/"},"modified":"2026-02-27T08:26:46","modified_gmt":"2026-02-27T08:26:46","slug":"feandrea-klosstativ-med-kattlada","status":"publish","type":"product","link":"https:\/\/nordicmart.andreevmaster.com\/sv\/produkt\/feandrea-klosstativ-med-kattlada\/","title":{"rendered":"Feandrea kl\u00f6sstativ med kattl\u00e5da"},"content":{"rendered":"<p>Varf\u00f6r ska du v\u00e4lja denna multifunktionella 2-i-1-klipptr\u00e4d? &#8211; Allt i ett: leka, slumra, kl\u00f6sa, g\u00f6ra sina behov&#8230; Dina katter kan tillbringa hela dagen h\u00e4r. &#8211; Komfort p\u00e5 sjunde himlen: plattformen, korgen och kuddarna av 500 g\/m\u00b2 plysch \u00e4r fluffiga och mjuka och erbjuder lyxig komfort. &#8211; S\u00e4ker och trygg: Med ett tippskydd kan du f\u00e4sta kl\u00f6sstammen f\u00f6r katter p\u00e5 v\u00e4ggen s\u00e5 att alla \u00e4r s\u00e4kra. &#8211; Enkel reng\u00f6ring: Kuddar \u00e4r avtagbara och tv\u00e4ttbara, och den fanerade ytan \u00e4r l\u00e4tt att reng\u00f6ra. &#8211; Spara utrymme: 2-i-1-designen passar \u00e4ven i sm\u00e5 utrymmen. &#8211; H\u00e5ller ditt hem rent: Sk\u00e5pet f\u00f6r katttoaletten d\u00f6ljer smuts, minskar lukten och f\u00f6rhindrar att kattstr\u00f6 faller ut. Produktdetaljer:- F\u00e4rg: Vintagebrun &#8211; Material: Sp\u00e5nskiva, 500 g\/m\u00b2 plysch, sisal &#8211; Produktstorlek: 57,5 x 50 x 140 cm (L x B x H) &#8211; Produktvikt: 18,4 kg Leveransomfattning:- 1 x 2-i-1-kl\u00f6sst\u00e5ng &#8211; 1 x tillbeh\u00f6rspaket &#8211; 1 x tippskydd &#8211; 1 x bruksanvisning FEANDREA Anm\u00e4rkningar: &#8211; F\u00e4st alltid produkten p\u00e5 v\u00e4ggen med det medf\u00f6ljande tippskyddet f\u00f6r att anv\u00e4nda den p\u00e5 ett s\u00e4kert s\u00e4tt.<\/p>\n","protected":false},"excerpt":{"rendered":"<p>Feandrea kl\u00e4ttertr\u00e4d med katttoalett, kattkl\u00e4ttertr\u00e4d, vintagebrunt PCT113X01<\/p>\n","protected":false},"featured_media":0,"comment_status":"open","ping_status":"closed","template":"","meta":[],"product_brand":[],"product_cat":[33],"product_tag":[],"class_list":{"0":"post-18028","1":"product","2":"type-product","3":"status-publish","5":"product_cat-okategoriserad","7":"first","8":"instock","9":"shipping-taxable","10":"purchasable","11":"product-type-simple"},"_links":{"self":[{"href":"https:\/\/nordicmart.andreevmaster.com\/sv\/wp-json\/wp\/v2\/product\/18028","targetHints":{"allow":["GET"]}}],"collection":[{"href":"https:\/\/nordicmart.andreevmaster.com\/sv\/wp-json\/wp\/v2\/product"}],"about":[{"href":"https:\/\/nordicmart.andreevmaster.com\/sv\/wp-json\/wp\/v2\/types\/product"}],"replies":[{"embeddable":true,"href":"https:\/\/nordicmart.andreevmaster.com\/sv\/wp-json\/wp\/v2\/comments?post=18028"}],"wp:attachment":[{"href":"https:\/\/nordicmart.andreevmaster.com\/sv\/wp-json\/wp\/v2\/media?parent=18028"}],"wp:term":[{"taxonomy":"product_brand","embeddable":true,"href":"https:\/\/nordicmart.andreevmaster.com\/sv\/wp-json\/wp\/v2\/product_brand?post=18028"},{"taxonomy":"product_cat","embeddable":true,"href":"https:\/\/nordicmart.andreevmaster.com\/sv\/wp-json\/wp\/v2\/product_cat?post=18028"},{"taxonomy":"product_tag","embeddable":true,"href":"https:\/\/nordicmart.andreevmaster.com\/sv\/wp-json\/wp\/v2\/product_tag?post=18028"}],"curies":[{"name":"wp","href":"https:\/\/api.w.org\/{rel}","templated":true}]}}