{"id":18022,"date":"2026-02-27T00:37:44","date_gmt":"2026-02-27T00:37:44","guid":{"rendered":"https:\/\/nordicmart.andreevmaster.com\/product\/feandrea-kattklattertrad-takhogt-ljusgratt\/"},"modified":"2026-02-27T08:26:45","modified_gmt":"2026-02-27T08:26:45","slug":"feandrea-kattklattertrad-takhogt-ljusgratt","status":"publish","type":"product","link":"https:\/\/nordicmart.andreevmaster.com\/sv\/produkt\/feandrea-kattklattertrad-takhogt-ljusgratt\/","title":{"rendered":"Feandrea kattkl\u00e4ttertr\u00e4d takh\u00f6gt ljusgr\u00e5tt"},"content":{"rendered":"<p>I FEANDREAs kreativa verkst\u00e4der hoppar tv\u00e5 s\u00f6ta kattungar runt och granskar alla kl\u00f6sstr\u00e5n personligen och ger sin djuriska feedback. P\u00e5 s\u00e5 s\u00e4tt f\u00e5r FEANDREAs designers f\u00f6rstahandsinformation, eller snarare f\u00f6rstapawinformation, om produkterna uppfyller kraven fr\u00e5n de bortsk\u00e4mda morrh\u00e5riga v\u00e4nnerna. H\u00f6jdpunkterna i detta kl\u00f6sstr\u00e5 i korthet:Ett takh\u00f6gt design f\u00f6r katter som \u00e4lskar h\u00f6ga rum Justerbar h\u00f6jd (2,4 till 2,6 m) f\u00f6r olika takh\u00f6jder 2 bekv\u00e4ma mysgrottor f\u00f6r blyga kattungar 2 mjuka liggplatser f\u00f6r bekv\u00e4ma latmaskar Kl\u00f6sbr\u00e4da och pelare f\u00f6r att r\u00e4dda din soffa fr\u00e5n klorna Trappstegsliknande arrangemang f\u00f6r l\u00e4tt upp-och nedstigning. F\u00f6rst\u00e4rkt fundament av sp\u00e5nskiva f\u00f6r \u00f6kad stabilitet. Produktdetaljer:F\u00e4rg: Ljusgr\u00e5 Material: Sp\u00e5nskiva, plysch, sisal Storlek: 60 x 45 x (240-260) cm (L x B x H) Vikt: 18,2 kg Leveransomfattning: 1 x kl\u00f6sst\u00e5ng 1 x tippskydd 1 x bruksanvisning (DE, EN, FR, ES, IT) FEANDREA Anm\u00e4rkningar:Om kattgrottan skadas, reparera eller byt ut den i tid f\u00f6r att undvika skador fr\u00e5n skadade delar.<\/p>\n","protected":false},"excerpt":{"rendered":"<p>Feandrea kl\u00e4ttertr\u00e4d, kattkl\u00e4ttertr\u00e4d, takh\u00f6gt, 2,4\u20132,6 m, ljusgr\u00e5tt PCT110W01<\/p>\n","protected":false},"featured_media":45110,"comment_status":"open","ping_status":"closed","template":"","meta":[],"product_brand":[],"product_cat":[33],"product_tag":[],"class_list":{"0":"post-18022","1":"product","2":"type-product","3":"status-publish","4":"has-post-thumbnail","6":"product_cat-okategoriserad","8":"first","9":"instock","10":"shipping-taxable","11":"purchasable","12":"product-type-simple"},"_links":{"self":[{"href":"https:\/\/nordicmart.andreevmaster.com\/sv\/wp-json\/wp\/v2\/product\/18022","targetHints":{"allow":["GET"]}}],"collection":[{"href":"https:\/\/nordicmart.andreevmaster.com\/sv\/wp-json\/wp\/v2\/product"}],"about":[{"href":"https:\/\/nordicmart.andreevmaster.com\/sv\/wp-json\/wp\/v2\/types\/product"}],"replies":[{"embeddable":true,"href":"https:\/\/nordicmart.andreevmaster.com\/sv\/wp-json\/wp\/v2\/comments?post=18022"}],"wp:featuredmedia":[{"embeddable":true,"href":"https:\/\/nordicmart.andreevmaster.com\/sv\/wp-json\/wp\/v2\/media\/45110"}],"wp:attachment":[{"href":"https:\/\/nordicmart.andreevmaster.com\/sv\/wp-json\/wp\/v2\/media?parent=18022"}],"wp:term":[{"taxonomy":"product_brand","embeddable":true,"href":"https:\/\/nordicmart.andreevmaster.com\/sv\/wp-json\/wp\/v2\/product_brand?post=18022"},{"taxonomy":"product_cat","embeddable":true,"href":"https:\/\/nordicmart.andreevmaster.com\/sv\/wp-json\/wp\/v2\/product_cat?post=18022"},{"taxonomy":"product_tag","embeddable":true,"href":"https:\/\/nordicmart.andreevmaster.com\/sv\/wp-json\/wp\/v2\/product_tag?post=18022"}],"curies":[{"name":"wp","href":"https:\/\/api.w.org\/{rel}","templated":true}]}}