{"id":18018,"date":"2026-02-27T00:37:43","date_gmt":"2026-02-27T00:37:43","guid":{"rendered":"https:\/\/nordicmart.andreevmaster.com\/product\/feandrea-kattklattertrad-125-cm-med-klosbrada\/"},"modified":"2026-02-27T08:26:44","modified_gmt":"2026-02-27T08:26:44","slug":"feandrea-kattklattertrad-125-cm-med-klosbrada","status":"publish","type":"product","link":"https:\/\/nordicmart.andreevmaster.com\/sv\/produkt\/feandrea-kattklattertrad-125-cm-med-klosbrada\/","title":{"rendered":"Feandrea kattkl\u00e4ttertr\u00e4d 125 cm med kl\u00f6sbr\u00e4da"},"content":{"rendered":"<p>I FEANDREAs kreativa verkst\u00e4der hoppar tv\u00e5 s\u00f6ta kattungar runt och granskar alla kl\u00f6sst\u00e4nger personligen och ger sin djuriska feedback. P\u00e5 s\u00e5 s\u00e4tt f\u00e5r FEANDREAs designers f\u00f6rstahandsinformation, eller snarare f\u00f6rstapawinformation, om produkterna uppfyller kraven fr\u00e5n de bortsk\u00e4mda morrh\u00e5riga v\u00e4nnerna.H\u00f6jdpunkterna i detta kl\u00f6sbord i korthet: 2 v\u00e4lstoppade utsiktsplattformar f\u00f6r observation 1 bekv\u00e4m mysgrotta f\u00f6r att g\u00f6mma sig och ta en tupplur 1 kl\u00f6sbr\u00e4da f\u00f6r att v\u00e4ssa klorna ist\u00e4llet f\u00f6r p\u00e5 soffan 1 p\u00e4lsboll f\u00f6r extra kul Mjuk plyschkl\u00e4dsel, lika mjuk som en kram Produktdetaljer:F\u00e4rg: R\u00f6kgr\u00e5 Material: Sp\u00e5nskiva, plysch, sisal Storlek: 55 x 50 x 125 cm (L x B x H) Vikt: 19,7 kg Leveransomfattning: 1 x kl\u00f6sst\u00e5ng 1 x tippskydd 1 x tillbeh\u00f6rspaket 1 x bruksanvisning (DE, EN, FR, ES, IT) FEANDREA Anm\u00e4rkningar:Om dina katter tuggar p\u00e5 p\u00e4lsbollen eller gummibandet, ta bort leksaken omedelbart och f\u00f6rvara den p\u00e5 en plats som \u00e4r o\u00e5tkomlig f\u00f6r din katt. Om kattgrottan skadas, reparera eller byt ut den i tid f\u00f6r att undvika skador fr\u00e5n skadade delar.<\/p>\n","protected":false},"excerpt":{"rendered":"<p>Feandrea kl\u00f6sst\u00e5ng, kattkl\u00f6sst\u00e5ng med kl\u00f6sbr\u00e4da, 125 cm, ljusgr\u00e5 PCT103W01<\/p>\n","protected":false},"featured_media":45106,"comment_status":"open","ping_status":"closed","template":"","meta":[],"product_brand":[],"product_cat":[33],"product_tag":[],"class_list":{"0":"post-18018","1":"product","2":"type-product","3":"status-publish","4":"has-post-thumbnail","6":"product_cat-okategoriserad","8":"first","9":"instock","10":"shipping-taxable","11":"purchasable","12":"product-type-simple"},"_links":{"self":[{"href":"https:\/\/nordicmart.andreevmaster.com\/sv\/wp-json\/wp\/v2\/product\/18018","targetHints":{"allow":["GET"]}}],"collection":[{"href":"https:\/\/nordicmart.andreevmaster.com\/sv\/wp-json\/wp\/v2\/product"}],"about":[{"href":"https:\/\/nordicmart.andreevmaster.com\/sv\/wp-json\/wp\/v2\/types\/product"}],"replies":[{"embeddable":true,"href":"https:\/\/nordicmart.andreevmaster.com\/sv\/wp-json\/wp\/v2\/comments?post=18018"}],"wp:featuredmedia":[{"embeddable":true,"href":"https:\/\/nordicmart.andreevmaster.com\/sv\/wp-json\/wp\/v2\/media\/45106"}],"wp:attachment":[{"href":"https:\/\/nordicmart.andreevmaster.com\/sv\/wp-json\/wp\/v2\/media?parent=18018"}],"wp:term":[{"taxonomy":"product_brand","embeddable":true,"href":"https:\/\/nordicmart.andreevmaster.com\/sv\/wp-json\/wp\/v2\/product_brand?post=18018"},{"taxonomy":"product_cat","embeddable":true,"href":"https:\/\/nordicmart.andreevmaster.com\/sv\/wp-json\/wp\/v2\/product_cat?post=18018"},{"taxonomy":"product_tag","embeddable":true,"href":"https:\/\/nordicmart.andreevmaster.com\/sv\/wp-json\/wp\/v2\/product_tag?post=18018"}],"curies":[{"name":"wp","href":"https:\/\/api.w.org\/{rel}","templated":true}]}}