{"id":18015,"date":"2026-02-27T00:37:42","date_gmt":"2026-02-27T00:37:42","guid":{"rendered":"https:\/\/nordicmart.andreevmaster.com\/product\/feandrea-klosstativ-rokgra\/"},"modified":"2026-02-27T08:26:44","modified_gmt":"2026-02-27T08:26:44","slug":"feandrea-klosstativ-rokgra","status":"publish","type":"product","link":"https:\/\/nordicmart.andreevmaster.com\/sv\/produkt\/feandrea-klosstativ-rokgra\/","title":{"rendered":"Feandrea kl\u00f6sstativ r\u00f6kgr\u00e5"},"content":{"rendered":"<p>I FEANDREAs kreativa verkst\u00e4der hoppar tv\u00e5 s\u00f6ta kattungar runt och granskar alla kl\u00f6sst\u00e4nger personligen och ger sin djuriska feedback. P\u00e5 s\u00e5 s\u00e4tt f\u00e5r FEANDREAs designers f\u00f6rstahandsinformation, eller snarare f\u00f6rstapawinformation, om produkterna uppfyller kraven fr\u00e5n de bortsk\u00e4mda morrh\u00e5riga v\u00e4nnerna. H\u00f6jdpunkterna i detta kl\u00f6sbord i korthet: &#8211; Rymligt; plats f\u00f6r 2 katter som vardera v\u00e4ger h\u00f6gst 7 kg &#8211; 2 v\u00e4lstoppade utsiktsplattformar med upph\u00f6jda kanter f\u00f6r avkoppling &#8211; Bekv\u00e4m mysgrotta f\u00f6r att leka kurrag\u00f6mma och koppla av &#8211; Stabil liggkorg och h\u00e4ngmatta f\u00f6r en tupplur &#8211; Tr\u00e4f\u00f6rst\u00e4rkt bas och tippskydd f\u00f6r \u00f6kad stabilitet och s\u00e4kerhet &#8211; 3 avtagbara stavar med p\u00e4lsbollar och en leksaksrep f\u00f6r extra kul &#8211; \u00d6verdrag av slitstarkt, mjukt plysch  Produktdetaljer: &#8211; F\u00e4rg: R\u00f6kgr\u00e5 &#8211; Material: Sp\u00e5nskiva, plysch, sisal &#8211; Storlek: 50 x 50 x 164 cm (L x B x H) &#8211; Vikt: 18 kg Leveransomfattning: &#8211; 1 x kl\u00f6sst\u00e5ng &#8211; 1 x tippskydd &#8211; 1 x monteringsutrustning &#8211; 1 x bruksanvisning (DE, EN, FR, ES, IT) FEANDREA Anm\u00e4rkningar:- Om den mysiga grottan eller \u00f6verdraget skulle vara skadat, v\u00e4nligen kontakta omedelbart v\u00e5r kundtj\u00e4nst f\u00f6r att f\u00e5 ers\u00e4ttning eller hitta en annan l\u00f6sning, s\u00e5 att skador p\u00e5 grund av skadade delar kan undvikas. &#8211; Ta bort p\u00e4lsbollarna omedelbart om din katt tuggar p\u00e5 dem.<\/p>\n","protected":false},"excerpt":{"rendered":"<p>Feandrea kl\u00f6sst\u00e5ng PCT087G01<\/p>\n","protected":false},"featured_media":0,"comment_status":"open","ping_status":"closed","template":"","meta":[],"product_brand":[],"product_cat":[33],"product_tag":[],"class_list":{"0":"post-18015","1":"product","2":"type-product","3":"status-publish","5":"product_cat-okategoriserad","7":"first","8":"instock","9":"shipping-taxable","10":"purchasable","11":"product-type-simple"},"_links":{"self":[{"href":"https:\/\/nordicmart.andreevmaster.com\/sv\/wp-json\/wp\/v2\/product\/18015","targetHints":{"allow":["GET"]}}],"collection":[{"href":"https:\/\/nordicmart.andreevmaster.com\/sv\/wp-json\/wp\/v2\/product"}],"about":[{"href":"https:\/\/nordicmart.andreevmaster.com\/sv\/wp-json\/wp\/v2\/types\/product"}],"replies":[{"embeddable":true,"href":"https:\/\/nordicmart.andreevmaster.com\/sv\/wp-json\/wp\/v2\/comments?post=18015"}],"wp:attachment":[{"href":"https:\/\/nordicmart.andreevmaster.com\/sv\/wp-json\/wp\/v2\/media?parent=18015"}],"wp:term":[{"taxonomy":"product_brand","embeddable":true,"href":"https:\/\/nordicmart.andreevmaster.com\/sv\/wp-json\/wp\/v2\/product_brand?post=18015"},{"taxonomy":"product_cat","embeddable":true,"href":"https:\/\/nordicmart.andreevmaster.com\/sv\/wp-json\/wp\/v2\/product_cat?post=18015"},{"taxonomy":"product_tag","embeddable":true,"href":"https:\/\/nordicmart.andreevmaster.com\/sv\/wp-json\/wp\/v2\/product_tag?post=18015"}],"curies":[{"name":"wp","href":"https:\/\/api.w.org\/{rel}","templated":true}]}}