{"id":18014,"date":"2026-02-27T00:37:42","date_gmt":"2026-02-27T00:37:42","guid":{"rendered":"https:\/\/nordicmart.andreevmaster.com\/product\/feandrea-klattertrad-stort-xl-kattklattertrad-beige\/"},"modified":"2026-02-27T08:26:43","modified_gmt":"2026-02-27T08:26:43","slug":"feandrea-klattertrad-stort-xl-kattklattertrad-beige","status":"publish","type":"product","link":"https:\/\/nordicmart.andreevmaster.com\/sv\/produkt\/feandrea-klattertrad-stort-xl-kattklattertrad-beige\/","title":{"rendered":"Feandrea kl\u00e4ttertr\u00e4d stort XL kattkl\u00e4ttertr\u00e4d beige"},"content":{"rendered":"<p>I FEANDREAs kreativa verkst\u00e4der hoppar tv\u00e5 s\u00f6ta kattungar runt och granskar alla kl\u00f6sstr\u00e5n personligen och ger sin djuriska feedback. P\u00e5 s\u00e5 s\u00e4tt f\u00e5r FEANDREAs designers f\u00f6rstahandsinformation, eller snarare f\u00f6rstapawinformation, om produkterna uppfyller kraven fr\u00e5n de bortsk\u00e4mda morrh\u00e5riga v\u00e4nnerna. Kattungarna \u00f6vertygades framf\u00f6r allt av f\u00f6ljande h\u00f6jdpunkter hos kl\u00f6sstammen: &#8211; H\u00f6g stabilitet; har en dubbelt f\u00f6rst\u00e4rkt bottenplatta &#8211; Robusta stammar, helt omlindade med sisal &#8211; Extra stor; l\u00e4mplig f\u00f6r flera katter eller muskul\u00f6sa hankatter &#8211; Kl\u00e4dd med fluffig plysch &#8211; Utrustad med kattgrotta, h\u00e4ngmatta och 2 liggplatser &#8211; Kattgrotta tillverkad av tr\u00e4baserat material &#8211; Vadderad utsiktsplattform Produktdetaljer: &#8211; F\u00e4rg: Beige &#8211; Material: MDF (medeldensitetsfiberplatta), plysch, sisal &#8211; Storlek: 55 x 55 x 153 cm (L x B x H) \u2013 Vikt: 31 kg Leveransomfattning: \u2013 1 x kl\u00f6sst\u00e5ng \u2013 1 x bruksanvisning (DE, EN, FR, ES, IT) FEANDREA ANM\u00c4RKNINGAR: \u2013 Denna produkt levereras i 2 paket.<\/p>\n","protected":false},"excerpt":{"rendered":"<p>Feandrea kl\u00e4ttertr\u00e4d stort, XL kattkl\u00e4ttertr\u00e4d, 55 x 55 x 153 cm, beige PCT07M<\/p>\n","protected":false},"featured_media":45104,"comment_status":"open","ping_status":"closed","template":"","meta":[],"product_brand":[],"product_cat":[33],"product_tag":[],"class_list":{"0":"post-18014","1":"product","2":"type-product","3":"status-publish","4":"has-post-thumbnail","6":"product_cat-okategoriserad","8":"first","9":"instock","10":"shipping-taxable","11":"purchasable","12":"product-type-simple"},"_links":{"self":[{"href":"https:\/\/nordicmart.andreevmaster.com\/sv\/wp-json\/wp\/v2\/product\/18014","targetHints":{"allow":["GET"]}}],"collection":[{"href":"https:\/\/nordicmart.andreevmaster.com\/sv\/wp-json\/wp\/v2\/product"}],"about":[{"href":"https:\/\/nordicmart.andreevmaster.com\/sv\/wp-json\/wp\/v2\/types\/product"}],"replies":[{"embeddable":true,"href":"https:\/\/nordicmart.andreevmaster.com\/sv\/wp-json\/wp\/v2\/comments?post=18014"}],"wp:featuredmedia":[{"embeddable":true,"href":"https:\/\/nordicmart.andreevmaster.com\/sv\/wp-json\/wp\/v2\/media\/45104"}],"wp:attachment":[{"href":"https:\/\/nordicmart.andreevmaster.com\/sv\/wp-json\/wp\/v2\/media?parent=18014"}],"wp:term":[{"taxonomy":"product_brand","embeddable":true,"href":"https:\/\/nordicmart.andreevmaster.com\/sv\/wp-json\/wp\/v2\/product_brand?post=18014"},{"taxonomy":"product_cat","embeddable":true,"href":"https:\/\/nordicmart.andreevmaster.com\/sv\/wp-json\/wp\/v2\/product_cat?post=18014"},{"taxonomy":"product_tag","embeddable":true,"href":"https:\/\/nordicmart.andreevmaster.com\/sv\/wp-json\/wp\/v2\/product_tag?post=18014"}],"curies":[{"name":"wp","href":"https:\/\/api.w.org\/{rel}","templated":true}]}}