{"id":18013,"date":"2026-02-27T00:37:42","date_gmt":"2026-02-27T00:37:42","guid":{"rendered":"https:\/\/nordicmart.andreevmaster.com\/product\/feandrea-klattertrad-96-cm-hogt\/"},"modified":"2026-02-27T08:26:43","modified_gmt":"2026-02-27T08:26:43","slug":"feandrea-klattertrad-96-cm-hogt","status":"publish","type":"product","link":"https:\/\/nordicmart.andreevmaster.com\/sv\/produkt\/feandrea-klattertrad-96-cm-hogt\/","title":{"rendered":"Feandrea kl\u00e4ttertr\u00e4d 96 cm h\u00f6gt"},"content":{"rendered":"<p>I FEANDREAs kreativa verkst\u00e4der hoppar tv\u00e5 s\u00f6ta kattungar omkring, som personligen granskar alla kl\u00f6sst\u00e4nger och ger sin djuriska feedback. P\u00e5 s\u00e5 s\u00e4tt f\u00e5r FEANDREAs designers f\u00f6rstahandsinformation, eller snarare f\u00f6rstapawinformation, om produkterna uppfyller kraven fr\u00e5n de bortsk\u00e4mda morrh\u00e5riga v\u00e4nnerna. Kattkl\u00f6sarbetets f\u00f6rdelar i korthet: &#8211; 1 plattform f\u00f6r avkoppling &#8211; 1 bekv\u00e4m mysgrotta att g\u00f6mma sig i &#8211; 1 liggplats f\u00f6r en tupplur &#8211; Sisalomslagna stammar f\u00f6r att v\u00e4ssa klorna &#8211; \u00d6verdrag av slitstarkt, mjukt plysch Produktdetaljer: &#8211; F\u00e4rg: valn\u00f6tsf\u00e4rgad &#8211; Material: MDF (medeldensitetsfiberplatta), plysch, sisal &#8211; Storlek: 48 x 48 x 96 cm (L x B x H) &#8211; Vikt: 10,6 kg Leveransomfattning: &#8211; 1 x kl\u00f6sst\u00e5ng &#8211; 1 x tippskydd &#8211; 1 x tillbeh\u00f6rspaket &#8211; 1 x bruksanvisning (DE, EN, FR, ES, IT)<\/p>\n","protected":false},"excerpt":{"rendered":"<p>Feandrea kl\u00f6sst\u00e5ng, kattkl\u00f6sst\u00e5ng, h\u00f6jd 96 cm, valn\u00f6tsf\u00e4rgad PCT071H01<\/p>\n","protected":false},"featured_media":45103,"comment_status":"open","ping_status":"closed","template":"","meta":[],"product_brand":[],"product_cat":[33],"product_tag":[],"class_list":{"0":"post-18013","1":"product","2":"type-product","3":"status-publish","4":"has-post-thumbnail","6":"product_cat-okategoriserad","8":"first","9":"instock","10":"shipping-taxable","11":"purchasable","12":"product-type-simple"},"_links":{"self":[{"href":"https:\/\/nordicmart.andreevmaster.com\/sv\/wp-json\/wp\/v2\/product\/18013","targetHints":{"allow":["GET"]}}],"collection":[{"href":"https:\/\/nordicmart.andreevmaster.com\/sv\/wp-json\/wp\/v2\/product"}],"about":[{"href":"https:\/\/nordicmart.andreevmaster.com\/sv\/wp-json\/wp\/v2\/types\/product"}],"replies":[{"embeddable":true,"href":"https:\/\/nordicmart.andreevmaster.com\/sv\/wp-json\/wp\/v2\/comments?post=18013"}],"wp:featuredmedia":[{"embeddable":true,"href":"https:\/\/nordicmart.andreevmaster.com\/sv\/wp-json\/wp\/v2\/media\/45103"}],"wp:attachment":[{"href":"https:\/\/nordicmart.andreevmaster.com\/sv\/wp-json\/wp\/v2\/media?parent=18013"}],"wp:term":[{"taxonomy":"product_brand","embeddable":true,"href":"https:\/\/nordicmart.andreevmaster.com\/sv\/wp-json\/wp\/v2\/product_brand?post=18013"},{"taxonomy":"product_cat","embeddable":true,"href":"https:\/\/nordicmart.andreevmaster.com\/sv\/wp-json\/wp\/v2\/product_cat?post=18013"},{"taxonomy":"product_tag","embeddable":true,"href":"https:\/\/nordicmart.andreevmaster.com\/sv\/wp-json\/wp\/v2\/product_tag?post=18013"}],"curies":[{"name":"wp","href":"https:\/\/api.w.org\/{rel}","templated":true}]}}