{"id":18012,"date":"2026-02-27T00:37:41","date_gmt":"2026-02-27T00:37:41","guid":{"rendered":"https:\/\/nordicmart.andreevmaster.com\/product\/feandrea-klosstang-86-cm-med-grotta-och-pelare\/"},"modified":"2026-02-27T08:26:43","modified_gmt":"2026-02-27T08:26:43","slug":"feandrea-klosstang-86-cm-med-grotta-och-pelare","status":"publish","type":"product","link":"https:\/\/nordicmart.andreevmaster.com\/sv\/produkt\/feandrea-klosstang-86-cm-med-grotta-och-pelare\/","title":{"rendered":"Feandrea kl\u00f6sst\u00e5ng 86 cm med grotta och pelare"},"content":{"rendered":"<p>Feandrea kl\u00e4ttertr\u00e4d 88 cm, medelstort kl\u00e4ttertr\u00e4d f\u00f6r katter med 3 liggytor och grotta, kattm\u00f6bler av MDF med tr\u00e4fan\u00e9r, sisalstam, tv\u00e4ttbara \u00f6verdrag av imitationsp\u00e4ls, vintagebrunt, vitt PCT70HW<br \/>\nF\u00e4rg: molnvit<br \/>\nMaterial: sp\u00e5nskiva, 500 g\/m\u00b2 plysch, sisal<br \/>\nStorlek: 66 x 40 x 86 cm (L x B x H)<br \/>\nVikt: 14,8 kg<br \/>\nIdealt antal katter: \u2264 4 (var och en \u2264 7 kg)<\/p>\n","protected":false},"excerpt":{"rendered":"<p>Feandrea kl\u00e4ttertr\u00e4d 88 cm, medelstort kl\u00e4ttertr\u00e4d f\u00f6r katter med 3 liggytor och grotta, kattm\u00f6bler av MDF med tr\u00e4fan\u00e9r, sisalstam, tv\u00e4ttbara \u00f6verdrag av imitationsp\u00e4ls, vintagebrunt, vitt PCT70HW<\/p>\n","protected":false},"featured_media":0,"comment_status":"open","ping_status":"closed","template":"","meta":[],"product_brand":[],"product_cat":[33],"product_tag":[],"class_list":{"0":"post-18012","1":"product","2":"type-product","3":"status-publish","5":"product_cat-okategoriserad","7":"first","8":"instock","9":"shipping-taxable","10":"purchasable","11":"product-type-simple"},"_links":{"self":[{"href":"https:\/\/nordicmart.andreevmaster.com\/sv\/wp-json\/wp\/v2\/product\/18012","targetHints":{"allow":["GET"]}}],"collection":[{"href":"https:\/\/nordicmart.andreevmaster.com\/sv\/wp-json\/wp\/v2\/product"}],"about":[{"href":"https:\/\/nordicmart.andreevmaster.com\/sv\/wp-json\/wp\/v2\/types\/product"}],"replies":[{"embeddable":true,"href":"https:\/\/nordicmart.andreevmaster.com\/sv\/wp-json\/wp\/v2\/comments?post=18012"}],"wp:attachment":[{"href":"https:\/\/nordicmart.andreevmaster.com\/sv\/wp-json\/wp\/v2\/media?parent=18012"}],"wp:term":[{"taxonomy":"product_brand","embeddable":true,"href":"https:\/\/nordicmart.andreevmaster.com\/sv\/wp-json\/wp\/v2\/product_brand?post=18012"},{"taxonomy":"product_cat","embeddable":true,"href":"https:\/\/nordicmart.andreevmaster.com\/sv\/wp-json\/wp\/v2\/product_cat?post=18012"},{"taxonomy":"product_tag","embeddable":true,"href":"https:\/\/nordicmart.andreevmaster.com\/sv\/wp-json\/wp\/v2\/product_tag?post=18012"}],"curies":[{"name":"wp","href":"https:\/\/api.w.org\/{rel}","templated":true}]}}