{"id":18010,"date":"2026-02-27T00:37:41","date_gmt":"2026-02-27T00:37:41","guid":{"rendered":"https:\/\/nordicmart.andreevmaster.com\/product\/feandrea-klosstang-med-grotta\/"},"modified":"2026-02-27T08:26:43","modified_gmt":"2026-02-27T08:26:43","slug":"feandrea-klosstang-med-grotta","status":"publish","type":"product","link":"https:\/\/nordicmart.andreevmaster.com\/sv\/produkt\/feandrea-klosstang-med-grotta\/","title":{"rendered":"Feandrea kl\u00f6sst\u00e5ng med grotta"},"content":{"rendered":"<p>I FEANDREAs kreativa verkst\u00e4der hoppar tv\u00e5 s\u00f6ta kattungar runt och granskar alla kl\u00f6sstr\u00e5n personligen och ger sin djuriska feedback. P\u00e5 s\u00e5 s\u00e4tt f\u00e5r FEANDREAs designers f\u00f6rstahandsinformation, eller snarare f\u00f6rstapawinformation, om produkterna uppfyller kraven fr\u00e5n de bortsk\u00e4mda morrh\u00e5riga v\u00e4nnerna. En kl\u00f6sst\u00e5ng med m\u00e5nga f\u00f6rdelar Kattornas test har godk\u00e4nt den kattkl\u00f6sst\u00e5ng som visas ovan. De gillade framf\u00f6r allt den mysiga grottan och de trappstegsformade plattformarna. Men \u00e4ven stammen, som \u00e4r helt kl\u00e4dd med sisal, och kl\u00f6smattan var mycket popul\u00e4ra. De vita plyschkuddarna fick ocks\u00e5 djurens appl\u00e5der. De b\u00e5da testarna kunde mysa sig mot dem och k\u00e4nde sig som om de fick massage. Produktdetaljer:- F\u00e4rg: Greige-vit &#8211; Material: Plush, sisal, MDF (medeldensitetsfiberplatta) &#8211; Storlek: 66 x 40 x 86 cm (L x B x H) &#8211; Vikt: 14,9 kg Leveransomfattning: &#8211; 1 x kl\u00f6sst\u00e5ng &#8211; 1 x bruksanvisning<\/p>\n","protected":false},"excerpt":{"rendered":"<p>Feandrea kl\u00e4ttertr\u00e4d 88 cm, medelstort kl\u00e4ttertr\u00e4d f\u00f6r katter med 3 liggytor och grotta, kattm\u00f6bler av MDF med tr\u00e4fan\u00e9r, sisalstam, tv\u00e4ttbara \u00f6verdrag av imitationsp\u00e4ls, vintagebrunt, vitt PCT70HW<\/p>\n","protected":false},"featured_media":0,"comment_status":"open","ping_status":"closed","template":"","meta":[],"product_brand":[],"product_cat":[33],"product_tag":[],"class_list":{"0":"post-18010","1":"product","2":"type-product","3":"status-publish","5":"product_cat-okategoriserad","7":"first","8":"instock","9":"shipping-taxable","10":"purchasable","11":"product-type-simple"},"_links":{"self":[{"href":"https:\/\/nordicmart.andreevmaster.com\/sv\/wp-json\/wp\/v2\/product\/18010","targetHints":{"allow":["GET"]}}],"collection":[{"href":"https:\/\/nordicmart.andreevmaster.com\/sv\/wp-json\/wp\/v2\/product"}],"about":[{"href":"https:\/\/nordicmart.andreevmaster.com\/sv\/wp-json\/wp\/v2\/types\/product"}],"replies":[{"embeddable":true,"href":"https:\/\/nordicmart.andreevmaster.com\/sv\/wp-json\/wp\/v2\/comments?post=18010"}],"wp:attachment":[{"href":"https:\/\/nordicmart.andreevmaster.com\/sv\/wp-json\/wp\/v2\/media?parent=18010"}],"wp:term":[{"taxonomy":"product_brand","embeddable":true,"href":"https:\/\/nordicmart.andreevmaster.com\/sv\/wp-json\/wp\/v2\/product_brand?post=18010"},{"taxonomy":"product_cat","embeddable":true,"href":"https:\/\/nordicmart.andreevmaster.com\/sv\/wp-json\/wp\/v2\/product_cat?post=18010"},{"taxonomy":"product_tag","embeddable":true,"href":"https:\/\/nordicmart.andreevmaster.com\/sv\/wp-json\/wp\/v2\/product_tag?post=18010"}],"curies":[{"name":"wp","href":"https:\/\/api.w.org\/{rel}","templated":true}]}}