{"id":18007,"date":"2026-02-27T00:37:40","date_gmt":"2026-02-27T00:37:40","guid":{"rendered":"https:\/\/nordicmart.andreevmaster.com\/product\/feandrea-klattertrad-138-cm-med-plattform\/"},"modified":"2026-02-27T08:26:42","modified_gmt":"2026-02-27T08:26:42","slug":"feandrea-klattertrad-138-cm-med-plattform","status":"publish","type":"product","link":"https:\/\/nordicmart.andreevmaster.com\/sv\/produkt\/feandrea-klattertrad-138-cm-med-plattform\/","title":{"rendered":"Feandrea kl\u00e4ttertr\u00e4d 138 cm med plattform"},"content":{"rendered":"<p>I FEANDREAs kreativa verkst\u00e4der hoppar tv\u00e5 s\u00f6ta kattungar omkring, som personligen granskar alla kl\u00f6sstr\u00e5n och ger sin djuriska feedback. P\u00e5 s\u00e5 s\u00e4tt f\u00e5r FEANDREAs designers f\u00f6rstahandsinformation, eller snarare f\u00f6rstapawinformation, om produkterna uppfyller kraven fr\u00e5n de bortsk\u00e4mda morrh\u00e5riga v\u00e4nnerna. H\u00f6jdpunkterna i detta kl\u00f6sbord i korthet: &#8211; Rymligt; g\u00f6r en eller flera katter glada &#8211; Tr\u00e4f\u00f6rst\u00e4rkt sockel och tippskydd f\u00f6r \u00f6kad stabilitet och s\u00e4kerhet &#8211; Kl\u00f6sbr\u00e4da f\u00f6r att v\u00e4ssa klorna- V\u00e4lstoppad utsiktsplattform f\u00f6r avkoppling &#8211; Bekv\u00e4m mysgrotta att g\u00f6mma sig i &#8211; Stabil liggplats f\u00f6r en tupplur &#8211; P\u00e4lsbollar och sisalrep f\u00f6r mer lek &#8211; Kl\u00e4dsel av slitstarkt, mjukt plysch Produktdetaljer: &#8211; F\u00e4rg: Beige &#8211; Material: Sp\u00e5nskiva, plysch, sisal, stolpar av f\u00f6rst\u00e4rkt kartong &#8211; Storlek: 55 x 40 x 138 cm (L x B x H) &#8211; Vikt: 13,5 kg Leveransomfattning: &#8211; 1 x kl\u00f6sst\u00e5ng &#8211; 1 x tippskydd &#8211; 1 x bruksanvisning (DE, EN, FR, ES, IT) FEANDREA Anm\u00e4rkningar:- Placera kl\u00f6sstammen n\u00e4ra en v\u00e4gg och anv\u00e4nd den p\u00e5 ett plant underlag. &#8211; Anv\u00e4nd inte kl\u00f6sstammen i fuktiga milj\u00f6er. &#8211; Barn f\u00e5r inte kl\u00e4ttra p\u00e5 eller leka med produkten. &#8211; Vi rekommenderar att produkten f\u00e4sts i v\u00e4ggen med det medf\u00f6ljande tippskyddet.<\/p>\n","protected":false},"excerpt":{"rendered":"<p>Feandrea kattkl\u00e4ttertr\u00e4d med kl\u00f6sbr\u00e4da, kl\u00e4ttertr\u00e4d f\u00f6r katter, 138 cm h\u00f6gt, med grotta och liggytor, i ljusgr\u00e5tt PCT60W<\/p>\n","protected":false},"featured_media":45100,"comment_status":"open","ping_status":"closed","template":"","meta":[],"product_brand":[],"product_cat":[33],"product_tag":[],"class_list":{"0":"post-18007","1":"product","2":"type-product","3":"status-publish","4":"has-post-thumbnail","6":"product_cat-okategoriserad","8":"first","9":"instock","10":"shipping-taxable","11":"purchasable","12":"product-type-simple"},"_links":{"self":[{"href":"https:\/\/nordicmart.andreevmaster.com\/sv\/wp-json\/wp\/v2\/product\/18007","targetHints":{"allow":["GET"]}}],"collection":[{"href":"https:\/\/nordicmart.andreevmaster.com\/sv\/wp-json\/wp\/v2\/product"}],"about":[{"href":"https:\/\/nordicmart.andreevmaster.com\/sv\/wp-json\/wp\/v2\/types\/product"}],"replies":[{"embeddable":true,"href":"https:\/\/nordicmart.andreevmaster.com\/sv\/wp-json\/wp\/v2\/comments?post=18007"}],"wp:featuredmedia":[{"embeddable":true,"href":"https:\/\/nordicmart.andreevmaster.com\/sv\/wp-json\/wp\/v2\/media\/45100"}],"wp:attachment":[{"href":"https:\/\/nordicmart.andreevmaster.com\/sv\/wp-json\/wp\/v2\/media?parent=18007"}],"wp:term":[{"taxonomy":"product_brand","embeddable":true,"href":"https:\/\/nordicmart.andreevmaster.com\/sv\/wp-json\/wp\/v2\/product_brand?post=18007"},{"taxonomy":"product_cat","embeddable":true,"href":"https:\/\/nordicmart.andreevmaster.com\/sv\/wp-json\/wp\/v2\/product_cat?post=18007"},{"taxonomy":"product_tag","embeddable":true,"href":"https:\/\/nordicmart.andreevmaster.com\/sv\/wp-json\/wp\/v2\/product_tag?post=18007"}],"curies":[{"name":"wp","href":"https:\/\/api.w.org\/{rel}","templated":true}]}}