{"id":18005,"date":"2026-02-27T00:37:40","date_gmt":"2026-02-27T00:37:40","guid":{"rendered":"https:\/\/nordicmart.andreevmaster.com\/product\/feandrea-klattertrad-110-cm-med-liggkorg\/"},"modified":"2026-02-27T08:26:42","modified_gmt":"2026-02-27T08:26:42","slug":"feandrea-klattertrad-110-cm-med-liggkorg","status":"publish","type":"product","link":"https:\/\/nordicmart.andreevmaster.com\/sv\/produkt\/feandrea-klattertrad-110-cm-med-liggkorg\/","title":{"rendered":"Feandrea kl\u00e4ttertr\u00e4d 110 cm med liggkorg"},"content":{"rendered":"<p>I FEANDREAs kreativa verkst\u00e4der hoppar tv\u00e5 s\u00f6ta kattungar runt och granskar alla kl\u00f6sst\u00e4nger personligen och ger sin djuriska feedback. P\u00e5 s\u00e5 s\u00e4tt f\u00e5r FEANDREAs designers f\u00f6rstahandsinformation, eller snarare f\u00f6rstapawinformation, om produkterna uppfyller kraven fr\u00e5n de bortsk\u00e4mda morrh\u00e5riga v\u00e4nnerna. H\u00f6jdpunkterna i detta kl\u00f6sstr\u00e4d i \u00f6versikt: &#8211; Utrustat med m\u00e5nga kl\u00e4tterelement; l\u00e4mpligt f\u00f6r katter i alla \u00e5ldrar &#8211; Rymlig, v\u00e4l vadderad utsiktsplattform &#8211; Gener\u00f6s mysgrotta och bekv\u00e4m liggkorg &#8211; H\u00f6g stabilitet; har en bottenplatta f\u00f6rst\u00e4rkt med tr\u00e4material &#8211; Tippskydd f\u00f6r extra s\u00e4kerhet Produktdetaljer:- F\u00e4rg: R\u00f6kgr\u00e5 &#8211; Material: Sp\u00e5nskiva, plysch, sisal &#8211; Storlek: 50 x 40 x 110 cm (L x B x H) &#8211; Vikt: 10,4 kg Leveransomfattning: &#8211; 1 x kl\u00f6sst\u00e5ng &#8211; 1 x bruksanvisning (DE, EN, FR, ES, IT) FEANDREA Anm\u00e4rkningar:- Om din katt tuggar p\u00e5 p\u00e4lsbollen eller gummibandet, ta bort dessa tillbeh\u00f6r omedelbart och f\u00f6rvara dem utom r\u00e4ckh\u00e5ll f\u00f6r ditt husdjur. &#8211; Om den mysiga grottan \u00e4r skadad, kontakta oss omedelbart s\u00e5 att detta kl\u00f6sst\u00e4ll kan bytas ut eller en annan l\u00f6sning kan hittas. Skadade delar kan orsaka skador, s\u00e5 byt ut dem omedelbart.<\/p>\n","protected":false},"excerpt":{"rendered":"<p>Feandrea kl\u00e4ttertr\u00e4d, 110 cm stort kattr\u00e4d, r\u00f6kgr\u00e5tt PCT052G01<\/p>\n","protected":false},"featured_media":45098,"comment_status":"open","ping_status":"closed","template":"","meta":[],"product_brand":[],"product_cat":[33],"product_tag":[],"class_list":{"0":"post-18005","1":"product","2":"type-product","3":"status-publish","4":"has-post-thumbnail","6":"product_cat-okategoriserad","8":"first","9":"instock","10":"shipping-taxable","11":"purchasable","12":"product-type-simple"},"_links":{"self":[{"href":"https:\/\/nordicmart.andreevmaster.com\/sv\/wp-json\/wp\/v2\/product\/18005","targetHints":{"allow":["GET"]}}],"collection":[{"href":"https:\/\/nordicmart.andreevmaster.com\/sv\/wp-json\/wp\/v2\/product"}],"about":[{"href":"https:\/\/nordicmart.andreevmaster.com\/sv\/wp-json\/wp\/v2\/types\/product"}],"replies":[{"embeddable":true,"href":"https:\/\/nordicmart.andreevmaster.com\/sv\/wp-json\/wp\/v2\/comments?post=18005"}],"wp:featuredmedia":[{"embeddable":true,"href":"https:\/\/nordicmart.andreevmaster.com\/sv\/wp-json\/wp\/v2\/media\/45098"}],"wp:attachment":[{"href":"https:\/\/nordicmart.andreevmaster.com\/sv\/wp-json\/wp\/v2\/media?parent=18005"}],"wp:term":[{"taxonomy":"product_brand","embeddable":true,"href":"https:\/\/nordicmart.andreevmaster.com\/sv\/wp-json\/wp\/v2\/product_brand?post=18005"},{"taxonomy":"product_cat","embeddable":true,"href":"https:\/\/nordicmart.andreevmaster.com\/sv\/wp-json\/wp\/v2\/product_cat?post=18005"},{"taxonomy":"product_tag","embeddable":true,"href":"https:\/\/nordicmart.andreevmaster.com\/sv\/wp-json\/wp\/v2\/product_tag?post=18005"}],"curies":[{"name":"wp","href":"https:\/\/api.w.org\/{rel}","templated":true}]}}