{"id":18000,"date":"2026-02-27T00:37:38","date_gmt":"2026-02-27T00:37:38","guid":{"rendered":"https:\/\/nordicmart.andreevmaster.com\/product\/feandrea-kompakt-klosstang-107-cm-ljusgra\/"},"modified":"2026-02-27T08:26:40","modified_gmt":"2026-02-27T08:26:40","slug":"feandrea-kompakt-klosstang-107-cm-ljusgra","status":"publish","type":"product","link":"https:\/\/nordicmart.andreevmaster.com\/sv\/produkt\/feandrea-kompakt-klosstang-107-cm-ljusgra\/","title":{"rendered":"Feandrea Kompakt kl\u00f6sst\u00e5ng 107 cm Ljusgr\u00e5"},"content":{"rendered":"<p>I FEANDREAs kreativa verkst\u00e4der hoppar tv\u00e5 s\u00f6ta kattungar omkring, som personligen granskar alla kl\u00f6sstr\u00e5n och ger sin djuriska feedback. P\u00e5 s\u00e5 s\u00e4tt f\u00e5r FEANDREAs designers f\u00f6rstahandsinformation, eller snarare f\u00f6rstapawinformation, om produkterna uppfyller kraven fr\u00e5n de bortsk\u00e4mda morrh\u00e5riga v\u00e4nnerna.En kl\u00e4ttertr\u00e4d med m\u00e5nga f\u00f6rdelar Kl\u00e4ttertornet ovan har klarat kattprovet. De gillade framf\u00f6r allt den stora mysgrottan och den fluffiga utsiktsplattformen, som b\u00e5da \u00e4r f\u00f6rsedda med en mjuk matta. Dessutom k\u00e4nde sig de b\u00e5da testarna trygga och hoppade utan r\u00e4dsla fr\u00e5n plattform till plattform. Den h\u00f6ga stabiliteten hos denna kl\u00e4ttertr\u00e4d s\u00e4kerst\u00e4lls framf\u00f6r allt av de extra tjocka sisalstammarna och den dubbla bottenplattan. Ett tippskydd medf\u00f6ljer ocks\u00e5. Prova vilken position de justerbara elementen p\u00e5 kl\u00e4ttertr\u00e4det passar b\u00e4st i din l\u00e4genhet och dela resultatet med andra djurv\u00e4nner i kommentarerna. Produktdetaljer: &#8211; F\u00e4rg: Ljusgr\u00e5, vit sisal &#8211; Material: CARB-certifierad sp\u00e5nskiva, kartongrullar, plysch, sisal &#8211; Storlek: 70 x 60 x 107 cm (L x B x H) &#8211; Vikt: 26,6 kg Leveransomfattning: &#8211; 1 x kl\u00f6sst\u00e5ng &#8211; 1 x bruksanvisning (DE, EN, FR, ES, IT) FEANDREA Anvisningar:- Placera kl\u00f6sstammen p\u00e5 en plan yta i ett h\u00f6rn av din bostad. &#8211; Placera inte produkten i en fuktig milj\u00f6. &#8211; H\u00e5ll barn borta fr\u00e5n denna artikel. De f\u00e5r varken kl\u00e4ttra p\u00e5 kl\u00f6sstammen eller leka med den. &#8211; Anv\u00e4nd tippskyddet f\u00f6r att f\u00e4sta produkten vid v\u00e4ggen.<\/p>\n","protected":false},"excerpt":{"rendered":"<p>Feandrea kl\u00e4ttertr\u00e4d med XXL utsiktsplattform, liggplats, stor mysig grotta, justerbara element, extra tjocka stammar helt omlindade med sisal, kattkl\u00e4ttertr\u00e4d, stabilt, beige PCT01M<\/p>\n","protected":false},"featured_media":0,"comment_status":"open","ping_status":"closed","template":"","meta":[],"product_brand":[],"product_cat":[33],"product_tag":[],"class_list":{"0":"post-18000","1":"product","2":"type-product","3":"status-publish","5":"product_cat-okategoriserad","7":"first","8":"instock","9":"shipping-taxable","10":"purchasable","11":"product-type-simple"},"_links":{"self":[{"href":"https:\/\/nordicmart.andreevmaster.com\/sv\/wp-json\/wp\/v2\/product\/18000","targetHints":{"allow":["GET"]}}],"collection":[{"href":"https:\/\/nordicmart.andreevmaster.com\/sv\/wp-json\/wp\/v2\/product"}],"about":[{"href":"https:\/\/nordicmart.andreevmaster.com\/sv\/wp-json\/wp\/v2\/types\/product"}],"replies":[{"embeddable":true,"href":"https:\/\/nordicmart.andreevmaster.com\/sv\/wp-json\/wp\/v2\/comments?post=18000"}],"wp:attachment":[{"href":"https:\/\/nordicmart.andreevmaster.com\/sv\/wp-json\/wp\/v2\/media?parent=18000"}],"wp:term":[{"taxonomy":"product_brand","embeddable":true,"href":"https:\/\/nordicmart.andreevmaster.com\/sv\/wp-json\/wp\/v2\/product_brand?post=18000"},{"taxonomy":"product_cat","embeddable":true,"href":"https:\/\/nordicmart.andreevmaster.com\/sv\/wp-json\/wp\/v2\/product_cat?post=18000"},{"taxonomy":"product_tag","embeddable":true,"href":"https:\/\/nordicmart.andreevmaster.com\/sv\/wp-json\/wp\/v2\/product_tag?post=18000"}],"curies":[{"name":"wp","href":"https:\/\/api.w.org\/{rel}","templated":true}]}}