{"id":17997,"date":"2026-02-27T00:37:37","date_gmt":"2026-02-27T00:37:37","guid":{"rendered":"https:\/\/nordicmart.andreevmaster.com\/product\/feandrea-xxl-kattklattertrad-rokgra\/"},"modified":"2026-02-27T08:26:40","modified_gmt":"2026-02-27T08:26:40","slug":"feandrea-xxl-kattklattertrad-rokgra","status":"publish","type":"product","link":"https:\/\/nordicmart.andreevmaster.com\/sv\/produkt\/feandrea-xxl-kattklattertrad-rokgra\/","title":{"rendered":"Feandrea XXL kattkl\u00e4ttertr\u00e4d r\u00f6kgr\u00e5"},"content":{"rendered":"<p>I FEANDREAs kreativa verkst\u00e4der hoppar tv\u00e5 s\u00f6ta kattungar runt och granskar alla kl\u00f6sstr\u00e4d personligen och ger sin djuriska feedback. P\u00e5 s\u00e5 s\u00e4tt f\u00e5r FEANDREAs designers f\u00f6rstahandsinformation, eller snarare f\u00f6rstapawinformation, om produkterna uppfyller kraven fr\u00e5n de bortsk\u00e4mda morrh\u00e5riga v\u00e4nnerna. H\u00f6jdpunkterna i detta kl\u00f6sbord i korthet: &#8211; Rymligt; plats f\u00f6r 3 katter som var och en v\u00e4ger h\u00f6gst 7 kg &#8211; 3 v\u00e4lstoppade utsiktsplattformar med upph\u00f6jda kanter f\u00f6r avkoppling &#8211; 2 bekv\u00e4ma mysgrottor f\u00f6r att leka kurrag\u00f6mma och koppla av- XXL-kl\u00f6sbr\u00e4da och stolpar lindade med sisalrep s\u00e5 att din katt kan l\u00e4mna sp\u00e5r p\u00e5 r\u00e4tt st\u00e4llen &#8211; Stabil liggkorg f\u00f6r en tupplur &#8211; Robust bas och tippskydd f\u00f6r mer stabilitet och s\u00e4kerhet &#8211; 3 p\u00e4lsbollar f\u00f6r mer kul &#8211; \u00d6verdrag av slitstark, mjuk plysch Produktdetaljer: &#8211; F\u00e4rg: R\u00f6kgr\u00e5 &#8211; Material: Sp\u00e5nskiva, plysch, sisal &#8211; Storlek: 54 x 50 x 168 cm (L x B x H) &#8211; Vikt: 21 kg Leveransomfattning: &#8211; 1 x kl\u00f6sst\u00e5ng &#8211; 1 x tippskydd &#8211; 1 x monteringsutrustning &#8211; 1 x bruksanvisning (DE, EN, FR, ES, IT) FEANDREA Anm\u00e4rkningar:- Om mysgrottan eller \u00f6verdraget skulle vara skadat, v\u00e4nligen kontakta omedelbart v\u00e5r kundtj\u00e4nst f\u00f6r att f\u00e5 ers\u00e4ttning eller hitta en annan l\u00f6sning, s\u00e5 att skador p\u00e5 grund av skadade delar kan undvikas. &#8211; Ta bort p\u00e4lsbollarna omedelbart om din katt tuggar p\u00e5 dem.<\/p>\n","protected":false},"excerpt":{"rendered":"<p>Feandrea kl\u00e4ttertr\u00e4d, XXL kattkl\u00e4ttertr\u00e4d, 168 cm<\/p>\n","protected":false},"featured_media":45096,"comment_status":"open","ping_status":"closed","template":"","meta":[],"product_brand":[],"product_cat":[33],"product_tag":[],"class_list":{"0":"post-17997","1":"product","2":"type-product","3":"status-publish","4":"has-post-thumbnail","6":"product_cat-okategoriserad","8":"first","9":"instock","10":"shipping-taxable","11":"purchasable","12":"product-type-simple"},"_links":{"self":[{"href":"https:\/\/nordicmart.andreevmaster.com\/sv\/wp-json\/wp\/v2\/product\/17997","targetHints":{"allow":["GET"]}}],"collection":[{"href":"https:\/\/nordicmart.andreevmaster.com\/sv\/wp-json\/wp\/v2\/product"}],"about":[{"href":"https:\/\/nordicmart.andreevmaster.com\/sv\/wp-json\/wp\/v2\/types\/product"}],"replies":[{"embeddable":true,"href":"https:\/\/nordicmart.andreevmaster.com\/sv\/wp-json\/wp\/v2\/comments?post=17997"}],"wp:featuredmedia":[{"embeddable":true,"href":"https:\/\/nordicmart.andreevmaster.com\/sv\/wp-json\/wp\/v2\/media\/45096"}],"wp:attachment":[{"href":"https:\/\/nordicmart.andreevmaster.com\/sv\/wp-json\/wp\/v2\/media?parent=17997"}],"wp:term":[{"taxonomy":"product_brand","embeddable":true,"href":"https:\/\/nordicmart.andreevmaster.com\/sv\/wp-json\/wp\/v2\/product_brand?post=17997"},{"taxonomy":"product_cat","embeddable":true,"href":"https:\/\/nordicmart.andreevmaster.com\/sv\/wp-json\/wp\/v2\/product_cat?post=17997"},{"taxonomy":"product_tag","embeddable":true,"href":"https:\/\/nordicmart.andreevmaster.com\/sv\/wp-json\/wp\/v2\/product_tag?post=17997"}],"curies":[{"name":"wp","href":"https:\/\/api.w.org\/{rel}","templated":true}]}}