{"id":17993,"date":"2026-02-27T00:37:36","date_gmt":"2026-02-27T00:37:36","guid":{"rendered":"https:\/\/nordicmart.andreevmaster.com\/product\/feandrea-kattklattertrad-med-stor-grotta-och-flera-lek-och-viloplatser\/"},"modified":"2026-02-27T08:26:39","modified_gmt":"2026-02-27T08:26:39","slug":"feandrea-kattklattertrad-med-stor-grotta-och-flera-lek-och-viloplatser","status":"publish","type":"product","link":"https:\/\/nordicmart.andreevmaster.com\/sv\/produkt\/feandrea-kattklattertrad-med-stor-grotta-och-flera-lek-och-viloplatser\/","title":{"rendered":"Feandrea kattkl\u00e4ttertr\u00e4d med stor grotta och flera lek- och viloplatser"},"content":{"rendered":"<p>Feandrea kl\u00e4ttertr\u00e4d, kattkl\u00e4ttertr\u00e4d, 48,5 x 48,5 x 140,7 cm, kattkl\u00e4ttertr\u00e4d med stor mysig grotta, stora plattformar, plyschbollar, liggplats, m\u00f6rkgr\u00e5 PCT009G02<br \/>\nF\u00e4rg: duvgr\u00e5<br \/>\nMaterial: sp\u00e5nskiva, plysch, sisal<br \/>\nStorlek: 48,5 x 48,5 x 140,7 cm (L x B x H)<br \/>\nVikt: 11,5 kg<\/p>\n","protected":false},"excerpt":{"rendered":"<p>Feandrea kl\u00e4ttertr\u00e4d, kattkl\u00e4ttertr\u00e4d, 48,5 x 48,5 x 140,7 cm, kattkl\u00e4ttertr\u00e4d med stor mysig grotta, stora plattformar, plyschbollar, liggplats, m\u00f6rkgr\u00e5 PCT009G02<\/p>\n","protected":false},"featured_media":45092,"comment_status":"open","ping_status":"closed","template":"","meta":[],"product_brand":[],"product_cat":[33],"product_tag":[],"class_list":{"0":"post-17993","1":"product","2":"type-product","3":"status-publish","4":"has-post-thumbnail","6":"product_cat-okategoriserad","8":"first","9":"instock","10":"shipping-taxable","11":"purchasable","12":"product-type-simple"},"_links":{"self":[{"href":"https:\/\/nordicmart.andreevmaster.com\/sv\/wp-json\/wp\/v2\/product\/17993","targetHints":{"allow":["GET"]}}],"collection":[{"href":"https:\/\/nordicmart.andreevmaster.com\/sv\/wp-json\/wp\/v2\/product"}],"about":[{"href":"https:\/\/nordicmart.andreevmaster.com\/sv\/wp-json\/wp\/v2\/types\/product"}],"replies":[{"embeddable":true,"href":"https:\/\/nordicmart.andreevmaster.com\/sv\/wp-json\/wp\/v2\/comments?post=17993"}],"wp:featuredmedia":[{"embeddable":true,"href":"https:\/\/nordicmart.andreevmaster.com\/sv\/wp-json\/wp\/v2\/media\/45092"}],"wp:attachment":[{"href":"https:\/\/nordicmart.andreevmaster.com\/sv\/wp-json\/wp\/v2\/media?parent=17993"}],"wp:term":[{"taxonomy":"product_brand","embeddable":true,"href":"https:\/\/nordicmart.andreevmaster.com\/sv\/wp-json\/wp\/v2\/product_brand?post=17993"},{"taxonomy":"product_cat","embeddable":true,"href":"https:\/\/nordicmart.andreevmaster.com\/sv\/wp-json\/wp\/v2\/product_cat?post=17993"},{"taxonomy":"product_tag","embeddable":true,"href":"https:\/\/nordicmart.andreevmaster.com\/sv\/wp-json\/wp\/v2\/product_tag?post=17993"}],"curies":[{"name":"wp","href":"https:\/\/api.w.org\/{rel}","templated":true}]}}