{"id":17991,"date":"2026-02-27T00:37:36","date_gmt":"2026-02-27T00:37:36","guid":{"rendered":"https:\/\/nordicmart.andreevmaster.com\/product\/feandrea-stor-klosstang-i-flera-vaningar-for-flera-stora-katter\/"},"modified":"2026-02-27T08:26:38","modified_gmt":"2026-02-27T08:26:38","slug":"feandrea-stor-klosstang-i-flera-vaningar-for-flera-stora-katter","status":"publish","type":"product","link":"https:\/\/nordicmart.andreevmaster.com\/sv\/produkt\/feandrea-stor-klosstang-i-flera-vaningar-for-flera-stora-katter\/","title":{"rendered":"Feandrea Stor kl\u00f6sst\u00e5ng i flera v\u00e5ningar f\u00f6r flera stora katter"},"content":{"rendered":"<p>Feandrea Kratzbaum stor, flerv\u00e5nings kattkl\u00e4ttertr\u00e4d, XXL, 55 x 55 x 186,7 cm, 11 cm tjocka sisalstammar, f\u00f6r stora katter som Maine Coon-katter, kattkl\u00e4ttertr\u00e4d, duvgr\u00e5-kr\u00e4mvit PCT008G01<br \/>\nF\u00e4rg: duvgr\u00e5-kr\u00e4mvit<br \/>\nMaterial: Sp\u00e5nskiva, plysch, sisal, FSC-certifierad: Skivorna \u00e4r tillverkade av FSC-certifierat tr\u00e4.<br \/>\nStorlek: 55 x 55 x 186,7 cm (L x B x H)<br \/>\nVikt: 27,3 kg<\/p>\n","protected":false},"excerpt":{"rendered":"<p>Feandrea Kratzbaum stor, flerv\u00e5nings kattkl\u00e4ttertr\u00e4d, XXL, 55 x 55 x 186,7 cm, 11 cm tjocka sisalstammar, f\u00f6r stora katter som Maine Coon-katter, kattkl\u00e4ttertr\u00e4d, duvgr\u00e5-kr\u00e4mvit PCT008G01<\/p>\n","protected":false},"featured_media":45090,"comment_status":"open","ping_status":"closed","template":"","meta":[],"product_brand":[],"product_cat":[33],"product_tag":[],"class_list":{"0":"post-17991","1":"product","2":"type-product","3":"status-publish","4":"has-post-thumbnail","6":"product_cat-okategoriserad","8":"first","9":"instock","10":"shipping-taxable","11":"purchasable","12":"product-type-simple"},"_links":{"self":[{"href":"https:\/\/nordicmart.andreevmaster.com\/sv\/wp-json\/wp\/v2\/product\/17991","targetHints":{"allow":["GET"]}}],"collection":[{"href":"https:\/\/nordicmart.andreevmaster.com\/sv\/wp-json\/wp\/v2\/product"}],"about":[{"href":"https:\/\/nordicmart.andreevmaster.com\/sv\/wp-json\/wp\/v2\/types\/product"}],"replies":[{"embeddable":true,"href":"https:\/\/nordicmart.andreevmaster.com\/sv\/wp-json\/wp\/v2\/comments?post=17991"}],"wp:featuredmedia":[{"embeddable":true,"href":"https:\/\/nordicmart.andreevmaster.com\/sv\/wp-json\/wp\/v2\/media\/45090"}],"wp:attachment":[{"href":"https:\/\/nordicmart.andreevmaster.com\/sv\/wp-json\/wp\/v2\/media?parent=17991"}],"wp:term":[{"taxonomy":"product_brand","embeddable":true,"href":"https:\/\/nordicmart.andreevmaster.com\/sv\/wp-json\/wp\/v2\/product_brand?post=17991"},{"taxonomy":"product_cat","embeddable":true,"href":"https:\/\/nordicmart.andreevmaster.com\/sv\/wp-json\/wp\/v2\/product_cat?post=17991"},{"taxonomy":"product_tag","embeddable":true,"href":"https:\/\/nordicmart.andreevmaster.com\/sv\/wp-json\/wp\/v2\/product_tag?post=17991"}],"curies":[{"name":"wp","href":"https:\/\/api.w.org\/{rel}","templated":true}]}}