{"id":17989,"date":"2026-02-27T00:37:35","date_gmt":"2026-02-27T00:37:35","guid":{"rendered":"https:\/\/nordicmart.andreevmaster.com\/product\/feandrea-flervaningsklattertrad-med-grottor-och-plattformar-for-katter\/"},"modified":"2026-02-27T08:26:38","modified_gmt":"2026-02-27T08:26:38","slug":"feandrea-flervaningsklattertrad-med-grottor-och-plattformar-for-katter","status":"publish","type":"product","link":"https:\/\/nordicmart.andreevmaster.com\/sv\/produkt\/feandrea-flervaningsklattertrad-med-grottor-och-plattformar-for-katter\/","title":{"rendered":"Feandrea Flerv\u00e5ningskl\u00e4ttertr\u00e4d med grottor och plattformar f\u00f6r katter"},"content":{"rendered":"<p>Feandrea kl\u00e4ttertr\u00e4d, 152 cm h\u00f6gt, flerv\u00e5ningskl\u00e4ttertr\u00e4d f\u00f6r katter med 2 stora grottor, 1 liggplats, 3 kl\u00e4tterstammar, 3 plattformar, kl\u00e4ttertr\u00e4d f\u00f6r katter, duvgr\u00e5 PCT007G01<br \/>\nF\u00e4rg: duvgr\u00e5<br \/>\nMaterial: sp\u00e5nskiva, plysch, sisal<br \/>\nStorlek: 53 x 46 x 152 cm (L x B x H)<br \/>\nVikt: 15,7 kg<\/p>\n","protected":false},"excerpt":{"rendered":"<p>Feandrea kl\u00e4ttertr\u00e4d, 152 cm h\u00f6gt, flerv\u00e5ningskl\u00e4ttertr\u00e4d f\u00f6r katter med 2 stora grottor, 1 liggplats, 3 kl\u00e4tterstammar, 3 plattformar, kl\u00e4ttertr\u00e4d f\u00f6r katter, duvgr\u00e5 PCT007G01<\/p>\n","protected":false},"featured_media":45088,"comment_status":"open","ping_status":"closed","template":"","meta":[],"product_brand":[],"product_cat":[33],"product_tag":[],"class_list":{"0":"post-17989","1":"product","2":"type-product","3":"status-publish","4":"has-post-thumbnail","6":"product_cat-okategoriserad","8":"first","9":"instock","10":"shipping-taxable","11":"purchasable","12":"product-type-simple"},"_links":{"self":[{"href":"https:\/\/nordicmart.andreevmaster.com\/sv\/wp-json\/wp\/v2\/product\/17989","targetHints":{"allow":["GET"]}}],"collection":[{"href":"https:\/\/nordicmart.andreevmaster.com\/sv\/wp-json\/wp\/v2\/product"}],"about":[{"href":"https:\/\/nordicmart.andreevmaster.com\/sv\/wp-json\/wp\/v2\/types\/product"}],"replies":[{"embeddable":true,"href":"https:\/\/nordicmart.andreevmaster.com\/sv\/wp-json\/wp\/v2\/comments?post=17989"}],"wp:featuredmedia":[{"embeddable":true,"href":"https:\/\/nordicmart.andreevmaster.com\/sv\/wp-json\/wp\/v2\/media\/45088"}],"wp:attachment":[{"href":"https:\/\/nordicmart.andreevmaster.com\/sv\/wp-json\/wp\/v2\/media?parent=17989"}],"wp:term":[{"taxonomy":"product_brand","embeddable":true,"href":"https:\/\/nordicmart.andreevmaster.com\/sv\/wp-json\/wp\/v2\/product_brand?post=17989"},{"taxonomy":"product_cat","embeddable":true,"href":"https:\/\/nordicmart.andreevmaster.com\/sv\/wp-json\/wp\/v2\/product_cat?post=17989"},{"taxonomy":"product_tag","embeddable":true,"href":"https:\/\/nordicmart.andreevmaster.com\/sv\/wp-json\/wp\/v2\/product_tag?post=17989"}],"curies":[{"name":"wp","href":"https:\/\/api.w.org\/{rel}","templated":true}]}}