{"id":17987,"date":"2026-02-27T00:37:35","date_gmt":"2026-02-27T00:37:35","guid":{"rendered":"https:\/\/nordicmart.andreevmaster.com\/product\/feandrea-klattertrad-litet-med-2-grottor-och-1-plattform-morkgratt\/"},"modified":"2026-02-27T08:26:38","modified_gmt":"2026-02-27T08:26:38","slug":"feandrea-klattertrad-litet-med-2-grottor-och-1-plattform-morkgratt","status":"publish","type":"product","link":"https:\/\/nordicmart.andreevmaster.com\/sv\/produkt\/feandrea-klattertrad-litet-med-2-grottor-och-1-plattform-morkgratt\/","title":{"rendered":"Feandrea kl\u00e4ttertr\u00e4d, litet, med 2 grottor och 1 plattform, m\u00f6rkgr\u00e5tt"},"content":{"rendered":"<p>Feandrea liten kl\u00f6sst\u00e5ng, kattkl\u00f6sst\u00e5ng med 2 grottor, kl\u00f6sstammar, f\u00f6r hush\u00e5ll med flera katter, kattungar, ljusgr\u00e5 PCT005G01<br \/>\nF\u00e4rg: M\u00f6rkgr\u00e5<br \/>\nMaterial: plysch, sp\u00e5nskiva, sisal<br \/>\nStorlek: 45 x 35 x 101 cm (L x B x H)<br \/>\nVikt: 7,5 kg<\/p>\n","protected":false},"excerpt":{"rendered":"<p>Feandrea liten kl\u00f6sst\u00e5ng, kattkl\u00f6sst\u00e5ng med 2 grottor, kl\u00f6sstammar, f\u00f6r hush\u00e5ll med flera katter, kattungar, ljusgr\u00e5 PCT005G01<\/p>\n","protected":false},"featured_media":0,"comment_status":"open","ping_status":"closed","template":"","meta":[],"product_brand":[],"product_cat":[33],"product_tag":[],"class_list":{"0":"post-17987","1":"product","2":"type-product","3":"status-publish","5":"product_cat-okategoriserad","7":"first","8":"instock","9":"shipping-taxable","10":"purchasable","11":"product-type-simple"},"_links":{"self":[{"href":"https:\/\/nordicmart.andreevmaster.com\/sv\/wp-json\/wp\/v2\/product\/17987","targetHints":{"allow":["GET"]}}],"collection":[{"href":"https:\/\/nordicmart.andreevmaster.com\/sv\/wp-json\/wp\/v2\/product"}],"about":[{"href":"https:\/\/nordicmart.andreevmaster.com\/sv\/wp-json\/wp\/v2\/types\/product"}],"replies":[{"embeddable":true,"href":"https:\/\/nordicmart.andreevmaster.com\/sv\/wp-json\/wp\/v2\/comments?post=17987"}],"wp:attachment":[{"href":"https:\/\/nordicmart.andreevmaster.com\/sv\/wp-json\/wp\/v2\/media?parent=17987"}],"wp:term":[{"taxonomy":"product_brand","embeddable":true,"href":"https:\/\/nordicmart.andreevmaster.com\/sv\/wp-json\/wp\/v2\/product_brand?post=17987"},{"taxonomy":"product_cat","embeddable":true,"href":"https:\/\/nordicmart.andreevmaster.com\/sv\/wp-json\/wp\/v2\/product_cat?post=17987"},{"taxonomy":"product_tag","embeddable":true,"href":"https:\/\/nordicmart.andreevmaster.com\/sv\/wp-json\/wp\/v2\/product_tag?post=17987"}],"curies":[{"name":"wp","href":"https:\/\/api.w.org\/{rel}","templated":true}]}}