{"id":17984,"date":"2026-02-27T00:37:34","date_gmt":"2026-02-27T00:37:34","guid":{"rendered":"https:\/\/nordicmart.andreevmaster.com\/product\/feandrea-klosstativ-med-plattformar-50-x-50-x-160-cm-kramvit-beige\/"},"modified":"2026-02-27T08:26:37","modified_gmt":"2026-02-27T08:26:37","slug":"feandrea-klosstativ-med-plattformar-50-x-50-x-160-cm-kramvit-beige","status":"publish","type":"product","link":"https:\/\/nordicmart.andreevmaster.com\/sv\/produkt\/feandrea-klosstativ-med-plattformar-50-x-50-x-160-cm-kramvit-beige\/","title":{"rendered":"Feandrea kl\u00f6sstativ med plattformar 50 x 50 x 160 cm kr\u00e4mvit-beige"},"content":{"rendered":"<p>Feandrea kl\u00e4ttertr\u00e4d, med sj\u00e4lvuppv\u00e4rmande t\u00e4cken, f\u00f6r stora katter, kattkl\u00e4ttertr\u00e4d, 2 kattborstar, 9 \u00d8 11,1 cm tjocka stammar, stora plattformar, grotta<br \/>\nF\u00e4rg: kr\u00e4mvit-beige<br \/>\nMaterial: Sp\u00e5nskiva, plysch, sisal<br \/>\nStorlek: 50 x 50 x 160 cm (L x B x H)<br \/>\nVikt: 22,6 kg<br \/>\nMax. statisk totalbelastning: 105 kg<br \/>\nIdealt antal katter: Upp till 5 (var och en \u2264 20 kg)<\/p>\n","protected":false},"excerpt":{"rendered":"<p>Feandrea kl\u00e4ttertr\u00e4d, med sj\u00e4lvuppv\u00e4rmande t\u00e4cken, f\u00f6r stora katter, kattkl\u00e4ttertr\u00e4d, 2 kattborstar, 9 \u00d8 11,1 cm tjocka stammar, stora plattformar, grotta<\/p>\n","protected":false},"featured_media":45086,"comment_status":"open","ping_status":"closed","template":"","meta":[],"product_brand":[],"product_cat":[33],"product_tag":[],"class_list":{"0":"post-17984","1":"product","2":"type-product","3":"status-publish","4":"has-post-thumbnail","6":"product_cat-okategoriserad","8":"first","9":"instock","10":"shipping-taxable","11":"purchasable","12":"product-type-simple"},"_links":{"self":[{"href":"https:\/\/nordicmart.andreevmaster.com\/sv\/wp-json\/wp\/v2\/product\/17984","targetHints":{"allow":["GET"]}}],"collection":[{"href":"https:\/\/nordicmart.andreevmaster.com\/sv\/wp-json\/wp\/v2\/product"}],"about":[{"href":"https:\/\/nordicmart.andreevmaster.com\/sv\/wp-json\/wp\/v2\/types\/product"}],"replies":[{"embeddable":true,"href":"https:\/\/nordicmart.andreevmaster.com\/sv\/wp-json\/wp\/v2\/comments?post=17984"}],"wp:featuredmedia":[{"embeddable":true,"href":"https:\/\/nordicmart.andreevmaster.com\/sv\/wp-json\/wp\/v2\/media\/45086"}],"wp:attachment":[{"href":"https:\/\/nordicmart.andreevmaster.com\/sv\/wp-json\/wp\/v2\/media?parent=17984"}],"wp:term":[{"taxonomy":"product_brand","embeddable":true,"href":"https:\/\/nordicmart.andreevmaster.com\/sv\/wp-json\/wp\/v2\/product_brand?post=17984"},{"taxonomy":"product_cat","embeddable":true,"href":"https:\/\/nordicmart.andreevmaster.com\/sv\/wp-json\/wp\/v2\/product_cat?post=17984"},{"taxonomy":"product_tag","embeddable":true,"href":"https:\/\/nordicmart.andreevmaster.com\/sv\/wp-json\/wp\/v2\/product_tag?post=17984"}],"curies":[{"name":"wp","href":"https:\/\/api.w.org\/{rel}","templated":true}]}}