{"id":17981,"date":"2026-02-27T00:37:32","date_gmt":"2026-02-27T00:37:32","guid":{"rendered":"https:\/\/nordicmart.andreevmaster.com\/product\/feandrea-klosstang-med-grottor-50-x-50-x-141-cm-kramvit\/"},"modified":"2026-02-27T08:26:36","modified_gmt":"2026-02-27T08:26:36","slug":"feandrea-klosstang-med-grottor-50-x-50-x-141-cm-kramvit","status":"publish","type":"product","link":"https:\/\/nordicmart.andreevmaster.com\/sv\/produkt\/feandrea-klosstang-med-grottor-50-x-50-x-141-cm-kramvit\/","title":{"rendered":"Feandrea kl\u00f6sst\u00e5ng med grottor 50 x 50 x 141 cm kr\u00e4mvit"},"content":{"rendered":"<p>Feandrea Stor kl\u00f6sst\u00e5ng, M kattkl\u00f6sst\u00e5ng, med grotta, h\u00e4ngmatta, plyschplattform, tunnel, sisalstammar, kl\u00f6sbr\u00e4da, 50 x 50 x 141 cm, ljusgr\u00e5-naturf\u00e4rgad PCT002N01<br \/>\nF\u00e4rg: kr\u00e4mvit<br \/>\nMaterial: sp\u00e5nskiva, plysch, sisal<br \/>\nStorlek: 50 x 50 x 141 cm (L x B x H)<br \/>\nVikt: 22,3 kg<br \/>\nMax. total statisk belastningskapacitet: 83 kg<br \/>\nIdealt antal katter: \u2264 5 (var och en \u2264 10 kg)<\/p>\n","protected":false},"excerpt":{"rendered":"<p>Feandrea Stor kl\u00f6sst\u00e5ng, M kattkl\u00f6sst\u00e5ng, med grotta, h\u00e4ngmatta, plyschplattform, tunnel, sisalstammar, kl\u00f6sbr\u00e4da, 50 x 50 x 141 cm, ljusgr\u00e5-naturf\u00e4rgad PCT002N01<\/p>\n","protected":false},"featured_media":0,"comment_status":"open","ping_status":"closed","template":"","meta":[],"product_brand":[],"product_cat":[33],"product_tag":[],"class_list":{"0":"post-17981","1":"product","2":"type-product","3":"status-publish","5":"product_cat-okategoriserad","7":"first","8":"instock","9":"shipping-taxable","10":"purchasable","11":"product-type-simple"},"_links":{"self":[{"href":"https:\/\/nordicmart.andreevmaster.com\/sv\/wp-json\/wp\/v2\/product\/17981","targetHints":{"allow":["GET"]}}],"collection":[{"href":"https:\/\/nordicmart.andreevmaster.com\/sv\/wp-json\/wp\/v2\/product"}],"about":[{"href":"https:\/\/nordicmart.andreevmaster.com\/sv\/wp-json\/wp\/v2\/types\/product"}],"replies":[{"embeddable":true,"href":"https:\/\/nordicmart.andreevmaster.com\/sv\/wp-json\/wp\/v2\/comments?post=17981"}],"wp:attachment":[{"href":"https:\/\/nordicmart.andreevmaster.com\/sv\/wp-json\/wp\/v2\/media?parent=17981"}],"wp:term":[{"taxonomy":"product_brand","embeddable":true,"href":"https:\/\/nordicmart.andreevmaster.com\/sv\/wp-json\/wp\/v2\/product_brand?post=17981"},{"taxonomy":"product_cat","embeddable":true,"href":"https:\/\/nordicmart.andreevmaster.com\/sv\/wp-json\/wp\/v2\/product_cat?post=17981"},{"taxonomy":"product_tag","embeddable":true,"href":"https:\/\/nordicmart.andreevmaster.com\/sv\/wp-json\/wp\/v2\/product_tag?post=17981"}],"curies":[{"name":"wp","href":"https:\/\/api.w.org\/{rel}","templated":true}]}}