{"id":17972,"date":"2026-02-27T00:37:30","date_gmt":"2026-02-27T00:37:30","guid":{"rendered":"https:\/\/nordicmart.andreevmaster.com\/product\/feandrea-kattlada-med-klosmatta-90-x-48-x-615-cm-vit-guldfargad\/"},"modified":"2026-02-27T08:26:34","modified_gmt":"2026-02-27T08:26:34","slug":"feandrea-kattlada-med-klosmatta-90-x-48-x-615-cm-vit-guldfargad","status":"publish","type":"product","link":"https:\/\/nordicmart.andreevmaster.com\/sv\/produkt\/feandrea-kattlada-med-klosmatta-90-x-48-x-615-cm-vit-guldfargad\/","title":{"rendered":"Feandrea kattl\u00e5da med kl\u00f6smatta 90 x 48 x 61,5 cm vit-guldf\u00e4rgad"},"content":{"rendered":"<p>Feandrea kattl\u00e5da, kattstuga, katttoalett, med kl\u00f6smatta, h\u00f6ga ben, f\u00f6r katter, sidobord, 80 x 50 x 55 cm, vit-guldf\u00e4rgad PCL007W01<br \/>\nF\u00e4rg: Vit-guldf\u00e4rgad<br \/>\nMaterial: Sp\u00e5nskiva, st\u00e5l<br \/>\nStorlek: 90 x 48 x 61,5 cm (L x B x H)<br \/>\nVikt: 18,7 kg<br \/>\nMax. statisk belastningskapacitet f\u00f6r ytan: 60 kg<br \/>\nMax. statisk belastningskapacitet f\u00f6r botten: 30 kg<\/p>\n","protected":false},"excerpt":{"rendered":"<p>Feandrea kattl\u00e5da, kattstuga, katttoalett, med kl\u00f6smatta, h\u00f6ga ben, f\u00f6r katter, sidobord, 80 x 50 x 55 cm, vit-guldf\u00e4rgad PCL007W01<\/p>\n","protected":false},"featured_media":45078,"comment_status":"open","ping_status":"closed","template":"","meta":[],"product_brand":[],"product_cat":[33],"product_tag":[],"class_list":{"0":"post-17972","1":"product","2":"type-product","3":"status-publish","4":"has-post-thumbnail","6":"product_cat-okategoriserad","8":"first","9":"instock","10":"shipping-taxable","11":"purchasable","12":"product-type-simple"},"_links":{"self":[{"href":"https:\/\/nordicmart.andreevmaster.com\/sv\/wp-json\/wp\/v2\/product\/17972","targetHints":{"allow":["GET"]}}],"collection":[{"href":"https:\/\/nordicmart.andreevmaster.com\/sv\/wp-json\/wp\/v2\/product"}],"about":[{"href":"https:\/\/nordicmart.andreevmaster.com\/sv\/wp-json\/wp\/v2\/types\/product"}],"replies":[{"embeddable":true,"href":"https:\/\/nordicmart.andreevmaster.com\/sv\/wp-json\/wp\/v2\/comments?post=17972"}],"wp:featuredmedia":[{"embeddable":true,"href":"https:\/\/nordicmart.andreevmaster.com\/sv\/wp-json\/wp\/v2\/media\/45078"}],"wp:attachment":[{"href":"https:\/\/nordicmart.andreevmaster.com\/sv\/wp-json\/wp\/v2\/media?parent=17972"}],"wp:term":[{"taxonomy":"product_brand","embeddable":true,"href":"https:\/\/nordicmart.andreevmaster.com\/sv\/wp-json\/wp\/v2\/product_brand?post=17972"},{"taxonomy":"product_cat","embeddable":true,"href":"https:\/\/nordicmart.andreevmaster.com\/sv\/wp-json\/wp\/v2\/product_cat?post=17972"},{"taxonomy":"product_tag","embeddable":true,"href":"https:\/\/nordicmart.andreevmaster.com\/sv\/wp-json\/wp\/v2\/product_tag?post=17972"}],"curies":[{"name":"wp","href":"https:\/\/api.w.org\/{rel}","templated":true}]}}