{"id":17969,"date":"2026-02-27T00:37:29","date_gmt":"2026-02-27T00:37:29","guid":{"rendered":"https:\/\/nordicmart.andreevmaster.com\/product\/feandrea-kattlada-med-push-to-open-dorrar-for-stora-katter\/"},"modified":"2026-02-27T08:26:33","modified_gmt":"2026-02-27T08:26:33","slug":"feandrea-kattlada-med-push-to-open-dorrar-for-stora-katter","status":"publish","type":"product","link":"https:\/\/nordicmart.andreevmaster.com\/sv\/produkt\/feandrea-kattlada-med-push-to-open-dorrar-for-stora-katter\/","title":{"rendered":"Feandrea kattl\u00e5da med push-to-open-d\u00f6rrar f\u00f6r stora katter"},"content":{"rendered":"<p>SONGMICS HOME kattl\u00e5da, verktygsfri teknik, kattkoja, f\u00f6r stora katter, push-to-open-d\u00f6rrar, sidobord, minimalistisk, supersnabb verktygsfri montering, sn\u00f6vit PCL013W01<\/p>\n","protected":false},"excerpt":{"rendered":"<p>SONGMICS HOME kattl\u00e5da, verktygsfri teknik, kattkoja, f\u00f6r stora katter, push-to-open-d\u00f6rrar, sidobord, minimalistisk, supersnabb verktygsfri montering, sn\u00f6vit PCL013W01<\/p>\n","protected":false},"featured_media":45076,"comment_status":"open","ping_status":"closed","template":"","meta":[],"product_brand":[],"product_cat":[33],"product_tag":[],"class_list":{"0":"post-17969","1":"product","2":"type-product","3":"status-publish","4":"has-post-thumbnail","6":"product_cat-okategoriserad","8":"first","9":"instock","10":"shipping-taxable","11":"purchasable","12":"product-type-simple"},"_links":{"self":[{"href":"https:\/\/nordicmart.andreevmaster.com\/sv\/wp-json\/wp\/v2\/product\/17969","targetHints":{"allow":["GET"]}}],"collection":[{"href":"https:\/\/nordicmart.andreevmaster.com\/sv\/wp-json\/wp\/v2\/product"}],"about":[{"href":"https:\/\/nordicmart.andreevmaster.com\/sv\/wp-json\/wp\/v2\/types\/product"}],"replies":[{"embeddable":true,"href":"https:\/\/nordicmart.andreevmaster.com\/sv\/wp-json\/wp\/v2\/comments?post=17969"}],"wp:featuredmedia":[{"embeddable":true,"href":"https:\/\/nordicmart.andreevmaster.com\/sv\/wp-json\/wp\/v2\/media\/45076"}],"wp:attachment":[{"href":"https:\/\/nordicmart.andreevmaster.com\/sv\/wp-json\/wp\/v2\/media?parent=17969"}],"wp:term":[{"taxonomy":"product_brand","embeddable":true,"href":"https:\/\/nordicmart.andreevmaster.com\/sv\/wp-json\/wp\/v2\/product_brand?post=17969"},{"taxonomy":"product_cat","embeddable":true,"href":"https:\/\/nordicmart.andreevmaster.com\/sv\/wp-json\/wp\/v2\/product_cat?post=17969"},{"taxonomy":"product_tag","embeddable":true,"href":"https:\/\/nordicmart.andreevmaster.com\/sv\/wp-json\/wp\/v2\/product_tag?post=17969"}],"curies":[{"name":"wp","href":"https:\/\/api.w.org\/{rel}","templated":true}]}}