{"id":17964,"date":"2026-02-27T00:37:28","date_gmt":"2026-02-27T00:37:28","guid":{"rendered":"https:\/\/nordicmart.andreevmaster.com\/product\/feandrea-kattlada-med-klosmatta-och-ben-guldfargad\/"},"modified":"2026-02-27T08:26:32","modified_gmt":"2026-02-27T08:26:32","slug":"feandrea-kattlada-med-klosmatta-och-ben-guldfargad","status":"publish","type":"product","link":"https:\/\/nordicmart.andreevmaster.com\/sv\/produkt\/feandrea-kattlada-med-klosmatta-och-ben-guldfargad\/","title":{"rendered":"Feandrea kattl\u00e5da med kl\u00f6smatta och ben guldf\u00e4rgad"},"content":{"rendered":"<p>Feandrea kattl\u00e5da, kattstuga, katttoalett, med kl\u00f6smatta, h\u00f6ga ben, f\u00f6r katter, sidobord, 80 x 50 x 55 cm, vit-guldf\u00e4rgad PCL007W01<br \/>\nF\u00e4rg: Svart-guldf\u00e4rgad<br \/>\nMaterial: Sp\u00e5nskiva, st\u00e5l<br \/>\nStorlek: 80 x 50 x 55 cm (L x B x H)<br \/>\nVikt: 16,3 kg<br \/>\nMax. statisk belastningskapacitet f\u00f6r ytan: 60 kg<br \/>\nMax. statisk belastningskapacitet f\u00f6r golvet: 30 kg<\/p>\n","protected":false},"excerpt":{"rendered":"<p>Feandrea kattl\u00e5da, kattstuga, katttoalett, med kl\u00f6smatta, h\u00f6ga ben, f\u00f6r katter, sidobord, 80 x 50 x 55 cm, vit-guldf\u00e4rgad PCL007W01<\/p>\n","protected":false},"featured_media":45071,"comment_status":"open","ping_status":"closed","template":"","meta":[],"product_brand":[],"product_cat":[33],"product_tag":[],"class_list":{"0":"post-17964","1":"product","2":"type-product","3":"status-publish","4":"has-post-thumbnail","6":"product_cat-okategoriserad","8":"first","9":"instock","10":"shipping-taxable","11":"purchasable","12":"product-type-simple"},"_links":{"self":[{"href":"https:\/\/nordicmart.andreevmaster.com\/sv\/wp-json\/wp\/v2\/product\/17964","targetHints":{"allow":["GET"]}}],"collection":[{"href":"https:\/\/nordicmart.andreevmaster.com\/sv\/wp-json\/wp\/v2\/product"}],"about":[{"href":"https:\/\/nordicmart.andreevmaster.com\/sv\/wp-json\/wp\/v2\/types\/product"}],"replies":[{"embeddable":true,"href":"https:\/\/nordicmart.andreevmaster.com\/sv\/wp-json\/wp\/v2\/comments?post=17964"}],"wp:featuredmedia":[{"embeddable":true,"href":"https:\/\/nordicmart.andreevmaster.com\/sv\/wp-json\/wp\/v2\/media\/45071"}],"wp:attachment":[{"href":"https:\/\/nordicmart.andreevmaster.com\/sv\/wp-json\/wp\/v2\/media?parent=17964"}],"wp:term":[{"taxonomy":"product_brand","embeddable":true,"href":"https:\/\/nordicmart.andreevmaster.com\/sv\/wp-json\/wp\/v2\/product_brand?post=17964"},{"taxonomy":"product_cat","embeddable":true,"href":"https:\/\/nordicmart.andreevmaster.com\/sv\/wp-json\/wp\/v2\/product_cat?post=17964"},{"taxonomy":"product_tag","embeddable":true,"href":"https:\/\/nordicmart.andreevmaster.com\/sv\/wp-json\/wp\/v2\/product_tag?post=17964"}],"curies":[{"name":"wp","href":"https:\/\/api.w.org\/{rel}","templated":true}]}}