{"id":17962,"date":"2026-02-27T00:37:27","date_gmt":"2026-02-27T00:37:27","guid":{"rendered":"https:\/\/nordicmart.andreevmaster.com\/product\/feandrea-katttoalett-med-dorrar\/"},"modified":"2026-02-27T08:26:32","modified_gmt":"2026-02-27T08:26:32","slug":"feandrea-katttoalett-med-dorrar","status":"publish","type":"product","link":"https:\/\/nordicmart.andreevmaster.com\/sv\/produkt\/feandrea-katttoalett-med-dorrar\/","title":{"rendered":"Feandrea katttoalett med d\u00f6rrar"},"content":{"rendered":"<p>Avfallshantering kan vara illaluktande och ful, men det beh\u00f6ver inte denna sk\u00e5p vara. Det \u00e4r en elegant l\u00f6sning som d\u00f6ljer r\u00f6ran och lukt och ger dina katter lite privatliv. Varf\u00f6r ska du v\u00e4lja FEANDREA kattkl\u00f6sbord? &#8211; Tillverkad av sp\u00e5nskivor, den \u00e4r stark och h\u00e5llbar &#8211; En sv\u00e4ngd ing\u00e5ng ger mer kul f\u00f6r dina huskatter &#8211; Skiljev\u00e4ggen kan tas bort f\u00f6r att skapa mer utrymme &#8211; Tack vare den stora ovansidan kan denna m\u00f6bel ocks\u00e5 anv\u00e4ndas som sidobord eller nattduksbord &#8211; Tv\u00e5 d\u00f6rrar med handtag ger enkel \u00e5tkomst till kattgarderoben f\u00f6r att kasta bort kattsanden &#8211; Den rustika ytan och de unika d\u00f6rrarna i lantlig stil f\u00f6rh\u00f6jer ditt rum &#8211; Tack vare den enkla monteringsanvisningen kan det monteras p\u00e5 20 minuter Produktdetaljer:- F\u00e4rg: Vintagebrun-svart &#8211; Material: Sp\u00e5nskiva &#8211; Storlek: 80 x 53 x 49,2 cm (L x B x H) &#8211; Vikt: 14,9 kg &#8211; Max. statisk belastningsf\u00f6rm\u00e5ga: 60 kg FEANDREA Anm\u00e4rkningar: &#8211; F\u00f6r s\u00e4kerhets skull, st\u00e4ll dig inte p\u00e5 eller s\u00e4tt dig inte p\u00e5 produkten.<\/p>\n","protected":false},"excerpt":{"rendered":"<p>Feandrea katttoalett, kattkoja, med d\u00f6rrar, vintagebrun-svart PCL002X02<\/p>\n","protected":false},"featured_media":45069,"comment_status":"open","ping_status":"closed","template":"","meta":[],"product_brand":[],"product_cat":[33],"product_tag":[],"class_list":{"0":"post-17962","1":"product","2":"type-product","3":"status-publish","4":"has-post-thumbnail","6":"product_cat-okategoriserad","8":"first","9":"instock","10":"shipping-taxable","11":"purchasable","12":"product-type-simple"},"_links":{"self":[{"href":"https:\/\/nordicmart.andreevmaster.com\/sv\/wp-json\/wp\/v2\/product\/17962","targetHints":{"allow":["GET"]}}],"collection":[{"href":"https:\/\/nordicmart.andreevmaster.com\/sv\/wp-json\/wp\/v2\/product"}],"about":[{"href":"https:\/\/nordicmart.andreevmaster.com\/sv\/wp-json\/wp\/v2\/types\/product"}],"replies":[{"embeddable":true,"href":"https:\/\/nordicmart.andreevmaster.com\/sv\/wp-json\/wp\/v2\/comments?post=17962"}],"wp:featuredmedia":[{"embeddable":true,"href":"https:\/\/nordicmart.andreevmaster.com\/sv\/wp-json\/wp\/v2\/media\/45069"}],"wp:attachment":[{"href":"https:\/\/nordicmart.andreevmaster.com\/sv\/wp-json\/wp\/v2\/media?parent=17962"}],"wp:term":[{"taxonomy":"product_brand","embeddable":true,"href":"https:\/\/nordicmart.andreevmaster.com\/sv\/wp-json\/wp\/v2\/product_brand?post=17962"},{"taxonomy":"product_cat","embeddable":true,"href":"https:\/\/nordicmart.andreevmaster.com\/sv\/wp-json\/wp\/v2\/product_cat?post=17962"},{"taxonomy":"product_tag","embeddable":true,"href":"https:\/\/nordicmart.andreevmaster.com\/sv\/wp-json\/wp\/v2\/product_tag?post=17962"}],"curies":[{"name":"wp","href":"https:\/\/api.w.org\/{rel}","templated":true}]}}