{"id":17957,"date":"2026-02-27T00:37:25","date_gmt":"2026-02-27T00:37:25","guid":{"rendered":"https:\/\/nordicmart.andreevmaster.com\/product\/feandrea-kattlada-med-dorrar\/"},"modified":"2026-02-27T08:26:31","modified_gmt":"2026-02-27T08:26:31","slug":"feandrea-kattlada-med-dorrar","status":"publish","type":"product","link":"https:\/\/nordicmart.andreevmaster.com\/sv\/produkt\/feandrea-kattlada-med-dorrar\/","title":{"rendered":"Feandrea kattl\u00e5da med d\u00f6rrar"},"content":{"rendered":"<p>Katttoaletter kan vara illaluktande och fula, men det beh\u00f6ver de inte vara. Finns det en enkel l\u00f6sning p\u00e5 detta? En sluten katttoalett som d\u00f6ljer det fula, minskar lukten, l\u00e5ter mindre kattstr\u00f6 falla ut och ger din katt mer privatliv. Vad g\u00f6r FEANDREA kattl\u00e5da med d\u00f6rrar s\u00e5 speciell? &#8211; Rustik stil: Den rustika looken och ladug\u00e5rdsd\u00f6rrarna f\u00f6rh\u00f6jer ditt hem. &#8211; Sluten kabin: H\u00e5ller nyfikna hundar borta. &#8211; H\u00f6gkvalitativa material: Den \u00e4r slitstark och rept\u00e5lig, robust, h\u00e5llbar och l\u00e4tt att reng\u00f6ra. &#8211; Dubbeld\u00f6rrar: Ger enkel \u00e5tkomst till kattl\u00e5dan f\u00f6r att skopa ur kattsanden. &#8211; Dubbla magnetl\u00e5s: S\u00e5 att d\u00f6rrarna f\u00f6rblir ordentligt st\u00e4ngda och inte \u00f6ppnas av sig sj\u00e4lva. &#8211; Skyddar golvet: Golvskydd f\u00f6rhindrar repor p\u00e5 golvet. &#8211; Enkel montering: En l\u00e4ttf\u00f6rst\u00e5elig bruksanvisning hj\u00e4lper dig att montera kattm\u00f6beln p\u00e5 20 minuter. Produktdetaljer: &#8211; F\u00e4rg: Greige &#8211; Material: Sp\u00e5nskiva, MDF (medeldensitetsfiberplatta) &#8211; Storlek: 80 x 53 x 49,2 cm (L x B x H) &#8211; Vikt: 15,8 kg &#8211; Max. statisk belastningskapacitet f\u00f6r hyllan (med skiljev\u00e4gg): 60 kg &#8211; Max. statisk belastningskapacitet f\u00f6r hyllan (utan skiljev\u00e4gg): 10 kg &#8211; Max. statisk belastningskapacitet f\u00f6r golvet: 30 kg Leveransomfattning:- 1 x kattl\u00e5da &#8211; 1 x tillbeh\u00f6rspaket &#8211; 1 x bruksanvisning FEANDREA Anm\u00e4rkningar: &#8211; Trampa inte p\u00e5 eller s\u00e4tt dig inte p\u00e5 produkten. &#8211; Med den inre skiljev\u00e4ggen \u00e4r den maximala statiska b\u00e4rf\u00f6rm\u00e5gan f\u00f6r ytan 60 kg. Utan skiljev\u00e4ggen \u00e4r den 10 kg.<\/p>\n","protected":false},"excerpt":{"rendered":"<p>Feandrea katttoalett, kattkoja, med d\u00f6rrar, vintagebrun-svart PCL002X02<\/p>\n","protected":false},"featured_media":0,"comment_status":"open","ping_status":"closed","template":"","meta":[],"product_brand":[],"product_cat":[33],"product_tag":[],"class_list":{"0":"post-17957","1":"product","2":"type-product","3":"status-publish","5":"product_cat-okategoriserad","7":"first","8":"instock","9":"shipping-taxable","10":"purchasable","11":"product-type-simple"},"_links":{"self":[{"href":"https:\/\/nordicmart.andreevmaster.com\/sv\/wp-json\/wp\/v2\/product\/17957","targetHints":{"allow":["GET"]}}],"collection":[{"href":"https:\/\/nordicmart.andreevmaster.com\/sv\/wp-json\/wp\/v2\/product"}],"about":[{"href":"https:\/\/nordicmart.andreevmaster.com\/sv\/wp-json\/wp\/v2\/types\/product"}],"replies":[{"embeddable":true,"href":"https:\/\/nordicmart.andreevmaster.com\/sv\/wp-json\/wp\/v2\/comments?post=17957"}],"wp:attachment":[{"href":"https:\/\/nordicmart.andreevmaster.com\/sv\/wp-json\/wp\/v2\/media?parent=17957"}],"wp:term":[{"taxonomy":"product_brand","embeddable":true,"href":"https:\/\/nordicmart.andreevmaster.com\/sv\/wp-json\/wp\/v2\/product_brand?post=17957"},{"taxonomy":"product_cat","embeddable":true,"href":"https:\/\/nordicmart.andreevmaster.com\/sv\/wp-json\/wp\/v2\/product_cat?post=17957"},{"taxonomy":"product_tag","embeddable":true,"href":"https:\/\/nordicmart.andreevmaster.com\/sv\/wp-json\/wp\/v2\/product_tag?post=17957"}],"curies":[{"name":"wp","href":"https:\/\/api.w.org\/{rel}","templated":true}]}}