{"id":17956,"date":"2026-02-27T00:37:25","date_gmt":"2026-02-27T00:37:25","guid":{"rendered":"https:\/\/nordicmart.andreevmaster.com\/product\/clickat-planet-kattmobler-klattervagg-10-pack\/"},"modified":"2026-02-27T08:26:30","modified_gmt":"2026-02-27T08:26:30","slug":"clickat-planet-kattmobler-klattervagg-10-pack","status":"publish","type":"product","link":"https:\/\/nordicmart.andreevmaster.com\/sv\/produkt\/clickat-planet-kattmobler-klattervagg-10-pack\/","title":{"rendered":"Clickat Planet \u2013 kattm\u00f6bler kl\u00e4tterv\u00e4gg 10-pack"},"content":{"rendered":"<p>Feandrea Clickat kl\u00e4tterv\u00e4gg Kattkl\u00f6sm\u00f6bel med h\u00e4ngmatta, kattb\u00e4dd, kl\u00f6sst\u00e5ng, kattkoja, kattstege, matstation, h\u00e4ngbro PCK902T66<br \/>\n&#8211; F\u00e4rg: havregrynsbrun-kaffebrun<br \/>\n&#8211; Material: sp\u00e5nskiva, filt, mattmaterial, bomulls-linne-tyg, furu, PET-plast, akryl<br \/>\n&#8211; Storlek: 249,6 x 296,1 cm (L x H)<br \/>\n&#8211; Vikt: 59,1 kg<\/p>\n","protected":false},"excerpt":{"rendered":"<p>Feandrea Clickat kl\u00e4tterv\u00e4gg Kattkl\u00f6sm\u00f6bel med h\u00e4ngmatta, kattb\u00e4dd, kl\u00f6sst\u00e5ng, kattkoja, kattstege, matstation, h\u00e4ngbro PCK902T66<\/p>\n","protected":false},"featured_media":45067,"comment_status":"open","ping_status":"closed","template":"","meta":[],"product_brand":[],"product_cat":[33],"product_tag":[],"class_list":{"0":"post-17956","1":"product","2":"type-product","3":"status-publish","4":"has-post-thumbnail","6":"product_cat-okategoriserad","8":"first","9":"instock","10":"shipping-taxable","11":"purchasable","12":"product-type-simple"},"_links":{"self":[{"href":"https:\/\/nordicmart.andreevmaster.com\/sv\/wp-json\/wp\/v2\/product\/17956","targetHints":{"allow":["GET"]}}],"collection":[{"href":"https:\/\/nordicmart.andreevmaster.com\/sv\/wp-json\/wp\/v2\/product"}],"about":[{"href":"https:\/\/nordicmart.andreevmaster.com\/sv\/wp-json\/wp\/v2\/types\/product"}],"replies":[{"embeddable":true,"href":"https:\/\/nordicmart.andreevmaster.com\/sv\/wp-json\/wp\/v2\/comments?post=17956"}],"wp:featuredmedia":[{"embeddable":true,"href":"https:\/\/nordicmart.andreevmaster.com\/sv\/wp-json\/wp\/v2\/media\/45067"}],"wp:attachment":[{"href":"https:\/\/nordicmart.andreevmaster.com\/sv\/wp-json\/wp\/v2\/media?parent=17956"}],"wp:term":[{"taxonomy":"product_brand","embeddable":true,"href":"https:\/\/nordicmart.andreevmaster.com\/sv\/wp-json\/wp\/v2\/product_brand?post=17956"},{"taxonomy":"product_cat","embeddable":true,"href":"https:\/\/nordicmart.andreevmaster.com\/sv\/wp-json\/wp\/v2\/product_cat?post=17956"},{"taxonomy":"product_tag","embeddable":true,"href":"https:\/\/nordicmart.andreevmaster.com\/sv\/wp-json\/wp\/v2\/product_tag?post=17956"}],"curies":[{"name":"wp","href":"https:\/\/api.w.org\/{rel}","templated":true}]}}