{"id":17954,"date":"2026-02-27T00:37:25","date_gmt":"2026-02-27T00:37:25","guid":{"rendered":"https:\/\/nordicmart.andreevmaster.com\/product\/clickat-oasis-kattmobler-klattervagg-5-pack\/"},"modified":"2026-02-27T08:26:30","modified_gmt":"2026-02-27T08:26:30","slug":"clickat-oasis-kattmobler-klattervagg-5-pack","status":"publish","type":"product","link":"https:\/\/nordicmart.andreevmaster.com\/sv\/produkt\/clickat-oasis-kattmobler-klattervagg-5-pack\/","title":{"rendered":"Clickat Oasis \u2013 kattm\u00f6bler kl\u00e4tterv\u00e4gg 5-pack"},"content":{"rendered":"<p>Feandrea Clickat Oasis kl\u00e4tterv\u00e4gg f\u00f6r katter, kattm\u00f6bler 5-pack, kattbr\u00e4da, h\u00e4ngmatta, kl\u00f6sstolpe, kattgrotta, utbytbara och tv\u00e4ttbara delar, havregrynsbrun-kaffebrun PCK900T66<br \/>\nF\u00e4rg: Havregrynsbrun-kaffebrun<br \/>\nMaterial: Sp\u00e5nskiva, filt, mattmaterial, bomulls- och linnetyg, furu, PET-plast<br \/>\nStorlek: 140,5 x 142,9 cm (L x H)<br \/>\nVikt: 18,2 kg<\/p>\n","protected":false},"excerpt":{"rendered":"<p>Feandrea Clickat Oasis kl\u00e4tterv\u00e4gg f\u00f6r katter, kattm\u00f6bler 5-pack, kattbr\u00e4da, h\u00e4ngmatta, kl\u00f6sstolpe, kattgrotta, utbytbara och tv\u00e4ttbara delar, havregrynsbrun-kaffebrun PCK900T66<\/p>\n","protected":false},"featured_media":45065,"comment_status":"open","ping_status":"closed","template":"","meta":[],"product_brand":[],"product_cat":[33],"product_tag":[],"class_list":{"0":"post-17954","1":"product","2":"type-product","3":"status-publish","4":"has-post-thumbnail","6":"product_cat-okategoriserad","8":"first","9":"instock","10":"shipping-taxable","11":"purchasable","12":"product-type-simple"},"_links":{"self":[{"href":"https:\/\/nordicmart.andreevmaster.com\/sv\/wp-json\/wp\/v2\/product\/17954","targetHints":{"allow":["GET"]}}],"collection":[{"href":"https:\/\/nordicmart.andreevmaster.com\/sv\/wp-json\/wp\/v2\/product"}],"about":[{"href":"https:\/\/nordicmart.andreevmaster.com\/sv\/wp-json\/wp\/v2\/types\/product"}],"replies":[{"embeddable":true,"href":"https:\/\/nordicmart.andreevmaster.com\/sv\/wp-json\/wp\/v2\/comments?post=17954"}],"wp:featuredmedia":[{"embeddable":true,"href":"https:\/\/nordicmart.andreevmaster.com\/sv\/wp-json\/wp\/v2\/media\/45065"}],"wp:attachment":[{"href":"https:\/\/nordicmart.andreevmaster.com\/sv\/wp-json\/wp\/v2\/media?parent=17954"}],"wp:term":[{"taxonomy":"product_brand","embeddable":true,"href":"https:\/\/nordicmart.andreevmaster.com\/sv\/wp-json\/wp\/v2\/product_brand?post=17954"},{"taxonomy":"product_cat","embeddable":true,"href":"https:\/\/nordicmart.andreevmaster.com\/sv\/wp-json\/wp\/v2\/product_cat?post=17954"},{"taxonomy":"product_tag","embeddable":true,"href":"https:\/\/nordicmart.andreevmaster.com\/sv\/wp-json\/wp\/v2\/product_tag?post=17954"}],"curies":[{"name":"wp","href":"https:\/\/api.w.org\/{rel}","templated":true}]}}