{"id":17953,"date":"2026-02-27T00:37:24","date_gmt":"2026-02-27T00:37:24","guid":{"rendered":"https:\/\/nordicmart.andreevmaster.com\/product\/clickat-clickat-kollektion-nr-010-kattgrotta-for-vaggmontering\/"},"modified":"2026-02-27T08:26:30","modified_gmt":"2026-02-27T08:26:30","slug":"clickat-clickat-kollektion-nr-010-kattgrotta-for-vaggmontering","status":"publish","type":"product","link":"https:\/\/nordicmart.andreevmaster.com\/sv\/produkt\/clickat-clickat-kollektion-nr-010-kattgrotta-for-vaggmontering\/","title":{"rendered":"Clickat Clickat-kollektion \u2013 nr 010 Kattgrotta f\u00f6r v\u00e4ggmontering"},"content":{"rendered":"<p>Feandrea Clickat kattgrotta, kattstuga v\u00e4gg, kl\u00e4tterv\u00e4gg f\u00f6r katter, kattm\u00f6bler, med katt-h\u00e4ngmatta, f\u00f6nster, utbytbara tv\u00e4ttbara kuddar, platsbesparande, havregrynsbrun PCK010T66<br \/>\nF\u00e4rg: Havregrynsbrun<br \/>\nMaterial: sp\u00e5nskiva, plysch, bomulls- och linnetyg, furu, PET-plast<br \/>\nStorlek: 46,6 x 29,5 x 46,6 cm (L x B x H)<br \/>\nVikt: 7,2 kg<br \/>\nMax. statisk belastningskapacitet: 38,5 kg<\/p>\n","protected":false},"excerpt":{"rendered":"<p>Feandrea Clickat kattgrotta, kattstuga v\u00e4gg, kl\u00e4tterv\u00e4gg f\u00f6r katter, kattm\u00f6bler, med katt-h\u00e4ngmatta, f\u00f6nster, utbytbara tv\u00e4ttbara kuddar, platsbesparande, havregrynsbrun PCK010T66<\/p>\n","protected":false},"featured_media":45064,"comment_status":"open","ping_status":"closed","template":"","meta":[],"product_brand":[],"product_cat":[33],"product_tag":[],"class_list":{"0":"post-17953","1":"product","2":"type-product","3":"status-publish","4":"has-post-thumbnail","6":"product_cat-okategoriserad","8":"first","9":"instock","10":"shipping-taxable","11":"purchasable","12":"product-type-simple"},"_links":{"self":[{"href":"https:\/\/nordicmart.andreevmaster.com\/sv\/wp-json\/wp\/v2\/product\/17953","targetHints":{"allow":["GET"]}}],"collection":[{"href":"https:\/\/nordicmart.andreevmaster.com\/sv\/wp-json\/wp\/v2\/product"}],"about":[{"href":"https:\/\/nordicmart.andreevmaster.com\/sv\/wp-json\/wp\/v2\/types\/product"}],"replies":[{"embeddable":true,"href":"https:\/\/nordicmart.andreevmaster.com\/sv\/wp-json\/wp\/v2\/comments?post=17953"}],"wp:featuredmedia":[{"embeddable":true,"href":"https:\/\/nordicmart.andreevmaster.com\/sv\/wp-json\/wp\/v2\/media\/45064"}],"wp:attachment":[{"href":"https:\/\/nordicmart.andreevmaster.com\/sv\/wp-json\/wp\/v2\/media?parent=17953"}],"wp:term":[{"taxonomy":"product_brand","embeddable":true,"href":"https:\/\/nordicmart.andreevmaster.com\/sv\/wp-json\/wp\/v2\/product_brand?post=17953"},{"taxonomy":"product_cat","embeddable":true,"href":"https:\/\/nordicmart.andreevmaster.com\/sv\/wp-json\/wp\/v2\/product_cat?post=17953"},{"taxonomy":"product_tag","embeddable":true,"href":"https:\/\/nordicmart.andreevmaster.com\/sv\/wp-json\/wp\/v2\/product_tag?post=17953"}],"curies":[{"name":"wp","href":"https:\/\/api.w.org\/{rel}","templated":true}]}}