{"id":17949,"date":"2026-02-27T00:37:23","date_gmt":"2026-02-27T00:37:23","guid":{"rendered":"https:\/\/nordicmart.andreevmaster.com\/product\/clickat-clickat-kollektion-nr-006-klosstolpe-for-vaggmontering\/"},"modified":"2026-02-27T08:26:29","modified_gmt":"2026-02-27T08:26:29","slug":"clickat-clickat-kollektion-nr-006-klosstolpe-for-vaggmontering","status":"publish","type":"product","link":"https:\/\/nordicmart.andreevmaster.com\/sv\/produkt\/clickat-clickat-kollektion-nr-006-klosstolpe-for-vaggmontering\/","title":{"rendered":"Clickat Clickat-kollektion \u2013 nr 006 Kl\u00f6sstolpe f\u00f6r v\u00e4ggmontering"},"content":{"rendered":"<p>Feandrea Clickat kl\u00f6sst\u00e5ng, kl\u00f6sst\u00e5ng, 101 cm h\u00f6g, kattkl\u00f6sst\u00e5ng 2 hyllor, kl\u00e4tterv\u00e4gg f\u00f6r katter, kattm\u00f6bler, utbytbara stamdelar, filtkuddar, havregrynsbrun-kaffebrun PCK006T66<br \/>\nF\u00e4rg: Havregrynsbrun-kaffebrun<br \/>\nMaterial: sp\u00e5nskiva, filt, mattmaterial, furu<br \/>\nStorlek: 10,6 x 28 x 101 cm (L x B x H)<br \/>\nVikt: 5,3 kg<br \/>\nMax. statisk belastningskapacitet: 38,5 kg<\/p>\n","protected":false},"excerpt":{"rendered":"<p>Feandrea Clickat kl\u00f6sst\u00e5ng, kl\u00f6sst\u00e5ng, 101 cm h\u00f6g, kattkl\u00f6sst\u00e5ng 2 hyllor, kl\u00e4tterv\u00e4gg f\u00f6r katter, kattm\u00f6bler, utbytbara stamdelar, filtkuddar, havregrynsbrun-kaffebrun PCK006T66<\/p>\n","protected":false},"featured_media":45060,"comment_status":"open","ping_status":"closed","template":"","meta":[],"product_brand":[],"product_cat":[33],"product_tag":[],"class_list":{"0":"post-17949","1":"product","2":"type-product","3":"status-publish","4":"has-post-thumbnail","6":"product_cat-okategoriserad","8":"first","9":"instock","10":"shipping-taxable","11":"purchasable","12":"product-type-simple"},"_links":{"self":[{"href":"https:\/\/nordicmart.andreevmaster.com\/sv\/wp-json\/wp\/v2\/product\/17949","targetHints":{"allow":["GET"]}}],"collection":[{"href":"https:\/\/nordicmart.andreevmaster.com\/sv\/wp-json\/wp\/v2\/product"}],"about":[{"href":"https:\/\/nordicmart.andreevmaster.com\/sv\/wp-json\/wp\/v2\/types\/product"}],"replies":[{"embeddable":true,"href":"https:\/\/nordicmart.andreevmaster.com\/sv\/wp-json\/wp\/v2\/comments?post=17949"}],"wp:featuredmedia":[{"embeddable":true,"href":"https:\/\/nordicmart.andreevmaster.com\/sv\/wp-json\/wp\/v2\/media\/45060"}],"wp:attachment":[{"href":"https:\/\/nordicmart.andreevmaster.com\/sv\/wp-json\/wp\/v2\/media?parent=17949"}],"wp:term":[{"taxonomy":"product_brand","embeddable":true,"href":"https:\/\/nordicmart.andreevmaster.com\/sv\/wp-json\/wp\/v2\/product_brand?post=17949"},{"taxonomy":"product_cat","embeddable":true,"href":"https:\/\/nordicmart.andreevmaster.com\/sv\/wp-json\/wp\/v2\/product_cat?post=17949"},{"taxonomy":"product_tag","embeddable":true,"href":"https:\/\/nordicmart.andreevmaster.com\/sv\/wp-json\/wp\/v2\/product_tag?post=17949"}],"curies":[{"name":"wp","href":"https:\/\/api.w.org\/{rel}","templated":true}]}}