{"id":17948,"date":"2026-02-27T00:37:23","date_gmt":"2026-02-27T00:37:23","guid":{"rendered":"https:\/\/nordicmart.andreevmaster.com\/product\/clickat-clickat-kollektion-nr-005-kattklosstang-med-klosstolpe\/"},"modified":"2026-02-27T08:26:29","modified_gmt":"2026-02-27T08:26:29","slug":"clickat-clickat-kollektion-nr-005-kattklosstang-med-klosstolpe","status":"publish","type":"product","link":"https:\/\/nordicmart.andreevmaster.com\/sv\/produkt\/clickat-clickat-kollektion-nr-005-kattklosstang-med-klosstolpe\/","title":{"rendered":"Clickat Clickat-kollektion &#8211; Nr 005 Kattkl\u00f6sst\u00e5ng med kl\u00f6sstolpe"},"content":{"rendered":"<p>Feandrea Clickat kl\u00f6sst\u00e5ng, modern kattkl\u00f6sst\u00e5ng, kattkoja med kl\u00f6sst\u00e5ng, kl\u00f6smatta, kattgrotta, plattformar, mjuk stege, utbytbara delar, havregrynsbrun-kaffebrun PCK005T66<br \/>\nF\u00e4rg: Havregrynbrun-kaffebrun<br \/>\nMaterial: Sp\u00e5nskiva, filt, mattmaterial, bomulls-linne-tyg, furu, PET-plast<br \/>\nStorlek: 89,7 x 40 x 100 cm (L x B x H)<br \/>\nVikt: 26 kg<br \/>\nMax. statisk belastningskapacitet: 38,5 kg<\/p>\n","protected":false},"excerpt":{"rendered":"<p>Feandrea Clickat kl\u00f6sst\u00e5ng, modern kattkl\u00f6sst\u00e5ng, kattkoja med kl\u00f6sst\u00e5ng, kl\u00f6smatta, kattgrotta, plattformar, mjuk stege, utbytbara delar, havregrynsbrun-kaffebrun PCK005T66<\/p>\n","protected":false},"featured_media":45059,"comment_status":"open","ping_status":"closed","template":"","meta":[],"product_brand":[],"product_cat":[33],"product_tag":[],"class_list":{"0":"post-17948","1":"product","2":"type-product","3":"status-publish","4":"has-post-thumbnail","6":"product_cat-okategoriserad","8":"first","9":"instock","10":"shipping-taxable","11":"purchasable","12":"product-type-simple"},"_links":{"self":[{"href":"https:\/\/nordicmart.andreevmaster.com\/sv\/wp-json\/wp\/v2\/product\/17948","targetHints":{"allow":["GET"]}}],"collection":[{"href":"https:\/\/nordicmart.andreevmaster.com\/sv\/wp-json\/wp\/v2\/product"}],"about":[{"href":"https:\/\/nordicmart.andreevmaster.com\/sv\/wp-json\/wp\/v2\/types\/product"}],"replies":[{"embeddable":true,"href":"https:\/\/nordicmart.andreevmaster.com\/sv\/wp-json\/wp\/v2\/comments?post=17948"}],"wp:featuredmedia":[{"embeddable":true,"href":"https:\/\/nordicmart.andreevmaster.com\/sv\/wp-json\/wp\/v2\/media\/45059"}],"wp:attachment":[{"href":"https:\/\/nordicmart.andreevmaster.com\/sv\/wp-json\/wp\/v2\/media?parent=17948"}],"wp:term":[{"taxonomy":"product_brand","embeddable":true,"href":"https:\/\/nordicmart.andreevmaster.com\/sv\/wp-json\/wp\/v2\/product_brand?post=17948"},{"taxonomy":"product_cat","embeddable":true,"href":"https:\/\/nordicmart.andreevmaster.com\/sv\/wp-json\/wp\/v2\/product_cat?post=17948"},{"taxonomy":"product_tag","embeddable":true,"href":"https:\/\/nordicmart.andreevmaster.com\/sv\/wp-json\/wp\/v2\/product_tag?post=17948"}],"curies":[{"name":"wp","href":"https:\/\/api.w.org\/{rel}","templated":true}]}}