{"id":17945,"date":"2026-02-27T00:37:22","date_gmt":"2026-02-27T00:37:22","guid":{"rendered":"https:\/\/nordicmart.andreevmaster.com\/product\/clickat-clickat-kollektion-nr-002-kattklatterhangmatta-for-vaggmontering\/"},"modified":"2026-02-27T08:26:28","modified_gmt":"2026-02-27T08:26:28","slug":"clickat-clickat-kollektion-nr-002-kattklatterhangmatta-for-vaggmontering","status":"publish","type":"product","link":"https:\/\/nordicmart.andreevmaster.com\/sv\/produkt\/clickat-clickat-kollektion-nr-002-kattklatterhangmatta-for-vaggmontering\/","title":{"rendered":"Clickat Clickat-kollektion \u2013 nr 002 Kattkl\u00e4tterh\u00e4ngmatta f\u00f6r v\u00e4ggmontering"},"content":{"rendered":"<p>Feandrea Clickat kl\u00e4tterh\u00e4ngmatta f\u00f6r katter, h\u00e4ngmatta f\u00f6r katter med stege, kl\u00e4tterv\u00e4gg f\u00f6r katter, tv\u00e4ttbart tyg som kan bytas ut, enkel montering och demontering, havregrynsbrun-kaffebrun PCK002T66<br \/>\nF\u00e4rg: Havregrynsbrun-kaffebrun<br \/>\nMaterial: Sp\u00e5nskiva, bomulls- och linnetyg, furu<br \/>\nStorlek: 87,2 x 28 x 41,4 cm (L x B x H)<br \/>\nVikt: 2,4 kg<br \/>\nMax. statisk belastningskapacitet: 38,5 kg<\/p>\n","protected":false},"excerpt":{"rendered":"<p>Feandrea Clickat kl\u00e4tterh\u00e4ngmatta f\u00f6r katter, h\u00e4ngmatta f\u00f6r katter med stege, kl\u00e4tterv\u00e4gg f\u00f6r katter, tv\u00e4ttbart tyg som kan bytas ut, enkel montering och demontering, havregrynsbrun-kaffebrun PCK002T66<\/p>\n","protected":false},"featured_media":45057,"comment_status":"open","ping_status":"closed","template":"","meta":[],"product_brand":[],"product_cat":[33],"product_tag":[],"class_list":{"0":"post-17945","1":"product","2":"type-product","3":"status-publish","4":"has-post-thumbnail","6":"product_cat-okategoriserad","8":"first","9":"instock","10":"shipping-taxable","11":"purchasable","12":"product-type-simple"},"_links":{"self":[{"href":"https:\/\/nordicmart.andreevmaster.com\/sv\/wp-json\/wp\/v2\/product\/17945","targetHints":{"allow":["GET"]}}],"collection":[{"href":"https:\/\/nordicmart.andreevmaster.com\/sv\/wp-json\/wp\/v2\/product"}],"about":[{"href":"https:\/\/nordicmart.andreevmaster.com\/sv\/wp-json\/wp\/v2\/types\/product"}],"replies":[{"embeddable":true,"href":"https:\/\/nordicmart.andreevmaster.com\/sv\/wp-json\/wp\/v2\/comments?post=17945"}],"wp:featuredmedia":[{"embeddable":true,"href":"https:\/\/nordicmart.andreevmaster.com\/sv\/wp-json\/wp\/v2\/media\/45057"}],"wp:attachment":[{"href":"https:\/\/nordicmart.andreevmaster.com\/sv\/wp-json\/wp\/v2\/media?parent=17945"}],"wp:term":[{"taxonomy":"product_brand","embeddable":true,"href":"https:\/\/nordicmart.andreevmaster.com\/sv\/wp-json\/wp\/v2\/product_brand?post=17945"},{"taxonomy":"product_cat","embeddable":true,"href":"https:\/\/nordicmart.andreevmaster.com\/sv\/wp-json\/wp\/v2\/product_cat?post=17945"},{"taxonomy":"product_tag","embeddable":true,"href":"https:\/\/nordicmart.andreevmaster.com\/sv\/wp-json\/wp\/v2\/product_tag?post=17945"}],"curies":[{"name":"wp","href":"https:\/\/api.w.org\/{rel}","templated":true}]}}