{"id":17942,"date":"2026-02-27T00:37:21","date_gmt":"2026-02-27T00:37:21","guid":{"rendered":"https:\/\/nordicmart.andreevmaster.com\/product\/feandrea-kattgrotta-med-2-baddar\/"},"modified":"2026-02-27T08:26:27","modified_gmt":"2026-02-27T08:26:27","slug":"feandrea-kattgrotta-med-2-baddar","status":"publish","type":"product","link":"https:\/\/nordicmart.andreevmaster.com\/sv\/produkt\/feandrea-kattgrotta-med-2-baddar\/","title":{"rendered":"Feandrea kattgrotta med 2 b\u00e4ddar"},"content":{"rendered":"<p>I FEANDREAs kreativa verkst\u00e4der hoppar tv\u00e5 s\u00f6ta kattungar runt och granskar alla kl\u00f6sst\u00e4nger personligen och ger sin djuriska feedback. P\u00e5 s\u00e5 s\u00e4tt f\u00e5r FEANDREAs designers f\u00f6rstahandsinformation, eller snarare f\u00f6rstapawinformation, om produkterna uppfyller kraven fr\u00e5n de bortsk\u00e4mda morrh\u00e5riga v\u00e4nnerna.\u00d6versikt \u00f6ver kl\u00f6sstammens h\u00f6jdpunkter: &#8211; Platsbesparande; s\u00e4rskilt l\u00e4mplig f\u00f6r sm\u00e5 l\u00e4genheter &#8211; 2 rymliga kattkojor av MDF; s\u00e4rskilt h\u00e5llbara &#8211; 2 fluffiga kuddar; avtagbara f\u00f6r enkel reng\u00f6ring &#8211; 1 sisalmadrass f\u00f6r stort kl\u00f6sgl\u00e4dje &#8211; 1 rolig p\u00e4lsboll &#8211; Stora \u00f6ppningar f\u00f6r enkel in- och utstigning Produktdetaljer:- F\u00e4rg: ljusgr\u00e5-m\u00f6rkgr\u00e5 &#8211; Material: MDF (medeldensitetsfiberplatta), plysch, sisal &#8211; Storlek: 40 x 40 x 64 cm (L x B x H) &#8211; Vikt: 10 kg Leveransomfattning: &#8211; 1 x kl\u00f6sst\u00e5ng &#8211; 1 x bruksanvisning (DE, EN, FR, ES, IT) FEANDREA Anm\u00e4rkningar:- Om din katt har rivit s\u00f6nder mysgrottorna, kontakta omedelbart v\u00e5r kundtj\u00e4nst f\u00f6r att f\u00e5 en ers\u00e4ttning eller hitta en annan l\u00f6sning, s\u00e5 att skador p\u00e5 grund av skadade delar kan undvikas. &#8211; P\u00e4lsbollarna \u00e4r endast avsedda f\u00f6r lek. Se till att din katt inte f\u00f6rs\u00f6ker \u00e4ta bollarna. Om s\u00e5 skulle vara fallet, ta bort leksaken omedelbart.<\/p>\n","protected":false},"excerpt":{"rendered":"<p>Feandrea kl\u00e4ttertr\u00e4d, kattgrotta, 64 cm h\u00f6g, tr\u00e4struktur PCB07GAX<\/p>\n","protected":false},"featured_media":0,"comment_status":"open","ping_status":"closed","template":"","meta":[],"product_brand":[],"product_cat":[33],"product_tag":[],"class_list":{"0":"post-17942","1":"product","2":"type-product","3":"status-publish","5":"product_cat-okategoriserad","7":"first","8":"instock","9":"shipping-taxable","10":"purchasable","11":"product-type-simple"},"_links":{"self":[{"href":"https:\/\/nordicmart.andreevmaster.com\/sv\/wp-json\/wp\/v2\/product\/17942","targetHints":{"allow":["GET"]}}],"collection":[{"href":"https:\/\/nordicmart.andreevmaster.com\/sv\/wp-json\/wp\/v2\/product"}],"about":[{"href":"https:\/\/nordicmart.andreevmaster.com\/sv\/wp-json\/wp\/v2\/types\/product"}],"replies":[{"embeddable":true,"href":"https:\/\/nordicmart.andreevmaster.com\/sv\/wp-json\/wp\/v2\/comments?post=17942"}],"wp:attachment":[{"href":"https:\/\/nordicmart.andreevmaster.com\/sv\/wp-json\/wp\/v2\/media?parent=17942"}],"wp:term":[{"taxonomy":"product_brand","embeddable":true,"href":"https:\/\/nordicmart.andreevmaster.com\/sv\/wp-json\/wp\/v2\/product_brand?post=17942"},{"taxonomy":"product_cat","embeddable":true,"href":"https:\/\/nordicmart.andreevmaster.com\/sv\/wp-json\/wp\/v2\/product_cat?post=17942"},{"taxonomy":"product_tag","embeddable":true,"href":"https:\/\/nordicmart.andreevmaster.com\/sv\/wp-json\/wp\/v2\/product_tag?post=17942"}],"curies":[{"name":"wp","href":"https:\/\/api.w.org\/{rel}","templated":true}]}}