{"id":17941,"date":"2026-02-27T00:37:20","date_gmt":"2026-02-27T00:37:20","guid":{"rendered":"https:\/\/nordicmart.andreevmaster.com\/product\/feandrea-kattbadd-med-leksaksfjader\/"},"modified":"2026-02-27T08:26:27","modified_gmt":"2026-02-27T08:26:27","slug":"feandrea-kattbadd-med-leksaksfjader","status":"publish","type":"product","link":"https:\/\/nordicmart.andreevmaster.com\/sv\/produkt\/feandrea-kattbadd-med-leksaksfjader\/","title":{"rendered":"Feandrea kattb\u00e4dd med leksaksfj\u00e4der"},"content":{"rendered":"<p>I FEANDREAs kreativa verkst\u00e4der hoppar tv\u00e5 s\u00f6ta kattungar runt och granskar alla kl\u00f6sst\u00e4nger noggrant och ger sin djuriska feedback. P\u00e5 s\u00e5 s\u00e4tt f\u00e5r FEANDREAs designers f\u00f6rstahandsinformation, eller snarare f\u00f6rstapawinformation, om produkterna uppfyller kraven fr\u00e5n de bortsk\u00e4mda morrh\u00e5riga v\u00e4nnerna.\u00d6versikt \u00f6ver h\u00f6jdpunkterna i detta kattbo: &#8211; Konstruktion av plywood f\u00f6r l\u00e5ng livsl\u00e4ngd &#8211; Rymlig kattgrotta f\u00f6r l\u00e5nga tupplurar &#8211; Mysigt tak av filt &#8211; 1 sisalmadrass f\u00f6r stort kl\u00f6sande n\u00f6je &#8211; 1 rolig leksaksfj\u00e4der Produktdetaljer:- F\u00e4rg: Ljusgr\u00e5-naturf\u00e4rger- Material: Plywood, filt- Storlek: 60 x 40 x 35 cm (L x B x H)- Vikt: 3,1 kgLeveransomfattning:- 1 x kattgrotta- 1 x bruksanvisning (DE, EN, FR, ES, IT)<\/p>\n","protected":false},"excerpt":{"rendered":"<p>Feandrea kattgrotta, kl\u00f6sst\u00e5ng, kattb\u00e4dd, plywood, leksaksfj\u00e4der PCB06NGX<\/p>\n","protected":false},"featured_media":0,"comment_status":"open","ping_status":"closed","template":"","meta":[],"product_brand":[],"product_cat":[33],"product_tag":[],"class_list":{"0":"post-17941","1":"product","2":"type-product","3":"status-publish","5":"product_cat-okategoriserad","7":"first","8":"instock","9":"shipping-taxable","10":"purchasable","11":"product-type-simple"},"_links":{"self":[{"href":"https:\/\/nordicmart.andreevmaster.com\/sv\/wp-json\/wp\/v2\/product\/17941","targetHints":{"allow":["GET"]}}],"collection":[{"href":"https:\/\/nordicmart.andreevmaster.com\/sv\/wp-json\/wp\/v2\/product"}],"about":[{"href":"https:\/\/nordicmart.andreevmaster.com\/sv\/wp-json\/wp\/v2\/types\/product"}],"replies":[{"embeddable":true,"href":"https:\/\/nordicmart.andreevmaster.com\/sv\/wp-json\/wp\/v2\/comments?post=17941"}],"wp:attachment":[{"href":"https:\/\/nordicmart.andreevmaster.com\/sv\/wp-json\/wp\/v2\/media?parent=17941"}],"wp:term":[{"taxonomy":"product_brand","embeddable":true,"href":"https:\/\/nordicmart.andreevmaster.com\/sv\/wp-json\/wp\/v2\/product_brand?post=17941"},{"taxonomy":"product_cat","embeddable":true,"href":"https:\/\/nordicmart.andreevmaster.com\/sv\/wp-json\/wp\/v2\/product_cat?post=17941"},{"taxonomy":"product_tag","embeddable":true,"href":"https:\/\/nordicmart.andreevmaster.com\/sv\/wp-json\/wp\/v2\/product_tag?post=17941"}],"curies":[{"name":"wp","href":"https:\/\/api.w.org\/{rel}","templated":true}]}}