{"id":17940,"date":"2026-02-27T00:37:20","date_gmt":"2026-02-27T00:37:20","guid":{"rendered":"https:\/\/nordicmart.andreevmaster.com\/product\/feandrea-hopfallbar-kattkoja\/"},"modified":"2026-02-27T08:26:27","modified_gmt":"2026-02-27T08:26:27","slug":"feandrea-hopfallbar-kattkoja","status":"publish","type":"product","link":"https:\/\/nordicmart.andreevmaster.com\/sv\/produkt\/feandrea-hopfallbar-kattkoja\/","title":{"rendered":"Feandrea hopf\u00e4llbar kattkoja"},"content":{"rendered":"<p>Designerna p\u00e5 FEANDREA vill att dina katter ska f\u00e5 ett s\u00e5 bekv\u00e4mt hem som m\u00f6jligt d\u00e4r de verkligen trivs. F\u00f6r detta \u00e4ndam\u00e5l har de redan skapat ett stort antal kl\u00f6sst\u00e4nger, som du ocks\u00e5 kan hitta p\u00e5 denna plattform. En stor, h\u00f6g kl\u00f6sst\u00e5ng passar dock inte i alla l\u00e4genheter och kanske letar du bara efter en liten kattbostad som \u00e4r l\u00e4tt att transportera och som kan placeras i till exempel sovrummet eller arbetsrummet \u2013 eftersom det \u00e4r ganska sv\u00e5rt att placera kl\u00f6sst\u00e4nger i dessa rum. Litet leksak, stort n\u00f6je Denna kubformade kattg\u00f6mma kan vikas ihop och passar \u00e4ven i tr\u00e5nga sovrum eller i ett h\u00f6rn av ditt kontor. Trots de kompakta m\u00e5tten p\u00e5 39 x 39 x 38 cm f\u00f6rlorar den inte sin mysighet f\u00f6r din katt, eftersom b\u00e5de grottan och liggytan \u00e4r utrustade med ett bekv\u00e4mt plyschkudde. G\u00f6r din katt glad med denna kattgrotta och skicka oss n\u00e5gra bilder i kommentarerna! Produktdetaljer: &#8211; F\u00e4rg: Gr\u00e5 &#8211; Material: Linne, filt, plysch, MDF &#8211; Storlek: 39 x 39 x 37 cm &#8211; Vikt: 2 kg &#8211; Max. belastbarhet: 10 kg Leveransomfattning: &#8211; 1 x kattgrotta &#8211; 1 x bruksanvisning (DE, EN, ES, FR, IT)<\/p>\n","protected":false},"excerpt":{"rendered":"<p>Feandrea hopf\u00e4llbar kattkoja, kattkoja med liggyta och v\u00e4ndbart kudde, kattg\u00f6mma, kattleksak, kubformad, 39 x 39 x 37 cm, rept\u00e5lig, linne, filt, MDF, gr\u00e5 PCB04G<\/p>\n","protected":false},"featured_media":45054,"comment_status":"open","ping_status":"closed","template":"","meta":[],"product_brand":[],"product_cat":[33],"product_tag":[],"class_list":{"0":"post-17940","1":"product","2":"type-product","3":"status-publish","4":"has-post-thumbnail","6":"product_cat-okategoriserad","8":"first","9":"instock","10":"shipping-taxable","11":"purchasable","12":"product-type-simple"},"_links":{"self":[{"href":"https:\/\/nordicmart.andreevmaster.com\/sv\/wp-json\/wp\/v2\/product\/17940","targetHints":{"allow":["GET"]}}],"collection":[{"href":"https:\/\/nordicmart.andreevmaster.com\/sv\/wp-json\/wp\/v2\/product"}],"about":[{"href":"https:\/\/nordicmart.andreevmaster.com\/sv\/wp-json\/wp\/v2\/types\/product"}],"replies":[{"embeddable":true,"href":"https:\/\/nordicmart.andreevmaster.com\/sv\/wp-json\/wp\/v2\/comments?post=17940"}],"wp:featuredmedia":[{"embeddable":true,"href":"https:\/\/nordicmart.andreevmaster.com\/sv\/wp-json\/wp\/v2\/media\/45054"}],"wp:attachment":[{"href":"https:\/\/nordicmart.andreevmaster.com\/sv\/wp-json\/wp\/v2\/media?parent=17940"}],"wp:term":[{"taxonomy":"product_brand","embeddable":true,"href":"https:\/\/nordicmart.andreevmaster.com\/sv\/wp-json\/wp\/v2\/product_brand?post=17940"},{"taxonomy":"product_cat","embeddable":true,"href":"https:\/\/nordicmart.andreevmaster.com\/sv\/wp-json\/wp\/v2\/product_cat?post=17940"},{"taxonomy":"product_tag","embeddable":true,"href":"https:\/\/nordicmart.andreevmaster.com\/sv\/wp-json\/wp\/v2\/product_tag?post=17940"}],"curies":[{"name":"wp","href":"https:\/\/api.w.org\/{rel}","templated":true}]}}