{"id":17938,"date":"2026-02-27T00:37:20","date_gmt":"2026-02-27T00:37:20","guid":{"rendered":"https:\/\/nordicmart.andreevmaster.com\/product\/feandrea-9-formad-kattbadd-gra-vit\/"},"modified":"2026-02-27T08:26:26","modified_gmt":"2026-02-27T08:26:26","slug":"feandrea-9-formad-kattbadd-gra-vit","status":"publish","type":"product","link":"https:\/\/nordicmart.andreevmaster.com\/sv\/produkt\/feandrea-9-formad-kattbadd-gra-vit\/","title":{"rendered":"Feandrea 9-formad kattb\u00e4dd gr\u00e5-vit"},"content":{"rendered":"<p>Designerna p\u00e5 FEANDREA vill att dina katter ska f\u00e5 ett s\u00e5 bekv\u00e4mt hem som m\u00f6jligt d\u00e4r de verkligen trivs. F\u00f6r detta \u00e4ndam\u00e5l har de redan skapat ett stort antal kl\u00f6sst\u00e4nger som du ocks\u00e5 kan hitta p\u00e5 denna plattform. En stor, h\u00f6g kl\u00f6sst\u00e5ng passar dock inte i alla l\u00e4genheter och kanske letar du bara efter en liten kattb\u00e4dd som \u00e4r l\u00e4tt att transportera och som kan placeras i till exempel sovrummet eller arbetsrummet \u2013 eftersom det \u00e4r ganska sv\u00e5rt att placera stora kl\u00f6sst\u00e4nger i dessa rum. Litet leksak, stort n\u00f6je Denna kattb\u00e4dd i form av en 9 passar \u00e4ven i tr\u00e5nga sovrum eller i ett h\u00f6rn av ditt kontor. Trots de kompakta m\u00e5tten p\u00e5 48 x 39,8 x 39,8 cm f\u00f6rlorar den inte sin mysighet f\u00f6r dina kattv\u00e4nner, eftersom plattformarna \u00e4r utrustade med en bekv\u00e4m matta vardera. G\u00f6r din katt glad med denna kattb\u00e4dd och skicka oss n\u00e5gra bilder i kommentarerna! Produktdetaljer: &#8211; F\u00e4rg: Vit, gr\u00e5 &#8211; Material: Bomull, Oxford-tyg, MDF &#8211; Storlek: 48 x 40 x 40 cm &#8211; Storlek p\u00e5 den \u00f6vre liggytan: 44 x 35 cm &#8211; Vikt: 3 kg &#8211; Max. belastbarhet: 15 kg Leveransomfattning: &#8211; 1 x kattb\u00e4dd &#8211; 1 x bruksanvisning (DE, EN, ES, FR, IT)<\/p>\n","protected":false},"excerpt":{"rendered":"<p>Feandrea kattb\u00e4dd med 2 stora liggytor, kattm\u00f6bler med 2 niv\u00e5er, bekv\u00e4m kattb\u00e4dd, kattleksak, robust, Oxford-tyg, MDF, 48 x 40 x 40 cm, 9-formad, vit, gr\u00e5 PCB02WG<\/p>\n","protected":false},"featured_media":45052,"comment_status":"open","ping_status":"closed","template":"","meta":[],"product_brand":[],"product_cat":[33],"product_tag":[],"class_list":{"0":"post-17938","1":"product","2":"type-product","3":"status-publish","4":"has-post-thumbnail","6":"product_cat-okategoriserad","8":"first","9":"instock","10":"shipping-taxable","11":"purchasable","12":"product-type-simple"},"_links":{"self":[{"href":"https:\/\/nordicmart.andreevmaster.com\/sv\/wp-json\/wp\/v2\/product\/17938","targetHints":{"allow":["GET"]}}],"collection":[{"href":"https:\/\/nordicmart.andreevmaster.com\/sv\/wp-json\/wp\/v2\/product"}],"about":[{"href":"https:\/\/nordicmart.andreevmaster.com\/sv\/wp-json\/wp\/v2\/types\/product"}],"replies":[{"embeddable":true,"href":"https:\/\/nordicmart.andreevmaster.com\/sv\/wp-json\/wp\/v2\/comments?post=17938"}],"wp:featuredmedia":[{"embeddable":true,"href":"https:\/\/nordicmart.andreevmaster.com\/sv\/wp-json\/wp\/v2\/media\/45052"}],"wp:attachment":[{"href":"https:\/\/nordicmart.andreevmaster.com\/sv\/wp-json\/wp\/v2\/media?parent=17938"}],"wp:term":[{"taxonomy":"product_brand","embeddable":true,"href":"https:\/\/nordicmart.andreevmaster.com\/sv\/wp-json\/wp\/v2\/product_brand?post=17938"},{"taxonomy":"product_cat","embeddable":true,"href":"https:\/\/nordicmart.andreevmaster.com\/sv\/wp-json\/wp\/v2\/product_cat?post=17938"},{"taxonomy":"product_tag","embeddable":true,"href":"https:\/\/nordicmart.andreevmaster.com\/sv\/wp-json\/wp\/v2\/product_tag?post=17938"}],"curies":[{"name":"wp","href":"https:\/\/api.w.org\/{rel}","templated":true}]}}