{"id":17937,"date":"2026-02-27T00:37:19","date_gmt":"2026-02-27T00:37:19","guid":{"rendered":"https:\/\/nordicmart.andreevmaster.com\/product\/feandrea-hangmatta-for-katter-och-hundar-upp-till-12-kg\/"},"modified":"2026-02-27T08:26:26","modified_gmt":"2026-02-27T08:26:26","slug":"feandrea-hangmatta-for-katter-och-hundar-upp-till-12-kg","status":"publish","type":"product","link":"https:\/\/nordicmart.andreevmaster.com\/sv\/produkt\/feandrea-hangmatta-for-katter-och-hundar-upp-till-12-kg\/","title":{"rendered":"Feandrea h\u00e4ngmatta f\u00f6r katter och hundar upp till 12 kg"},"content":{"rendered":"<p>FEANDREA h\u00e4ngmatta f\u00f6r katter, upph\u00f6jd kattb\u00e4dd, liten hundb\u00e4dd, f\u00f6r husdjur upp till 8 kg, frist\u00e5ende husdjursb\u00e4dd f\u00f6r sommaren, avtagbart n\u00e4t, maskintv\u00e4ttbar, oval, gr\u00e5 PCB001G01<br \/>\nF\u00e4rg: Gr\u00e5<br \/>\nMaterial: St\u00e5l, Oxford-tyg, syntetfiber, nitrilgummi<br \/>\nStorlek: 52 x 42 x 20 cm (L x B x H)<br \/>\nVikt: 1,5 kg<\/p>\n","protected":false},"excerpt":{"rendered":"<p>FEANDREA h\u00e4ngmatta f\u00f6r katter, upph\u00f6jd kattb\u00e4dd, liten hundb\u00e4dd, f\u00f6r husdjur upp till 8 kg, frist\u00e5ende husdjursb\u00e4dd f\u00f6r sommaren, avtagbart n\u00e4t, maskintv\u00e4ttbar, oval, gr\u00e5 PCB001G01<\/p>\n","protected":false},"featured_media":45051,"comment_status":"open","ping_status":"closed","template":"","meta":[],"product_brand":[],"product_cat":[33],"product_tag":[],"class_list":{"0":"post-17937","1":"product","2":"type-product","3":"status-publish","4":"has-post-thumbnail","6":"product_cat-okategoriserad","8":"first","9":"instock","10":"shipping-taxable","11":"purchasable","12":"product-type-simple"},"_links":{"self":[{"href":"https:\/\/nordicmart.andreevmaster.com\/sv\/wp-json\/wp\/v2\/product\/17937","targetHints":{"allow":["GET"]}}],"collection":[{"href":"https:\/\/nordicmart.andreevmaster.com\/sv\/wp-json\/wp\/v2\/product"}],"about":[{"href":"https:\/\/nordicmart.andreevmaster.com\/sv\/wp-json\/wp\/v2\/types\/product"}],"replies":[{"embeddable":true,"href":"https:\/\/nordicmart.andreevmaster.com\/sv\/wp-json\/wp\/v2\/comments?post=17937"}],"wp:featuredmedia":[{"embeddable":true,"href":"https:\/\/nordicmart.andreevmaster.com\/sv\/wp-json\/wp\/v2\/media\/45051"}],"wp:attachment":[{"href":"https:\/\/nordicmart.andreevmaster.com\/sv\/wp-json\/wp\/v2\/media?parent=17937"}],"wp:term":[{"taxonomy":"product_brand","embeddable":true,"href":"https:\/\/nordicmart.andreevmaster.com\/sv\/wp-json\/wp\/v2\/product_brand?post=17937"},{"taxonomy":"product_cat","embeddable":true,"href":"https:\/\/nordicmart.andreevmaster.com\/sv\/wp-json\/wp\/v2\/product_cat?post=17937"},{"taxonomy":"product_tag","embeddable":true,"href":"https:\/\/nordicmart.andreevmaster.com\/sv\/wp-json\/wp\/v2\/product_tag?post=17937"}],"curies":[{"name":"wp","href":"https:\/\/api.w.org\/{rel}","templated":true}]}}