{"id":17934,"date":"2026-02-27T00:37:19","date_gmt":"2026-02-27T00:37:19","guid":{"rendered":"https:\/\/nordicmart.andreevmaster.com\/product\/feandrea-klattertrad-kattklattertrad-med-40-x-30-cm-plattform-av-plysch-klatterstam\/"},"modified":"2026-02-27T08:26:26","modified_gmt":"2026-02-27T08:26:26","slug":"feandrea-klattertrad-kattklattertrad-med-40-x-30-cm-plattform-av-plysch-klatterstam","status":"publish","type":"product","link":"https:\/\/nordicmart.andreevmaster.com\/sv\/produkt\/feandrea-klattertrad-kattklattertrad-med-40-x-30-cm-plattform-av-plysch-klatterstam\/","title":{"rendered":"Feandrea kl\u00e4ttertr\u00e4d, kattkl\u00e4ttertr\u00e4d med 40 x 30 cm plattform av plysch, kl\u00e4tterstam"},"content":{"rendered":"<p>1 x kattkl\u00f6sstativ<br \/>\n1 x bruksanvisning<\/p>\n","protected":false},"excerpt":{"rendered":"<p>Feandrea kl\u00f6sst\u00e5ng, kattkl\u00f6sst\u00e5ng med plattform av plysch 40 x 30 cm, kattkl\u00f6sst\u00e5ng, 71 cm h\u00f6g, kl\u00f6sst\u00e5ng med sisal, plysch, m\u00f6rkgr\u00e5 PCA022G01<\/p>\n","protected":false},"featured_media":45048,"comment_status":"open","ping_status":"closed","template":"","meta":[],"product_brand":[],"product_cat":[33],"product_tag":[],"class_list":{"0":"post-17934","1":"product","2":"type-product","3":"status-publish","4":"has-post-thumbnail","6":"product_cat-okategoriserad","8":"first","9":"instock","10":"shipping-taxable","11":"purchasable","12":"product-type-simple"},"_links":{"self":[{"href":"https:\/\/nordicmart.andreevmaster.com\/sv\/wp-json\/wp\/v2\/product\/17934","targetHints":{"allow":["GET"]}}],"collection":[{"href":"https:\/\/nordicmart.andreevmaster.com\/sv\/wp-json\/wp\/v2\/product"}],"about":[{"href":"https:\/\/nordicmart.andreevmaster.com\/sv\/wp-json\/wp\/v2\/types\/product"}],"replies":[{"embeddable":true,"href":"https:\/\/nordicmart.andreevmaster.com\/sv\/wp-json\/wp\/v2\/comments?post=17934"}],"wp:featuredmedia":[{"embeddable":true,"href":"https:\/\/nordicmart.andreevmaster.com\/sv\/wp-json\/wp\/v2\/media\/45048"}],"wp:attachment":[{"href":"https:\/\/nordicmart.andreevmaster.com\/sv\/wp-json\/wp\/v2\/media?parent=17934"}],"wp:term":[{"taxonomy":"product_brand","embeddable":true,"href":"https:\/\/nordicmart.andreevmaster.com\/sv\/wp-json\/wp\/v2\/product_brand?post=17934"},{"taxonomy":"product_cat","embeddable":true,"href":"https:\/\/nordicmart.andreevmaster.com\/sv\/wp-json\/wp\/v2\/product_cat?post=17934"},{"taxonomy":"product_tag","embeddable":true,"href":"https:\/\/nordicmart.andreevmaster.com\/sv\/wp-json\/wp\/v2\/product_tag?post=17934"}],"curies":[{"name":"wp","href":"https:\/\/api.w.org\/{rel}","templated":true}]}}