{"id":17933,"date":"2026-02-27T00:37:18","date_gmt":"2026-02-27T00:37:18","guid":{"rendered":"https:\/\/nordicmart.andreevmaster.com\/product\/feandrea-klosstolpe-73-cm-med-leksak\/"},"modified":"2026-02-27T08:26:25","modified_gmt":"2026-02-27T08:26:25","slug":"feandrea-klosstolpe-73-cm-med-leksak","status":"publish","type":"product","link":"https:\/\/nordicmart.andreevmaster.com\/sv\/produkt\/feandrea-klosstolpe-73-cm-med-leksak\/","title":{"rendered":"Feandrea kl\u00f6sstolpe 73 cm med leksak"},"content":{"rendered":"<p>I FEANDREAs kreativa verkstad hoppar tv\u00e5 sm\u00e5 kattungar runt och granskar v\u00e5ra kl\u00f6sstolar noggrant och ger oss \u00e4kta djurfeedback. P\u00e5 s\u00e5 s\u00e4tt vet FEANDREAs designers direkt vilka produkter som uppfyller v\u00e5ra \u00e4lskade kattungars behov. F\u00f6rdelarna med kl\u00f6sstolen i korthet: &#8211; Den vintagebruna ytan passar bra ihop med dina m\u00f6bler. &#8211; En bred bas och 4 halkskydd g\u00f6r kattkl\u00f6sstammen stabil. &#8211; H\u00f6jden p\u00e5 73 cm \u00e4r idealisk f\u00f6r katter att str\u00e4cka ut sig n\u00e4r de kl\u00f6ser. &#8211; Slitstarkt material f\u00f6r l\u00e5ngvarig anv\u00e4ndning. &#8211; Den enkla strukturen g\u00f6r monteringen l\u00e4tt. &#8211; En boll som h\u00e4nger i h\u00e5let ger extra lekgl\u00e4dje. Produktdetaljer: &#8211; F\u00e4rg: Vintagebrun &#8211; Material: Tr\u00e4sp\u00e5nskiva, sisalrep (8 mm tjock) &#8211; Storlek: 38 x 38 x 73 cm (L x B x H) &#8211; Vikt: 3,8 kg Leveransomfattning: &#8211; 1 x kattkl\u00f6sst\u00e5ng &#8211; 1 x instruktioner<\/p>\n","protected":false},"excerpt":{"rendered":"<p>Feandrea kattkl\u00f6sst\u00e5ng, kl\u00f6sst\u00e5ng, kl\u00f6sst\u00e5ng av naturligt sisalrep, kl\u00f6sst\u00e5ng med plyschleksak, kl\u00f6sst\u00e5ng f\u00f6r att skydda m\u00f6bler, 73 cm h\u00f6g, vintagebrun PCA021X01<\/p>\n","protected":false},"featured_media":45047,"comment_status":"open","ping_status":"closed","template":"","meta":[],"product_brand":[],"product_cat":[33],"product_tag":[],"class_list":{"0":"post-17933","1":"product","2":"type-product","3":"status-publish","4":"has-post-thumbnail","6":"product_cat-okategoriserad","8":"first","9":"instock","10":"shipping-taxable","11":"purchasable","12":"product-type-simple"},"_links":{"self":[{"href":"https:\/\/nordicmart.andreevmaster.com\/sv\/wp-json\/wp\/v2\/product\/17933","targetHints":{"allow":["GET"]}}],"collection":[{"href":"https:\/\/nordicmart.andreevmaster.com\/sv\/wp-json\/wp\/v2\/product"}],"about":[{"href":"https:\/\/nordicmart.andreevmaster.com\/sv\/wp-json\/wp\/v2\/types\/product"}],"replies":[{"embeddable":true,"href":"https:\/\/nordicmart.andreevmaster.com\/sv\/wp-json\/wp\/v2\/comments?post=17933"}],"wp:featuredmedia":[{"embeddable":true,"href":"https:\/\/nordicmart.andreevmaster.com\/sv\/wp-json\/wp\/v2\/media\/45047"}],"wp:attachment":[{"href":"https:\/\/nordicmart.andreevmaster.com\/sv\/wp-json\/wp\/v2\/media?parent=17933"}],"wp:term":[{"taxonomy":"product_brand","embeddable":true,"href":"https:\/\/nordicmart.andreevmaster.com\/sv\/wp-json\/wp\/v2\/product_brand?post=17933"},{"taxonomy":"product_cat","embeddable":true,"href":"https:\/\/nordicmart.andreevmaster.com\/sv\/wp-json\/wp\/v2\/product_cat?post=17933"},{"taxonomy":"product_tag","embeddable":true,"href":"https:\/\/nordicmart.andreevmaster.com\/sv\/wp-json\/wp\/v2\/product_tag?post=17933"}],"curies":[{"name":"wp","href":"https:\/\/api.w.org\/{rel}","templated":true}]}}