{"id":17931,"date":"2026-02-27T00:37:18","date_gmt":"2026-02-27T00:37:18","guid":{"rendered":"https:\/\/nordicmart.andreevmaster.com\/product\/feandrea-klosstang-xxl-for-stora-katter-duvgra\/"},"modified":"2026-02-27T08:26:25","modified_gmt":"2026-02-27T08:26:25","slug":"feandrea-klosstang-xxl-for-stora-katter-duvgra","status":"publish","type":"product","link":"https:\/\/nordicmart.andreevmaster.com\/sv\/produkt\/feandrea-klosstang-xxl-for-stora-katter-duvgra\/","title":{"rendered":"Feandrea kl\u00f6sst\u00e5ng XXL f\u00f6r stora katter duvgr\u00e5"},"content":{"rendered":"<p>Feandrea kl\u00f6sst\u00e5ng, 85 cm h\u00f6g, kl\u00f6sst\u00e5ng, kattkl\u00f6sst\u00e5ng, kl\u00f6sst\u00e5ng f\u00f6r kattungar och normala vuxna katter, sisalst\u00e5ng, med plyschboll och klocka, duvgr\u00e5 PCA040G01<br \/>\nF\u00e4rg: Duvgr\u00e5<br \/>\nMaterial: Sisal, sp\u00e5nskiva, plysch<br \/>\nStorlek: 50 x 40 x 85 cm (L x B x H)<br \/>\nVikt: 6,2 kg<\/p>\n","protected":false},"excerpt":{"rendered":"<p>Feandrea kl\u00f6sst\u00e5ng, 85 cm h\u00f6g, kl\u00f6sst\u00e5ng, kattkl\u00f6sst\u00e5ng, kl\u00f6sst\u00e5ng f\u00f6r kattungar och normala vuxna katter, sisalst\u00e5ng, med plyschboll och klocka, duvgr\u00e5 PCA040G01<\/p>\n","protected":false},"featured_media":45045,"comment_status":"open","ping_status":"closed","template":"","meta":[],"product_brand":[],"product_cat":[33],"product_tag":[],"class_list":{"0":"post-17931","1":"product","2":"type-product","3":"status-publish","4":"has-post-thumbnail","6":"product_cat-okategoriserad","8":"first","9":"instock","10":"shipping-taxable","11":"purchasable","12":"product-type-simple"},"_links":{"self":[{"href":"https:\/\/nordicmart.andreevmaster.com\/sv\/wp-json\/wp\/v2\/product\/17931","targetHints":{"allow":["GET"]}}],"collection":[{"href":"https:\/\/nordicmart.andreevmaster.com\/sv\/wp-json\/wp\/v2\/product"}],"about":[{"href":"https:\/\/nordicmart.andreevmaster.com\/sv\/wp-json\/wp\/v2\/types\/product"}],"replies":[{"embeddable":true,"href":"https:\/\/nordicmart.andreevmaster.com\/sv\/wp-json\/wp\/v2\/comments?post=17931"}],"wp:featuredmedia":[{"embeddable":true,"href":"https:\/\/nordicmart.andreevmaster.com\/sv\/wp-json\/wp\/v2\/media\/45045"}],"wp:attachment":[{"href":"https:\/\/nordicmart.andreevmaster.com\/sv\/wp-json\/wp\/v2\/media?parent=17931"}],"wp:term":[{"taxonomy":"product_brand","embeddable":true,"href":"https:\/\/nordicmart.andreevmaster.com\/sv\/wp-json\/wp\/v2\/product_brand?post=17931"},{"taxonomy":"product_cat","embeddable":true,"href":"https:\/\/nordicmart.andreevmaster.com\/sv\/wp-json\/wp\/v2\/product_cat?post=17931"},{"taxonomy":"product_tag","embeddable":true,"href":"https:\/\/nordicmart.andreevmaster.com\/sv\/wp-json\/wp\/v2\/product_tag?post=17931"}],"curies":[{"name":"wp","href":"https:\/\/api.w.org\/{rel}","templated":true}]}}