{"id":17927,"date":"2026-02-27T00:37:17","date_gmt":"2026-02-27T00:37:17","guid":{"rendered":"https:\/\/nordicmart.andreevmaster.com\/product\/feandrea-klattertrad-53-cm-hogt-med-plyschboll-och-klocka\/"},"modified":"2026-02-27T08:26:24","modified_gmt":"2026-02-27T08:26:24","slug":"feandrea-klattertrad-53-cm-hogt-med-plyschboll-och-klocka","status":"publish","type":"product","link":"https:\/\/nordicmart.andreevmaster.com\/sv\/produkt\/feandrea-klattertrad-53-cm-hogt-med-plyschboll-och-klocka\/","title":{"rendered":"Feandrea kl\u00e4ttertr\u00e4d 53 cm h\u00f6gt med plyschboll och klocka"},"content":{"rendered":"<p>Feandrea kl\u00e4ttertr\u00e4d, 53 cm h\u00f6gt, kl\u00e4tterpelare, 11 cm tjock stam, kattkl\u00e4ttertr\u00e4d, kl\u00e4tterstam f\u00f6r kattungar, sm\u00e5 och medelstora katter, sisalstam, med plyschboll och klocka, duvgr\u00e5 PCA023G01<br \/>\nF\u00e4rg: duvgr\u00e5<br \/>\nMaterial: Sisal, MDF (medeldensitetsfiberplatta), plysch<br \/>\nStorlek: 36 x 30 x 53 cm (L x B x H)<br \/>\nVikt: 2,7 kg<\/p>\n","protected":false},"excerpt":{"rendered":"<p>Feandrea kl\u00e4ttertr\u00e4d, 53 cm h\u00f6gt, kl\u00e4tterpelare, 11 cm tjock stam, kattkl\u00e4ttertr\u00e4d, kl\u00e4tterstam f\u00f6r kattungar, sm\u00e5 och medelstora katter, sisalstam, med plyschboll och klocka, duvgr\u00e5 PCA023G01<\/p>\n","protected":false},"featured_media":45041,"comment_status":"open","ping_status":"closed","template":"","meta":[],"product_brand":[],"product_cat":[33],"product_tag":[],"class_list":{"0":"post-17927","1":"product","2":"type-product","3":"status-publish","4":"has-post-thumbnail","6":"product_cat-okategoriserad","8":"first","9":"instock","10":"shipping-taxable","11":"purchasable","12":"product-type-simple"},"_links":{"self":[{"href":"https:\/\/nordicmart.andreevmaster.com\/sv\/wp-json\/wp\/v2\/product\/17927","targetHints":{"allow":["GET"]}}],"collection":[{"href":"https:\/\/nordicmart.andreevmaster.com\/sv\/wp-json\/wp\/v2\/product"}],"about":[{"href":"https:\/\/nordicmart.andreevmaster.com\/sv\/wp-json\/wp\/v2\/types\/product"}],"replies":[{"embeddable":true,"href":"https:\/\/nordicmart.andreevmaster.com\/sv\/wp-json\/wp\/v2\/comments?post=17927"}],"wp:featuredmedia":[{"embeddable":true,"href":"https:\/\/nordicmart.andreevmaster.com\/sv\/wp-json\/wp\/v2\/media\/45041"}],"wp:attachment":[{"href":"https:\/\/nordicmart.andreevmaster.com\/sv\/wp-json\/wp\/v2\/media?parent=17927"}],"wp:term":[{"taxonomy":"product_brand","embeddable":true,"href":"https:\/\/nordicmart.andreevmaster.com\/sv\/wp-json\/wp\/v2\/product_brand?post=17927"},{"taxonomy":"product_cat","embeddable":true,"href":"https:\/\/nordicmart.andreevmaster.com\/sv\/wp-json\/wp\/v2\/product_cat?post=17927"},{"taxonomy":"product_tag","embeddable":true,"href":"https:\/\/nordicmart.andreevmaster.com\/sv\/wp-json\/wp\/v2\/product_tag?post=17927"}],"curies":[{"name":"wp","href":"https:\/\/api.w.org\/{rel}","templated":true}]}}