{"id":17924,"date":"2026-02-27T00:37:16","date_gmt":"2026-02-27T00:37:16","guid":{"rendered":"https:\/\/nordicmart.andreevmaster.com\/product\/feandrea-kattklattertrad-71-cm-med-plattform\/"},"modified":"2026-02-27T08:26:23","modified_gmt":"2026-02-27T08:26:23","slug":"feandrea-kattklattertrad-71-cm-med-plattform","status":"publish","type":"product","link":"https:\/\/nordicmart.andreevmaster.com\/sv\/produkt\/feandrea-kattklattertrad-71-cm-med-plattform\/","title":{"rendered":"Feandrea kattkl\u00e4ttertr\u00e4d 71 cm med plattform"},"content":{"rendered":"<p>I FEANDREAs kreativa verkstad hoppar tv\u00e5 sm\u00e5 kattungar runt, som personligen granskar v\u00e5ra kl\u00f6sst\u00e4nger och ger djurisk feedback. P\u00e5 s\u00e5 s\u00e4tt vet FEANDREAs designers av f\u00f6rsta hand vilka produkter som uppfyller v\u00e5ra v\u00e4rdefulla kattungars behov. F\u00f6rdelarna med kattkl\u00f6sst\u00e5ngen i korthet: &#8211; H\u00e5llbar: H\u00e5llbara material f\u00f6r l\u00e5ngvarig anv\u00e4ndning. &#8211; Bred plattform: Den rymliga plattformen ger katterna plats att ta en tupplur. &#8211; L\u00e4tt att reng\u00f6ra: Plattformarna p\u00e5 kl\u00f6sstammen \u00e4r avtagbara f\u00f6r tv\u00e4tt och kan reng\u00f6ras med en h\u00e5rrulle. &#8211; Stabil: En bred bas och 4 halkskydd h\u00e5ller kl\u00e4ttertr\u00e4det stabilt. &#8211; Enkel montering: Tack vare den enkla strukturen \u00e4r monteringen l\u00e4tt. &#8211; L\u00e4mplig h\u00f6jd: Med en h\u00f6jd p\u00e5 71 cm \u00e4r den idealisk f\u00f6r katter att str\u00e4cka sig p\u00e5 n\u00e4r de kl\u00f6ser. &#8211; Inklusive boll: En h\u00e4ngande boll ger extra lekgl\u00e4dje. Produktdetaljer: &#8211; F\u00e4rg: M\u00f6rkgr\u00e5 &#8211; Material: Sp\u00e5nskiva, plyschtyg, sisalmattor &#8211; Storlek: 45 x 40 x 71 cm (L x B x H) &#8211; Vikt: 4,5 kg Leveransomfattning: &#8211; 1 x kattkl\u00e4ttertr\u00e4d &#8211; 1 x bruksanvisning<\/p>\n","protected":false},"excerpt":{"rendered":"<p>Feandrea kl\u00f6sst\u00e5ng, kattkl\u00f6sst\u00e5ng med plattform av plysch 40 x 30 cm, kattkl\u00f6sst\u00e5ng, 71 cm h\u00f6g, kl\u00f6sst\u00e5ng med sisal, plysch, m\u00f6rkgr\u00e5 PCA022G01<\/p>\n","protected":false},"featured_media":45038,"comment_status":"open","ping_status":"closed","template":"","meta":[],"product_brand":[],"product_cat":[33],"product_tag":[],"class_list":{"0":"post-17924","1":"product","2":"type-product","3":"status-publish","4":"has-post-thumbnail","6":"product_cat-okategoriserad","8":"first","9":"instock","10":"shipping-taxable","11":"purchasable","12":"product-type-simple"},"_links":{"self":[{"href":"https:\/\/nordicmart.andreevmaster.com\/sv\/wp-json\/wp\/v2\/product\/17924","targetHints":{"allow":["GET"]}}],"collection":[{"href":"https:\/\/nordicmart.andreevmaster.com\/sv\/wp-json\/wp\/v2\/product"}],"about":[{"href":"https:\/\/nordicmart.andreevmaster.com\/sv\/wp-json\/wp\/v2\/types\/product"}],"replies":[{"embeddable":true,"href":"https:\/\/nordicmart.andreevmaster.com\/sv\/wp-json\/wp\/v2\/comments?post=17924"}],"wp:featuredmedia":[{"embeddable":true,"href":"https:\/\/nordicmart.andreevmaster.com\/sv\/wp-json\/wp\/v2\/media\/45038"}],"wp:attachment":[{"href":"https:\/\/nordicmart.andreevmaster.com\/sv\/wp-json\/wp\/v2\/media?parent=17924"}],"wp:term":[{"taxonomy":"product_brand","embeddable":true,"href":"https:\/\/nordicmart.andreevmaster.com\/sv\/wp-json\/wp\/v2\/product_brand?post=17924"},{"taxonomy":"product_cat","embeddable":true,"href":"https:\/\/nordicmart.andreevmaster.com\/sv\/wp-json\/wp\/v2\/product_cat?post=17924"},{"taxonomy":"product_tag","embeddable":true,"href":"https:\/\/nordicmart.andreevmaster.com\/sv\/wp-json\/wp\/v2\/product_tag?post=17924"}],"curies":[{"name":"wp","href":"https:\/\/api.w.org\/{rel}","templated":true}]}}