{"id":17922,"date":"2026-02-27T00:37:15","date_gmt":"2026-02-27T00:37:15","guid":{"rendered":"https:\/\/nordicmart.andreevmaster.com\/product\/feandrea-klosstang-av-naturligt-sisalrep-med-plyschboll\/"},"modified":"2026-02-27T08:26:23","modified_gmt":"2026-02-27T08:26:23","slug":"feandrea-klosstang-av-naturligt-sisalrep-med-plyschboll","status":"publish","type":"product","link":"https:\/\/nordicmart.andreevmaster.com\/sv\/produkt\/feandrea-klosstang-av-naturligt-sisalrep-med-plyschboll\/","title":{"rendered":"Feandrea kl\u00f6sst\u00e5ng av naturligt sisalrep med plyschboll"},"content":{"rendered":"<p>Feandrea kattkl\u00f6sst\u00e5ng, kl\u00f6sst\u00e5ng, kl\u00f6sst\u00e5ng av naturligt sisalrep, kl\u00f6sst\u00e5ng med plyschleksak, kl\u00f6sst\u00e5ng f\u00f6r m\u00f6bler, 73 cm h\u00f6g, vintagebrun PCA021X01<br \/>\nF\u00e4rg: Greige<br \/>\nMaterial: Sp\u00e5nskiva, sisalrep (8 mm tjock)<br \/>\nStorlek: 38 x 38 x 73 cm (L x B x H)<br \/>\nVikt: 3,8 kg<\/p>\n","protected":false},"excerpt":{"rendered":"<p>Feandrea kattkl\u00f6sst\u00e5ng, kl\u00f6sst\u00e5ng, kl\u00f6sst\u00e5ng av naturligt sisalrep, kl\u00f6sst\u00e5ng med plyschleksak, kl\u00f6sst\u00e5ng f\u00f6r m\u00f6bler, 73 cm h\u00f6g, vintagebrun PCA021X01<\/p>\n","protected":false},"featured_media":45036,"comment_status":"open","ping_status":"closed","template":"","meta":[],"product_brand":[],"product_cat":[33],"product_tag":[],"class_list":{"0":"post-17922","1":"product","2":"type-product","3":"status-publish","4":"has-post-thumbnail","6":"product_cat-okategoriserad","8":"first","9":"instock","10":"shipping-taxable","11":"purchasable","12":"product-type-simple"},"_links":{"self":[{"href":"https:\/\/nordicmart.andreevmaster.com\/sv\/wp-json\/wp\/v2\/product\/17922","targetHints":{"allow":["GET"]}}],"collection":[{"href":"https:\/\/nordicmart.andreevmaster.com\/sv\/wp-json\/wp\/v2\/product"}],"about":[{"href":"https:\/\/nordicmart.andreevmaster.com\/sv\/wp-json\/wp\/v2\/types\/product"}],"replies":[{"embeddable":true,"href":"https:\/\/nordicmart.andreevmaster.com\/sv\/wp-json\/wp\/v2\/comments?post=17922"}],"wp:featuredmedia":[{"embeddable":true,"href":"https:\/\/nordicmart.andreevmaster.com\/sv\/wp-json\/wp\/v2\/media\/45036"}],"wp:attachment":[{"href":"https:\/\/nordicmart.andreevmaster.com\/sv\/wp-json\/wp\/v2\/media?parent=17922"}],"wp:term":[{"taxonomy":"product_brand","embeddable":true,"href":"https:\/\/nordicmart.andreevmaster.com\/sv\/wp-json\/wp\/v2\/product_brand?post=17922"},{"taxonomy":"product_cat","embeddable":true,"href":"https:\/\/nordicmart.andreevmaster.com\/sv\/wp-json\/wp\/v2\/product_cat?post=17922"},{"taxonomy":"product_tag","embeddable":true,"href":"https:\/\/nordicmart.andreevmaster.com\/sv\/wp-json\/wp\/v2\/product_tag?post=17922"}],"curies":[{"name":"wp","href":"https:\/\/api.w.org\/{rel}","templated":true}]}}