{"id":17920,"date":"2026-02-27T00:37:14","date_gmt":"2026-02-27T00:37:14","guid":{"rendered":"https:\/\/nordicmart.andreevmaster.com\/product\/feandrea-sisalrep-for-klosstang\/"},"modified":"2026-02-27T08:26:22","modified_gmt":"2026-02-27T08:26:22","slug":"feandrea-sisalrep-for-klosstang","status":"publish","type":"product","link":"https:\/\/nordicmart.andreevmaster.com\/sv\/produkt\/feandrea-sisalrep-for-klosstang\/","title":{"rendered":"Feandrea sisalrep f\u00f6r kl\u00f6sst\u00e5ng"},"content":{"rendered":"<p>Produktdetaljer: &#8211; F\u00e4rg: Beige &#8211; Material: Sisal &#8211; Storlek: 6 mm x 20 m (\u00d8 x L) &#8211; L\u00e4ngd p\u00e5 leksaksst\u00e5ngen: 33 cm &#8211; Vikt: 0,4 kg Leveransomfattning: &#8211; 1 x sisalrep &#8211; 1 x kattleksak Anm\u00e4rkningar: &#8211; Dra \u00e5t repet ordentligt under monteringen.- Det \u00e4r tillr\u00e5dligt att anv\u00e4nda handskar vid anv\u00e4ndning. &#8211; L\u00e5t inte din katt tugga p\u00e5 eller \u00e4ta kattleksaken. &#8211; Det kan h\u00e4nda att produkten luktar \u201dnytt\u201d n\u00e4r du packar upp den. I s\u00e5 fall kan du placera den i ett v\u00e4lventilerat rum s\u00e5 att lukten f\u00f6rsvinner efter en kort stund.<\/p>\n","protected":false},"excerpt":{"rendered":"<p>Feandrea Sisalrep f\u00f6r kl\u00f6sst\u00e5ng, 20 m, som reservtillbeh\u00f6r, beige PCA001W01<\/p>\n","protected":false},"featured_media":45034,"comment_status":"open","ping_status":"closed","template":"","meta":[],"product_brand":[],"product_cat":[33],"product_tag":[],"class_list":{"0":"post-17920","1":"product","2":"type-product","3":"status-publish","4":"has-post-thumbnail","6":"product_cat-okategoriserad","8":"first","9":"instock","10":"shipping-taxable","11":"purchasable","12":"product-type-simple"},"_links":{"self":[{"href":"https:\/\/nordicmart.andreevmaster.com\/sv\/wp-json\/wp\/v2\/product\/17920","targetHints":{"allow":["GET"]}}],"collection":[{"href":"https:\/\/nordicmart.andreevmaster.com\/sv\/wp-json\/wp\/v2\/product"}],"about":[{"href":"https:\/\/nordicmart.andreevmaster.com\/sv\/wp-json\/wp\/v2\/types\/product"}],"replies":[{"embeddable":true,"href":"https:\/\/nordicmart.andreevmaster.com\/sv\/wp-json\/wp\/v2\/comments?post=17920"}],"wp:featuredmedia":[{"embeddable":true,"href":"https:\/\/nordicmart.andreevmaster.com\/sv\/wp-json\/wp\/v2\/media\/45034"}],"wp:attachment":[{"href":"https:\/\/nordicmart.andreevmaster.com\/sv\/wp-json\/wp\/v2\/media?parent=17920"}],"wp:term":[{"taxonomy":"product_brand","embeddable":true,"href":"https:\/\/nordicmart.andreevmaster.com\/sv\/wp-json\/wp\/v2\/product_brand?post=17920"},{"taxonomy":"product_cat","embeddable":true,"href":"https:\/\/nordicmart.andreevmaster.com\/sv\/wp-json\/wp\/v2\/product_cat?post=17920"},{"taxonomy":"product_tag","embeddable":true,"href":"https:\/\/nordicmart.andreevmaster.com\/sv\/wp-json\/wp\/v2\/product_tag?post=17920"}],"curies":[{"name":"wp","href":"https:\/\/api.w.org\/{rel}","templated":true}]}}