{"id":17919,"date":"2026-02-27T00:37:14","date_gmt":"2026-02-27T00:37:14","guid":{"rendered":"https:\/\/nordicmart.andreevmaster.com\/product\/feandrea-hundbilstol-for-sma-hundar\/"},"modified":"2026-02-27T08:26:22","modified_gmt":"2026-02-27T08:26:22","slug":"feandrea-hundbilstol-for-sma-hundar","status":"publish","type":"product","link":"https:\/\/nordicmart.andreevmaster.com\/sv\/produkt\/feandrea-hundbilstol-for-sma-hundar\/","title":{"rendered":"Feandrea hundbilstol f\u00f6r sm\u00e5 hundar"},"content":{"rendered":"<p>Njut av utsikten, din p\u00e4lskl\u00e4dda v\u00e4n: Hoppar din r\u00e4dda hund omkring medan du k\u00f6r bil? Kanske k\u00e4nner den sig bara f\u00f6r inst\u00e4ngd. Innan den distraherar dig n\u00e4r du k\u00f6r bil b\u00f6r du lyfta upp din hund med denna bilsits. Utsikten fr\u00e5n f\u00f6nstret kommer att ge den en k\u00e4nsla av frihet. S\u00e4ker, stabil och fast: Hundbils\u00e4tet har ett b\u00e4lte f\u00f6r nackst\u00f6det och ryggst\u00f6det samt tv\u00e5 sidob\u00e4lten p\u00e5 baksidan, genom vilka s\u00e4kerhetsb\u00e4ltet kan dras f\u00f6r extra stabilitet, och ett justerbart h\u00e5llband (med en l\u00e4ngd p\u00e5 upp till 25 cm) kan f\u00e4stas vid hundens sele \u2013 med detta bils\u00e4te f\u00f6r husdjur \u00e4r allt s\u00e4kert och skyddat. L\u00e4mplig f\u00f6r husdjur upp till 8,2 kg: Denna hundbilstol med m\u00e5tten 42 x 32 x 22,5 cm t\u00e5l upp till 11,8 kg, men husdjur mellan 8,2 och 11,8 kg kan vara f\u00f6r stora f\u00f6r att sitta bekv\u00e4mt i den. V\u00e4nligen m\u00e4t och v\u00e4g ditt husdjur. Rekommenderade raser: Chihuahua, Yorkshire Terrier, Havaneser, Shih Tzu, Malteser, Toy-Pudel, Zwergdackel, Kleinspitz, Mops, Jack Russell Terrier. Produktdetaljer:- F\u00e4rg: Svart-beige &#8211; Material: Oxford-tyg, fleece, st\u00e5l &#8211; Storlek: 42 x 32 x 22,5 cm (L x B x H) &#8211; Vikt: 1,3 kg &#8211; Max. statisk belastningskapacitet: 11,8 kg Leveransomfattning: &#8211; 1 x hundsits &#8211; 1 x bruksanvisning<\/p>\n","protected":false},"excerpt":{"rendered":"<p>Feandrea hundbilstol, f\u00f6r sm\u00e5 hundar, svart-beige PBS042B01<\/p>\n","protected":false},"featured_media":45033,"comment_status":"open","ping_status":"closed","template":"","meta":[],"product_brand":[],"product_cat":[33],"product_tag":[],"class_list":{"0":"post-17919","1":"product","2":"type-product","3":"status-publish","4":"has-post-thumbnail","6":"product_cat-okategoriserad","8":"first","9":"instock","10":"shipping-taxable","11":"purchasable","12":"product-type-simple"},"_links":{"self":[{"href":"https:\/\/nordicmart.andreevmaster.com\/sv\/wp-json\/wp\/v2\/product\/17919","targetHints":{"allow":["GET"]}}],"collection":[{"href":"https:\/\/nordicmart.andreevmaster.com\/sv\/wp-json\/wp\/v2\/product"}],"about":[{"href":"https:\/\/nordicmart.andreevmaster.com\/sv\/wp-json\/wp\/v2\/types\/product"}],"replies":[{"embeddable":true,"href":"https:\/\/nordicmart.andreevmaster.com\/sv\/wp-json\/wp\/v2\/comments?post=17919"}],"wp:featuredmedia":[{"embeddable":true,"href":"https:\/\/nordicmart.andreevmaster.com\/sv\/wp-json\/wp\/v2\/media\/45033"}],"wp:attachment":[{"href":"https:\/\/nordicmart.andreevmaster.com\/sv\/wp-json\/wp\/v2\/media?parent=17919"}],"wp:term":[{"taxonomy":"product_brand","embeddable":true,"href":"https:\/\/nordicmart.andreevmaster.com\/sv\/wp-json\/wp\/v2\/product_brand?post=17919"},{"taxonomy":"product_cat","embeddable":true,"href":"https:\/\/nordicmart.andreevmaster.com\/sv\/wp-json\/wp\/v2\/product_cat?post=17919"},{"taxonomy":"product_tag","embeddable":true,"href":"https:\/\/nordicmart.andreevmaster.com\/sv\/wp-json\/wp\/v2\/product_tag?post=17919"}],"curies":[{"name":"wp","href":"https:\/\/api.w.org\/{rel}","templated":true}]}}