{"id":17918,"date":"2026-02-27T00:37:14","date_gmt":"2026-02-27T00:37:14","guid":{"rendered":"https:\/\/nordicmart.andreevmaster.com\/product\/vaderstation-fischer-6690-22\/"},"modified":"2026-02-27T08:26:22","modified_gmt":"2026-02-27T08:26:22","slug":"vaderstation-fischer-6690-22","status":"publish","type":"product","link":"https:\/\/nordicmart.andreevmaster.com\/sv\/produkt\/vaderstation-fischer-6690-22\/","title":{"rendered":"V\u00e4derstation  Fischer  6690-22"},"content":{"rendered":"<p>V\u00e4derstation \u2013 barometer, termometer, hygrometer \u2013 6690-22&nbsp; Fisher Weather Station 6690-22 \u00e4r en kombination av h\u00f6gkvalitativa m\u00e4tinstrument med en klassisk form. Stationen inneh\u00e5ller en barometer, hygrometer och termometer. Enheten \u00e4r tillverkad av det v\u00e4lk\u00e4nda tyska f\u00f6retaget Fisher, som har utm\u00e4rkt sig inom m\u00e4tinstrumentbranschen i mer \u00e4n 70 \u00e5r. &nbsp; M\u00e4tinstrumenten \u00e4r placerade i en diamantslipad m\u00e4ssingsram . Enhetens bas \u00e4r tillverkad av mahognyf\u00e4rgat tr\u00e4. Den klassiska kombinationen av mahognytr\u00e4 och m\u00e4ssingsdetaljer ger den en sofistikerad karakt\u00e4r som passar perfekt i interi\u00f6rer i kabinett-, klassisk eller kolonialstil . Tack vare sin estetik \u00e4r den inte bara en praktisk enhet, utan ocks\u00e5 ett unikt dekorativt element. &nbsp;&nbsp;&nbsp; Produktinformation: &nbsp; Tillverkare : Fischer M\u00e5tt : 39 x 11,5 cm Material : m\u00e4ssing, tr\u00e4 Ytbehandling : mahogny Anv\u00e4ndningsomr\u00e5de : inomhus Barometerns m\u00e4tnoggrannhet : &plusmn; 3 hPa Hygrometerns m\u00e4tnoggrannhet : &plusmn; 5 % r.h. (20 &#8230; 100 %), + 1 graderingsskala Termometerns m\u00e4tnoggrannhet: \u00b1 1 K, + 1 graderingsskala &nbsp; &nbsp; Skalning av m\u00e4tinstrument &nbsp; Skalningen av barometern, termometern och hygrometern har utf\u00f6rts p\u00e5 fabriken. P\u00e5 grund av starka st\u00f6tar kan det dock bli n\u00f6dv\u00e4ndigt med en ny justering. F\u00f6r att g\u00f6ra detta f\u00f6r barometern och hygrometern, anv\u00e4nd en skruvmejsel och justera skruven p\u00e5 baksidan av enheten enligt rekommendationerna i den medf\u00f6ljande manualen. F\u00f6r termometern, om kvicksilverkolonnen har spruckit, kan det hj\u00e4lpa att skaka den kraftigt n\u00e5gra g\u00e5nger. Tack vare v\u00e4derstationen kan du kontrollera vissa v\u00e4derf\u00f6rh\u00e5llanden i ditt hem och ta hand om din h\u00e4lsa. F\u00f6r att avl\u00e4sningen av v\u00e4rdena ska bli s\u00e5 exakt som m\u00f6jligt, undvik att placera v\u00e4derstationen n\u00e4ra spisen eller elementet. Se ocks\u00e5 till att den inte uts\u00e4tts f\u00f6r solljus under f\u00f6r l\u00e5ng tid, eftersom detta kan st\u00f6ra dess funktion. &nbsp;<\/p>\n","protected":false},"excerpt":{"rendered":"<p>V\u00e4derstation \u2013 barometer, termometer, hygrometer \u2013 6690-22&nbsp; Fisher Weather Station 6690-22 \u00e4r en kombination av h\u00f6gkvalitativa m\u00e4tinstrument med en klassisk form. Stationen inneh\u00e5ller en barometer, hygrometer och termometer. Enheten \u00e4r tillverkad av det v\u00e4lk\u00e4nda tyska f\u00f6retaget Fisher, som har utm\u00e4rkt sig inom m\u00e4tinstrumentbranschen i mer \u00e4n 70 \u00e5r. &nbsp; M\u00e4tinstrumenten \u00e4r placerade i en diamantslipad [&hellip;]<\/p>\n","protected":false},"featured_media":45032,"comment_status":"open","ping_status":"closed","template":"","meta":[],"product_brand":[],"product_cat":[33],"product_tag":[],"class_list":{"0":"post-17918","1":"product","2":"type-product","3":"status-publish","4":"has-post-thumbnail","6":"product_cat-okategoriserad","8":"first","9":"instock","10":"shipping-taxable","11":"purchasable","12":"product-type-simple"},"_links":{"self":[{"href":"https:\/\/nordicmart.andreevmaster.com\/sv\/wp-json\/wp\/v2\/product\/17918","targetHints":{"allow":["GET"]}}],"collection":[{"href":"https:\/\/nordicmart.andreevmaster.com\/sv\/wp-json\/wp\/v2\/product"}],"about":[{"href":"https:\/\/nordicmart.andreevmaster.com\/sv\/wp-json\/wp\/v2\/types\/product"}],"replies":[{"embeddable":true,"href":"https:\/\/nordicmart.andreevmaster.com\/sv\/wp-json\/wp\/v2\/comments?post=17918"}],"wp:featuredmedia":[{"embeddable":true,"href":"https:\/\/nordicmart.andreevmaster.com\/sv\/wp-json\/wp\/v2\/media\/45032"}],"wp:attachment":[{"href":"https:\/\/nordicmart.andreevmaster.com\/sv\/wp-json\/wp\/v2\/media?parent=17918"}],"wp:term":[{"taxonomy":"product_brand","embeddable":true,"href":"https:\/\/nordicmart.andreevmaster.com\/sv\/wp-json\/wp\/v2\/product_brand?post=17918"},{"taxonomy":"product_cat","embeddable":true,"href":"https:\/\/nordicmart.andreevmaster.com\/sv\/wp-json\/wp\/v2\/product_cat?post=17918"},{"taxonomy":"product_tag","embeddable":true,"href":"https:\/\/nordicmart.andreevmaster.com\/sv\/wp-json\/wp\/v2\/product_tag?post=17918"}],"curies":[{"name":"wp","href":"https:\/\/api.w.org\/{rel}","templated":true}]}}