{"id":17917,"date":"2026-02-27T00:37:14","date_gmt":"2026-02-27T00:37:14","guid":{"rendered":"https:\/\/nordicmart.andreevmaster.com\/product\/vaderstation-fischer-9103-22-001\/"},"modified":"2026-02-27T08:26:22","modified_gmt":"2026-02-27T08:26:22","slug":"vaderstation-fischer-9103-22-001","status":"publish","type":"product","link":"https:\/\/nordicmart.andreevmaster.com\/sv\/produkt\/vaderstation-fischer-9103-22-001\/","title":{"rendered":"V\u00e4derstation &#8211; Fischer &#8211; 9103-22-001"},"content":{"rendered":"<p>&nbsp;V\u00e4derstation &#8211; Fischer &#8211; 9103-22-001&nbsp;Vi presenterar en elegant och mycket noggrann v\u00e4derstation tillverkad av det tyska f\u00f6retaget Fischer. Satsen inneh\u00e5ller en barometer, en hygrometer och en termometer. Tack vare Fisher v\u00e4derstation kan du ha kontroll \u00f6ver mikroklimatet i ditt hem. Barometern g\u00f6r det m\u00f6jligt att observera tryckfall och tryckstegringar. Hygrometern visar luftfuktigheten i ditt hem och du kan avl\u00e4sa temperaturen p\u00e5 termometern. Allt detta i en mycket klassisk och elegant utg\u00e5va. Instrumenten i m\u00e4ssingsram \u00e4r placerade p\u00e5 en m\u00f6rk tr\u00e4bas. Instrumentens vita, eleganta urtavlor kontrasterar mot den m\u00f6rka fonten och tr\u00e4ramarna. Denna hemv\u00e4derstation passar utm\u00e4rkt i rum inredda i engelsk, kontors- och kolonialstil. Enheten kan h\u00e4ngas horisontellt eller vertikalt efter att man vridit p\u00e5 f\u00e4stena. Det \u00e4r en h\u00f6gkvalitativ produkt tillverkad av det renommade f\u00f6retaget Fischer. F\u00f6retaget Fischer grundades 1945 i Drebach, Tyskland, och har sedan dess tillverkat barometrar, hygrometrar och termometrar d\u00e4r. Det har \u00f6ver 70 \u00e5rs erfarenhet inom denna bransch. Idag \u00e4r Fischer en v\u00e4lk\u00e4nd och respekterad leverant\u00f6r av h\u00f6gkvalitativa produkter. Alla produkter \u00e4r handgjorda exklusivt i Erzgebirge i Tyskland. M\u00e5tt: L\u00e4ngd 28 cm H\u00f6jd 12 cm Barometerns diameter 10 cm Termometerns och hygrometerns diameter 6,5 cm. Observera! Skalningen av barometern, termometern och hygrometern utf\u00f6rdes p\u00e5 fabriken. P\u00e5 grund av t.ex. kraftiga st\u00f6tar kan det dock bli n\u00f6dv\u00e4ndigt med en ny kalibrering. F\u00f6r att g\u00f6ra detta, anv\u00e4nd en skruvmejsel och justera skruven p\u00e5 baksidan av enheten enligt anvisningarna i den medf\u00f6ljande manualen. N\u00e4r det g\u00e4ller termometern kan den repareras genom att rycka kraftigt i kvicksilverkolonnen flera g\u00e5nger om den har g\u00e5tt s\u00f6nder.<\/p>\n","protected":false},"excerpt":{"rendered":"<p>&nbsp;V\u00e4derstation &#8211; Fischer &#8211; 9103-22-001&nbsp;Vi presenterar en elegant och mycket noggrann v\u00e4derstation tillverkad av det tyska f\u00f6retaget Fischer. Satsen inneh\u00e5ller en barometer, en hygrometer och en termometer. Tack vare Fisher v\u00e4derstation kan du ha kontroll \u00f6ver mikroklimatet i ditt hem. Barometern g\u00f6r det m\u00f6jligt att observera tryckfall och tryckstegringar. Hygrometern visar luftfuktigheten i ditt hem [&hellip;]<\/p>\n","protected":false},"featured_media":45031,"comment_status":"open","ping_status":"closed","template":"","meta":[],"product_brand":[],"product_cat":[33],"product_tag":[],"class_list":{"0":"post-17917","1":"product","2":"type-product","3":"status-publish","4":"has-post-thumbnail","6":"product_cat-okategoriserad","8":"first","9":"instock","10":"shipping-taxable","11":"purchasable","12":"product-type-simple"},"_links":{"self":[{"href":"https:\/\/nordicmart.andreevmaster.com\/sv\/wp-json\/wp\/v2\/product\/17917","targetHints":{"allow":["GET"]}}],"collection":[{"href":"https:\/\/nordicmart.andreevmaster.com\/sv\/wp-json\/wp\/v2\/product"}],"about":[{"href":"https:\/\/nordicmart.andreevmaster.com\/sv\/wp-json\/wp\/v2\/types\/product"}],"replies":[{"embeddable":true,"href":"https:\/\/nordicmart.andreevmaster.com\/sv\/wp-json\/wp\/v2\/comments?post=17917"}],"wp:featuredmedia":[{"embeddable":true,"href":"https:\/\/nordicmart.andreevmaster.com\/sv\/wp-json\/wp\/v2\/media\/45031"}],"wp:attachment":[{"href":"https:\/\/nordicmart.andreevmaster.com\/sv\/wp-json\/wp\/v2\/media?parent=17917"}],"wp:term":[{"taxonomy":"product_brand","embeddable":true,"href":"https:\/\/nordicmart.andreevmaster.com\/sv\/wp-json\/wp\/v2\/product_brand?post=17917"},{"taxonomy":"product_cat","embeddable":true,"href":"https:\/\/nordicmart.andreevmaster.com\/sv\/wp-json\/wp\/v2\/product_cat?post=17917"},{"taxonomy":"product_tag","embeddable":true,"href":"https:\/\/nordicmart.andreevmaster.com\/sv\/wp-json\/wp\/v2\/product_tag?post=17917"}],"curies":[{"name":"wp","href":"https:\/\/api.w.org\/{rel}","templated":true}]}}