{"id":17916,"date":"2026-02-27T00:37:13","date_gmt":"2026-02-27T00:37:13","guid":{"rendered":"https:\/\/nordicmart.andreevmaster.com\/product\/themis-present-till-en-advokat-mc-90205\/"},"modified":"2026-02-27T08:26:22","modified_gmt":"2026-02-27T08:26:22","slug":"themis-present-till-en-advokat-mc-90205","status":"publish","type":"product","link":"https:\/\/nordicmart.andreevmaster.com\/sv\/produkt\/themis-present-till-en-advokat-mc-90205\/","title":{"rendered":"Themis &#8211; Present till en advokat &#8211; MC-90205"},"content":{"rendered":"<p>Themis \u2013 Present till en advokat \u2013 MC-90205&nbsp;&nbsp;&nbsp;Themis \u00e4r en av de mest popul\u00e4ra symbolerna i den juridiska v\u00e4rlden. Gudinnans statyett \u00e4r en perfekt present till en advokat eller domare. Den passar utm\u00e4rkt som dekoration i en advokatbyr\u00e5 eller domares kontor. Figuren \u00e4r vit med gulddetaljer i form av en \u00f6gonlapp, en v\u00e5g och ett sv\u00e4rd.&nbsp;Themis \u2013 symbol f\u00f6r lag och r\u00e4ttvisa. Enligt grekisk mytologi var Temida en gudinna och personifieringen av r\u00e4ttvisa, lag och evig ordning. Den karakteristiska \u00f6gonlappen p\u00e5 Themis \u00f6gon \u00e4r en symbol f\u00f6r opartiskhet. Themis avbildas ocks\u00e5 med tre andra attribut: en v\u00e5g p\u00e5 vilken hon v\u00e4ger de d\u00f6mdas goda och onda g\u00e4rningar, ett sv\u00e4rd som symboliserar \u00f6nskan att avsk\u00e4ra stridigheter och skydda gudinnan sj\u00e4lv, och en orm under f\u00f6tterna som speglar segern \u00f6ver det onda. Produktinformation: M\u00e5tt: 35 x 14 x 12 cm Material: polyresin (hartskonglomerat)Handm\u00e5ladF\u00e4rg: vit, guld&nbsp;Figuren av Themis passar perfekt som:&nbsp;Present till en advokatPresent till en juriststudentPresent till en domareDekoration f\u00f6r en advokatbyr\u00e5Dekoration f\u00f6r en domares kontor&nbsp;<\/p>\n","protected":false},"excerpt":{"rendered":"<p>Themis \u2013 Present till en advokat \u2013 MC-90205&nbsp;&nbsp;&nbsp;Themis \u00e4r en av de mest popul\u00e4ra symbolerna i den juridiska v\u00e4rlden. Gudinnans statyett \u00e4r en perfekt present till en advokat eller domare. Den passar utm\u00e4rkt som dekoration i en advokatbyr\u00e5 eller domares kontor. Figuren \u00e4r vit med gulddetaljer i form av en \u00f6gonlapp, en v\u00e5g och ett [&hellip;]<\/p>\n","protected":false},"featured_media":45030,"comment_status":"open","ping_status":"closed","template":"","meta":[],"product_brand":[],"product_cat":[33],"product_tag":[],"class_list":{"0":"post-17916","1":"product","2":"type-product","3":"status-publish","4":"has-post-thumbnail","6":"product_cat-okategoriserad","8":"first","9":"instock","10":"shipping-taxable","11":"purchasable","12":"product-type-simple"},"_links":{"self":[{"href":"https:\/\/nordicmart.andreevmaster.com\/sv\/wp-json\/wp\/v2\/product\/17916","targetHints":{"allow":["GET"]}}],"collection":[{"href":"https:\/\/nordicmart.andreevmaster.com\/sv\/wp-json\/wp\/v2\/product"}],"about":[{"href":"https:\/\/nordicmart.andreevmaster.com\/sv\/wp-json\/wp\/v2\/types\/product"}],"replies":[{"embeddable":true,"href":"https:\/\/nordicmart.andreevmaster.com\/sv\/wp-json\/wp\/v2\/comments?post=17916"}],"wp:featuredmedia":[{"embeddable":true,"href":"https:\/\/nordicmart.andreevmaster.com\/sv\/wp-json\/wp\/v2\/media\/45030"}],"wp:attachment":[{"href":"https:\/\/nordicmart.andreevmaster.com\/sv\/wp-json\/wp\/v2\/media?parent=17916"}],"wp:term":[{"taxonomy":"product_brand","embeddable":true,"href":"https:\/\/nordicmart.andreevmaster.com\/sv\/wp-json\/wp\/v2\/product_brand?post=17916"},{"taxonomy":"product_cat","embeddable":true,"href":"https:\/\/nordicmart.andreevmaster.com\/sv\/wp-json\/wp\/v2\/product_cat?post=17916"},{"taxonomy":"product_tag","embeddable":true,"href":"https:\/\/nordicmart.andreevmaster.com\/sv\/wp-json\/wp\/v2\/product_tag?post=17916"}],"curies":[{"name":"wp","href":"https:\/\/api.w.org\/{rel}","templated":true}]}}