{"id":17915,"date":"2026-02-27T00:37:13","date_gmt":"2026-02-27T00:37:13","guid":{"rendered":"https:\/\/nordicmart.andreevmaster.com\/product\/arkeangeln-mikael-dekorativ-figur-mc-90181\/"},"modified":"2026-02-27T08:26:21","modified_gmt":"2026-02-27T08:26:21","slug":"arkeangeln-mikael-dekorativ-figur-mc-90181","status":"publish","type":"product","link":"https:\/\/nordicmart.andreevmaster.com\/sv\/produkt\/arkeangeln-mikael-dekorativ-figur-mc-90181\/","title":{"rendered":"\u00c4rke\u00e4ngeln Mikael \u2013 dekorativ figur \u2013 MC-90181"},"content":{"rendered":"<p>\u00c4rke\u00e4ngeln Mikael \u2013 dekorativ figur \u2013 MC-90181&nbsp;&nbsp;Denna originella figur visar det avg\u00f6rande \u00f6gonblicket i striden mellan \u00e4rke\u00e4ngeln Mikael och Lucifer. Mikael, som symbol f\u00f6r ljus och godhet, segrar \u00f6ver de fallna \u00e4nglarna. Den dynamiska kompositionen och det detaljerade hantverket g\u00f6r denna figur till ett fantastiskt dekorativt inslag. Tillverkad av h\u00f6gkvalitativ polyresin.&nbsp;\u00c4rke\u00e4ngeln Mikael \u00e4r en av de mest k\u00e4nda figurerna inom religion och konst. Hans bild, som ofta avbildas i kamp mot demoner, b\u00e4r p\u00e5 en djup symbolik. Mikael \u00e4r sinnebilden av styrka, mod och lojalitet mot Gud. Som ledare f\u00f6r en arm\u00e9 av \u00e4nglar symboliserar han det godas seger \u00f6ver det onda. Hans sv\u00e4rd \u00e4r ett attribut f\u00f6r makt och r\u00e4ttvisa, och v\u00e5gen han ofta h\u00e5ller symboliserar den slutliga domen och v\u00e4gningen av m\u00e4nniskans g\u00e4rningar.&nbsp;&nbsp;Produktinformation:&nbsp;M\u00e5tt: H\u00f6jd 13 cm, bredd 12 cm, djup 5 cm.Vikt: 0,72 kgMaterial: polyresinF\u00e4rg: guld, bruna nyanser&nbsp;<\/p>\n","protected":false},"excerpt":{"rendered":"<p>\u00c4rke\u00e4ngeln Mikael \u2013 dekorativ figur \u2013 MC-90181&nbsp;&nbsp;Denna originella figur visar det avg\u00f6rande \u00f6gonblicket i striden mellan \u00e4rke\u00e4ngeln Mikael och Lucifer. Mikael, som symbol f\u00f6r ljus och godhet, segrar \u00f6ver de fallna \u00e4nglarna. Den dynamiska kompositionen och det detaljerade hantverket g\u00f6r denna figur till ett fantastiskt dekorativt inslag. Tillverkad av h\u00f6gkvalitativ polyresin.&nbsp;\u00c4rke\u00e4ngeln Mikael \u00e4r en av [&hellip;]<\/p>\n","protected":false},"featured_media":45029,"comment_status":"open","ping_status":"closed","template":"","meta":[],"product_brand":[],"product_cat":[33],"product_tag":[],"class_list":{"0":"post-17915","1":"product","2":"type-product","3":"status-publish","4":"has-post-thumbnail","6":"product_cat-okategoriserad","8":"first","9":"instock","10":"shipping-taxable","11":"purchasable","12":"product-type-simple"},"_links":{"self":[{"href":"https:\/\/nordicmart.andreevmaster.com\/sv\/wp-json\/wp\/v2\/product\/17915","targetHints":{"allow":["GET"]}}],"collection":[{"href":"https:\/\/nordicmart.andreevmaster.com\/sv\/wp-json\/wp\/v2\/product"}],"about":[{"href":"https:\/\/nordicmart.andreevmaster.com\/sv\/wp-json\/wp\/v2\/types\/product"}],"replies":[{"embeddable":true,"href":"https:\/\/nordicmart.andreevmaster.com\/sv\/wp-json\/wp\/v2\/comments?post=17915"}],"wp:featuredmedia":[{"embeddable":true,"href":"https:\/\/nordicmart.andreevmaster.com\/sv\/wp-json\/wp\/v2\/media\/45029"}],"wp:attachment":[{"href":"https:\/\/nordicmart.andreevmaster.com\/sv\/wp-json\/wp\/v2\/media?parent=17915"}],"wp:term":[{"taxonomy":"product_brand","embeddable":true,"href":"https:\/\/nordicmart.andreevmaster.com\/sv\/wp-json\/wp\/v2\/product_brand?post=17915"},{"taxonomy":"product_cat","embeddable":true,"href":"https:\/\/nordicmart.andreevmaster.com\/sv\/wp-json\/wp\/v2\/product_cat?post=17915"},{"taxonomy":"product_tag","embeddable":true,"href":"https:\/\/nordicmart.andreevmaster.com\/sv\/wp-json\/wp\/v2\/product_tag?post=17915"}],"curies":[{"name":"wp","href":"https:\/\/api.w.org\/{rel}","templated":true}]}}