{"id":17914,"date":"2026-02-27T00:37:13","date_gmt":"2026-02-27T00:37:13","guid":{"rendered":"https:\/\/nordicmart.andreevmaster.com\/product\/falk-maurice-akleksak-traktor-rod-akleksak-med-forvaringsfack-fran-1-ar\/"},"modified":"2026-02-27T08:26:21","modified_gmt":"2026-02-27T08:26:21","slug":"falk-maurice-akleksak-traktor-rod-akleksak-med-forvaringsfack-fran-1-ar","status":"publish","type":"product","link":"https:\/\/nordicmart.andreevmaster.com\/sv\/produkt\/falk-maurice-akleksak-traktor-rod-akleksak-med-forvaringsfack-fran-1-ar\/","title":{"rendered":"FALK Maurice \u00e5kleksak traktor r\u00f6d \u00e5kleksak med f\u00f6rvaringsfack Fr\u00e5n 1 \u00e5r"},"content":{"rendered":"<p>Maurice \u00e4r en charmig traktor fr\u00e5n det franska m\u00e4rket Falk som kommer att f\u00f6lja ditt barns f\u00f6rsta steg. Ljusa f\u00e4rger och rundade former kommer att gl\u00e4dja alla sm\u00e5barn. Att starta traktorn med en liten ljudknapp och ljudet av en tuta p\u00e5 ratten \u00e4r en bra f\u00f6rsta lektion som stimulerar ditt barns motorik och h\u00f6rsel. Genom att \u00e5ka p\u00e5 leksaken, leka med ratten med tuta och vrida p\u00e5 hjulen tr\u00e4nar ditt barn koordination och balans. St\u00e5ende bakom leksaken kan de anv\u00e4nda det ergonomiska ryggst\u00f6det f\u00f6r att l\u00e4ra sig g\u00e5 genom lek, utan r\u00e4dsla och i fullst\u00e4ndig s\u00e4kerhet. Under s\u00e4tet finns ett litet f\u00f6rvaringsfack f\u00f6r att f\u00f6rvara skatter.<\/p>\n<p>Egenskaper:<\/p>\n<p>&#8211; F\u00f6r barn fr\u00e5n 12 m\u00e5nader &#8211; Leksaken fungerar som en skjutleksak och hj\u00e4lper barn att l\u00e4ra sig g\u00e5 &#8211; Utrustad med ratt med tuta &#8211; Bekv\u00e4mt s\u00e4te med f\u00f6rvaringsutrymme f\u00f6r sm\u00e5 f\u00f6rem\u00e5l &#8211; Ryggst\u00f6d med handtag som barnet kan h\u00e5lla i &#8211; Speciella flikar fram och bak f\u00f6r att f\u00f6rhindra att leksaken v\u00e4lter &#8211; Sitsh\u00f6jd fr\u00e5n golvet: 23 cm &#8211; Handtagets h\u00f6jd: 46 cm &#8211; Tillverkad av 80 % \u00e5tervunnen plast<\/p>\n<p>Satsen inneh\u00e5ller:<\/p>\n<p>&#8211; Maurice traktor &#8211; skjutleksak<\/p>\n<p>Leksaken utvecklar:<\/p>\n<p>&#8211; Motorik &#8211; Balans &#8211; Motorisk koordination &#8211; Sj\u00e4lvst\u00e4ndighet<\/p>\n","protected":false},"excerpt":{"rendered":"<p>Maurice \u00e4r en charmig traktor fr\u00e5n det franska m\u00e4rket Falk som kommer att f\u00f6lja ditt barns f\u00f6rsta steg. Ljusa f\u00e4rger och rundade former kommer att gl\u00e4dja alla sm\u00e5barn. Att starta traktorn med en liten ljudknapp och ljudet av en tuta p\u00e5 ratten \u00e4r en bra f\u00f6rsta lektion som stimulerar ditt barns motorik och h\u00f6rsel. Genom [&hellip;]<\/p>\n","protected":false},"featured_media":0,"comment_status":"open","ping_status":"closed","template":"","meta":[],"product_brand":[],"product_cat":[33],"product_tag":[],"class_list":{"0":"post-17914","1":"product","2":"type-product","3":"status-publish","5":"product_cat-okategoriserad","7":"first","8":"instock","9":"shipping-taxable","10":"purchasable","11":"product-type-simple"},"_links":{"self":[{"href":"https:\/\/nordicmart.andreevmaster.com\/sv\/wp-json\/wp\/v2\/product\/17914","targetHints":{"allow":["GET"]}}],"collection":[{"href":"https:\/\/nordicmart.andreevmaster.com\/sv\/wp-json\/wp\/v2\/product"}],"about":[{"href":"https:\/\/nordicmart.andreevmaster.com\/sv\/wp-json\/wp\/v2\/types\/product"}],"replies":[{"embeddable":true,"href":"https:\/\/nordicmart.andreevmaster.com\/sv\/wp-json\/wp\/v2\/comments?post=17914"}],"wp:attachment":[{"href":"https:\/\/nordicmart.andreevmaster.com\/sv\/wp-json\/wp\/v2\/media?parent=17914"}],"wp:term":[{"taxonomy":"product_brand","embeddable":true,"href":"https:\/\/nordicmart.andreevmaster.com\/sv\/wp-json\/wp\/v2\/product_brand?post=17914"},{"taxonomy":"product_cat","embeddable":true,"href":"https:\/\/nordicmart.andreevmaster.com\/sv\/wp-json\/wp\/v2\/product_cat?post=17914"},{"taxonomy":"product_tag","embeddable":true,"href":"https:\/\/nordicmart.andreevmaster.com\/sv\/wp-json\/wp\/v2\/product_tag?post=17914"}],"curies":[{"name":"wp","href":"https:\/\/api.w.org\/{rel}","templated":true}]}}