{"id":17913,"date":"2026-02-27T00:37:13","date_gmt":"2026-02-27T00:37:13","guid":{"rendered":"https:\/\/nordicmart.andreevmaster.com\/product\/dinosaur-park-water-table-step-2-water-sandbox-fountain-2\/"},"modified":"2026-02-27T08:26:21","modified_gmt":"2026-02-27T08:26:21","slug":"dinosaur-park-water-table-step-2-water-sandbox-fountain-2","status":"publish","type":"product","link":"https:\/\/nordicmart.andreevmaster.com\/sv\/produkt\/dinosaur-park-water-table-step-2-water-sandbox-fountain-2\/","title":{"rendered":"Dinosaur Park Water Table Step 2 Water Sandbox Fountain"},"content":{"rendered":"<p>Dinosaur Park Adventure f\u00f6r sm\u00e5 uppt\u00e4cktsresande \u00e4r en exklusiv Step2-produkt som ger timmar av lekgl\u00e4dje utomhus. Detta stabila vattenbord med tv\u00e5 fack f\u00f6r sm\u00e5 \u00e4lskare av f\u00f6rhistorisk tid \u00e4r utrustat med en stor sandl\u00e5da och en pool. <\/p>\n<p>Funktioner: <\/p>\n<p>* &#8211; 2-i-1-vattenbordet och sandl\u00e5dan \u00e4r ett utm\u00e4rkt tillskott till alla lekplatser i tr\u00e4dg\u00e5rden.<br \/>\n* &#8211; Det stabila vattenbordet med tv\u00e5 fack f\u00f6r sm\u00e5 \u00e4lskare av f\u00f6rhistorisk tid \u00e4r utrustat med en stor sandl\u00e5da och en pool.<br \/>\n* &#8211; Tillbeh\u00f6r ing\u00e5r f\u00f6r att g\u00f6ra vattenleken mer varierad!<br \/>\n* &#8211; Det finns en dr\u00e4neringsplugg i botten, vilket g\u00f6r det enkelt att t\u00f6mma tanken efter lektiden.* &#8211; I mitten finns en realistisk palmtr\u00e4d och en vulkan, som ocks\u00e5 fungerar som ett lock f\u00f6r sandl\u00e5dan. * &#8211; Vattenbordet levereras med 7 olika tillbeh\u00f6r, inklusive flytande dinosauriefigurer, en spade och vattenbeh\u00e5llare, som f\u00f6rb\u00e4ttrar ditt barns motorik och stimulerar fantasin. Step2 \u2013 kvalitet f\u00f6rst, fantastiska leksaker sedan! Om du letar efter kvalitet och s\u00e4kerhet n\u00e4r du v\u00e4ljer leksaker till ditt barn, kommer hela sortimentet av fantastiska leksaker fr\u00e5n det amerikanska f\u00f6retaget Step2 s\u00e4kert att uppfylla f\u00f6rv\u00e4ntningarna hos barn, f\u00f6r\u00e4ldrar, daghem, f\u00f6rskolor och andra utbildningsinstitutioner. Step2 har tillverkat de b\u00e4sta leksakerna i USA i \u00e5rtionden! Sortimentet omfattar sandl\u00e5dor, tr\u00e4dg\u00e5rdshus, lekplatser, verkst\u00e4der, \u00e5kleksaker, k\u00f6k och barnm\u00f6bler.<\/p>\n","protected":false},"excerpt":{"rendered":"<p>Dinosaur Park Adventure f\u00f6r sm\u00e5 uppt\u00e4cktsresande \u00e4r en exklusiv Step2-produkt som ger timmar av lekgl\u00e4dje utomhus. Detta stabila vattenbord med tv\u00e5 fack f\u00f6r sm\u00e5 \u00e4lskare av f\u00f6rhistorisk tid \u00e4r utrustat med en stor sandl\u00e5da och en pool. Funktioner: * &#8211; 2-i-1-vattenbordet och sandl\u00e5dan \u00e4r ett utm\u00e4rkt tillskott till alla lekplatser i tr\u00e4dg\u00e5rden. * &#8211; Det [&hellip;]<\/p>\n","protected":false},"featured_media":0,"comment_status":"open","ping_status":"closed","template":"","meta":[],"product_brand":[],"product_cat":[33],"product_tag":[],"class_list":{"0":"post-17913","1":"product","2":"type-product","3":"status-publish","5":"product_cat-okategoriserad","7":"first","8":"instock","9":"shipping-taxable","10":"purchasable","11":"product-type-simple"},"_links":{"self":[{"href":"https:\/\/nordicmart.andreevmaster.com\/sv\/wp-json\/wp\/v2\/product\/17913","targetHints":{"allow":["GET"]}}],"collection":[{"href":"https:\/\/nordicmart.andreevmaster.com\/sv\/wp-json\/wp\/v2\/product"}],"about":[{"href":"https:\/\/nordicmart.andreevmaster.com\/sv\/wp-json\/wp\/v2\/types\/product"}],"replies":[{"embeddable":true,"href":"https:\/\/nordicmart.andreevmaster.com\/sv\/wp-json\/wp\/v2\/comments?post=17913"}],"wp:attachment":[{"href":"https:\/\/nordicmart.andreevmaster.com\/sv\/wp-json\/wp\/v2\/media?parent=17913"}],"wp:term":[{"taxonomy":"product_brand","embeddable":true,"href":"https:\/\/nordicmart.andreevmaster.com\/sv\/wp-json\/wp\/v2\/product_brand?post=17913"},{"taxonomy":"product_cat","embeddable":true,"href":"https:\/\/nordicmart.andreevmaster.com\/sv\/wp-json\/wp\/v2\/product_cat?post=17913"},{"taxonomy":"product_tag","embeddable":true,"href":"https:\/\/nordicmart.andreevmaster.com\/sv\/wp-json\/wp\/v2\/product_tag?post=17913"}],"curies":[{"name":"wp","href":"https:\/\/api.w.org\/{rel}","templated":true}]}}